{"id":996,"date":"2022-08-10T12:34:30","date_gmt":"2022-08-10T12:34:30","guid":{"rendered":"https:\/\/adamtransport.com\/hu\/?page_id=996"},"modified":"2023-03-02T14:23:22","modified_gmt":"2023-03-02T14:23:22","slug":"karrier","status":"publish","type":"page","link":"https:\/\/adamtransport.com\/hu\/karrier","title":{"rendered":"Karrier"},"content":{"rendered":"\t\t<div data-elementor-type=\"wp-page\" data-elementor-id=\"996\" class=\"elementor elementor-996\" data-elementor-post-type=\"page\">\n\t\t\t\t<div class=\"elementor-element elementor-element-5f4045e4 e-flex e-con-boxed e-con e-parent\" data-id=\"5f4045e4\" data-element_type=\"container\" data-settings=\"{&quot;background_background&quot;:&quot;classic&quot;,&quot;jet_parallax_layout_list&quot;:[]}\">\n\t\t\t\t\t<div class=\"e-con-inner\">\n\t\t<div class=\"elementor-element elementor-element-46bccb71 e-con-full animated-slow e-flex elementor-invisible e-con e-parent\" data-id=\"46bccb71\" data-element_type=\"container\" data-settings=\"{&quot;jet_parallax_layout_list&quot;:[],&quot;background_background&quot;:&quot;classic&quot;,&quot;animation&quot;:&quot;fadeInLeft&quot;}\">\n\t\t\t\t<div class=\"elementor-element elementor-element-74a23da4 elementor-widget elementor-widget-heading\" data-id=\"74a23da4\" data-element_type=\"widget\" data-widget_type=\"heading.default\">\n\t\t\t\t<div class=\"elementor-widget-container\">\n\t\t\t\t\t<h2 class=\"elementor-heading-title elementor-size-default\">Karrier<\/h2>\t\t\t\t<\/div>\n\t\t\t\t<\/div>\n\t\t\t\t<div class=\"elementor-element elementor-element-2f88408d elementor-widget elementor-widget-image\" data-id=\"2f88408d\" data-element_type=\"widget\" data-widget_type=\"image.default\">\n\t\t\t\t<div class=\"elementor-widget-container\">\n\t\t\t\t\t\t\t\t\t\t\t\t\t\t\t<img fetchpriority=\"high\" decoding=\"async\" width=\"640\" height=\"640\" src=\"https:\/\/adamtransport.com\/hu\/wp-content\/uploads\/2023\/02\/reception.gif\" class=\"attachment-large size-large wp-image-1531\" alt=\"\" \/>\t\t\t\t\t\t\t\t\t\t\t\t\t\t\t<\/div>\n\t\t\t\t<\/div>\n\t\t\t\t<div class=\"elementor-element elementor-element-127f26b2 elementor-widget elementor-widget-text-editor\" data-id=\"127f26b2\" data-element_type=\"widget\" data-widget_type=\"text-editor.default\">\n\t\t\t\t<div class=\"elementor-widget-container\">\n\t\t\t\t\t\t\t\t\t<h1 style=\"font-weight: 400;\"><strong><span style=\"font-size: 18pt;\">Kedves Leend\u0151 Munkat\u00e1rsunk!<\/span><\/strong><\/h1><p style=\"font-weight: 400;\">K\u00f6sz\u00f6nt\u00fcnk az ADAM TRANSPORT karrier oldal\u00e1n.<\/p><p style=\"font-weight: 400;\">Tudnod kell, hogy C\u00e9g\u00fcnkn\u00e9l folyamatosan keress\u00fck az innovat\u00edv megold\u00e1sokat, ez\u00e9rt fontos sz\u00e1munkra a kreativit\u00e1s, \u00e9s az a gondolkod\u00e1sm\u00f3d, amikor az \u00fajra t\u00f6reksz\u00fcnk.<\/p><p style=\"font-weight: 400;\">Mind a munk\u00e1nk, mind pedig a csapatunk is soksz\u00edn\u0171. J\u00f3 hangulatban telnek a napjaink, ami nagyon sokat jelent sz\u00e1munkra; vigy\u00e1zunk erre az \u00e9rt\u00e9kre \u00e9s folyamatosan \u00e1poljuk is.<\/p>\t\t\t\t\t\t\t\t<\/div>\n\t\t\t\t<\/div>\n\t\t\t\t<\/div>\n\t\t<div class=\"elementor-element elementor-element-2ace3aa3 e-con-full animated-slow e-flex elementor-invisible e-con e-parent\" data-id=\"2ace3aa3\" data-element_type=\"container\" data-settings=\"{&quot;background_background&quot;:&quot;classic&quot;,&quot;jet_parallax_layout_list&quot;:[],&quot;animation&quot;:&quot;fadeInRight&quot;}\">\n\t\t\t\t<div class=\"elementor-element elementor-element-6eef41d elementor-widget elementor-widget-text-editor\" data-id=\"6eef41d\" data-element_type=\"widget\" data-widget_type=\"text-editor.default\">\n\t\t\t\t<div class=\"elementor-widget-container\">\n\t\t\t\t\t\t\t\t\t<p>Jelenleg az al\u00e1bbi munkak\u00f6r\u00f6kbe keress\u00fck \u00faj koll\u00e9g\u00e1inkat. R\u00e9szletek\u00e9rt kattints az adott poz\u00edci\u00f3 nev\u00e9re.\u00a0<\/p><p><a href=\"https:\/\/adamtransport.com\/hu\/wp-content\/uploads\/2022\/08\/Sales-adminisztr\u00e1tor-\u00e1ll\u00e1shirdet\u00e9s_weblapra_r\u00f6vid.pdf\">Sales adminisztr\u00e1tor<\/a><br \/><a href=\"https:\/\/adamtransport.com\/hu\/wp-content\/uploads\/2022\/08\/Sales-\u00e1ll\u00e1shirdet\u00e9s_weblapra_r\u00f6vid.pdf\">Sales munkat\u00e1rs<\/a><\/p><p style=\"font-weight: 400;\">Amennyiben a fenti poz\u00edci\u00f3kban esetleg nem tudod elk\u00e9pzelni magad, azonban \u00e9rdekel a logisztika vil\u00e1ga \u00e9s sz\u00edvesen kipr\u00f3b\u00e1ln\u00e1d magad benne,\u00a0k\u00fcldd el \u00f6n\u00e9letrajzodat nek\u00fcnk a\u00a0<a href=\"mailto:judit@adamtransport.com\">judit@adamtransport.com<\/a> c\u00edmre \u00e9s felvessz\u00fck Veled a kapcsolatot!<\/p><p style=\"font-weight: 400;\">Ne nek\u00fcnk dolgozz, hanem vel\u00fcnk egy\u00fctt dolgozz a k\u00f6z\u00f6s sikerek\u00e9rt!<\/p><p style=\"font-weight: 400;\">B\u00edzunk benne, hogy miel\u0151bb szem\u00e9lyesen is tal\u00e1lkozhatunk!<\/p>\t\t\t\t\t\t\t\t<\/div>\n\t\t\t\t<\/div>\n\t\t\t\t<div class=\"elementor-element elementor-element-f96434f elementor-shape-circle elementor-grid-0 e-grid-align-center elementor-widget elementor-widget-social-icons\" data-id=\"f96434f\" data-element_type=\"widget\" data-widget_type=\"social-icons.default\">\n\t\t\t\t<div class=\"elementor-widget-container\">\n\t\t\t\t\t\t\t<div class=\"elementor-social-icons-wrapper elementor-grid\">\n\t\t\t\t\t\t\t<span class=\"elementor-grid-item\">\n\t\t\t\t\t<a class=\"elementor-icon elementor-social-icon elementor-social-icon-facebook elementor-repeater-item-6704c0a\" href=\"https:\/\/www.facebook.com\/AdamTransportServices\" target=\"_blank\">\n\t\t\t\t\t\t<span class=\"elementor-screen-only\">Facebook<\/span>\n\t\t\t\t\t\t<i class=\"fab fa-facebook\"><\/i>\t\t\t\t\t<\/a>\n\t\t\t\t<\/span>\n\t\t\t\t\t\t\t<span class=\"elementor-grid-item\">\n\t\t\t\t\t<a class=\"elementor-icon elementor-social-icon elementor-social-icon-linkedin elementor-repeater-item-335a9d2\" href=\"https:\/\/www.linkedin.com\/company\/adam-transport-serivces-kft\/about\/\" target=\"_blank\">\n\t\t\t\t\t\t<span class=\"elementor-screen-only\">Linkedin<\/span>\n\t\t\t\t\t\t<i class=\"fab fa-linkedin\"><\/i>\t\t\t\t\t<\/a>\n\t\t\t\t<\/span>\n\t\t\t\t\t<\/div>\n\t\t\t\t\t\t<\/div>\n\t\t\t\t<\/div>\n\t\t\t\t<\/div>\n\t\t\t\t\t<\/div>\n\t\t\t\t<\/div>\n\t\t\t\t<\/div>\n\t\t","protected":false},"excerpt":{"rendered":"<p>Karrier Kedves Leend\u0151 Munkat\u00e1rsunk! K\u00f6sz\u00f6nt\u00fcnk az ADAM TRANSPORT karrier oldal\u00e1n. Tudnod kell, hogy C\u00e9g\u00fcnkn\u00e9l folyamatosan keress\u00fck az innovat\u00edv megold\u00e1sokat, ez\u00e9rt fontos sz\u00e1munkra a kreativit\u00e1s, \u00e9s az a gondolkod\u00e1sm\u00f3d, amikor az \u00fajra t\u00f6reksz\u00fcnk. Mind a munk\u00e1nk, mind pedig a csapatunk is soksz\u00edn\u0171. J\u00f3 hangulatban telnek a napjaink, ami nagyon sokat jelent sz\u00e1munkra; vigy\u00e1zunk erre az \u00e9rt\u00e9kre [&hellip;]<\/p>\n","protected":false},"author":6,"featured_media":0,"parent":0,"menu_order":0,"comment_status":"closed","ping_status":"closed","template":"","meta":{"footnotes":""},"class_list":["post-996","page","type-page","status-publish","hentry"],"yoast_head":"<!-- This site is optimized with the Yoast SEO plugin v25.3 - https:\/\/yoast.com\/wordpress\/plugins\/seo\/ -->\n<title>Karrier - ATS Kft.<\/title>\n<meta name=\"description\" content=\"K\u00f6sz\u00f6nt\u00fcnk\u00a0az ADAM TRANSPORT\u00a0karrier oldal\u00e1n.\" \/>\n<meta name=\"robots\" content=\"index, follow, max-snippet:-1, max-image-preview:large, max-video-preview:-1\" \/>\n<link rel=\"canonical\" href=\"https:\/\/adamtransport.com\/hu\/karrier\" \/>\n<meta property=\"og:locale\" content=\"hu_HU\" \/>\n<meta property=\"og:type\" content=\"article\" \/>\n<meta property=\"og:title\" content=\"Karrier - ATS Kft.\" \/>\n<meta property=\"og:description\" content=\"K\u00f6sz\u00f6nt\u00fcnk\u00a0az ADAM TRANSPORT\u00a0karrier oldal\u00e1n.\" \/>\n<meta property=\"og:url\" content=\"https:\/\/adamtransport.com\/hu\/karrier\" \/>\n<meta property=\"og:site_name\" content=\"ATS Kft.\" \/>\n<meta property=\"article:modified_time\" content=\"2023-03-02T14:23:22+00:00\" \/>\n<meta property=\"og:image\" content=\"https:\/\/adamtransport.com\/hu\/wp-content\/uploads\/2023\/02\/reception.gif\" \/>\n<meta name=\"twitter:card\" content=\"summary_large_image\" \/>\n<meta name=\"twitter:label1\" content=\"Becs\u00fclt olvas\u00e1si id\u0151\" \/>\n\t<meta name=\"twitter:data1\" content=\"1 perc\" \/>\n<script type=\"application\/ld+json\" class=\"yoast-schema-graph\">{\"@context\":\"https:\/\/schema.org\",\"@graph\":[{\"@type\":\"WebPage\",\"@id\":\"https:\/\/adamtransport.com\/hu\/karrier\",\"url\":\"https:\/\/adamtransport.com\/hu\/karrier\",\"name\":\"Karrier - ATS Kft.\",\"isPartOf\":{\"@id\":\"https:\/\/adamtransport.com\/hu\/#website\"},\"primaryImageOfPage\":{\"@id\":\"https:\/\/adamtransport.com\/hu\/karrier#primaryimage\"},\"image\":{\"@id\":\"https:\/\/adamtransport.com\/hu\/karrier#primaryimage\"},\"thumbnailUrl\":\"https:\/\/adamtransport.com\/hu\/wp-content\/uploads\/2023\/02\/reception.gif\",\"datePublished\":\"2022-08-10T12:34:30+00:00\",\"dateModified\":\"2023-03-02T14:23:22+00:00\",\"description\":\"K\u00f6sz\u00f6nt\u00fcnk\u00a0az ADAM TRANSPORT\u00a0karrier oldal\u00e1n.\",\"breadcrumb\":{\"@id\":\"https:\/\/adamtransport.com\/hu\/karrier#breadcrumb\"},\"inLanguage\":\"hu\",\"potentialAction\":[{\"@type\":\"ReadAction\",\"target\":[\"https:\/\/adamtransport.com\/hu\/karrier\"]}]},{\"@type\":\"ImageObject\",\"inLanguage\":\"hu\",\"@id\":\"https:\/\/adamtransport.com\/hu\/karrier#primaryimage\",\"url\":\"https:\/\/adamtransport.com\/hu\/wp-content\/uploads\/2023\/02\/reception.gif\",\"contentUrl\":\"https:\/\/adamtransport.com\/hu\/wp-content\/uploads\/2023\/02\/reception.gif\",\"width\":640,\"height\":640},{\"@type\":\"BreadcrumbList\",\"@id\":\"https:\/\/adamtransport.com\/hu\/karrier#breadcrumb\",\"itemListElement\":[{\"@type\":\"ListItem\",\"position\":1,\"name\":\"Home\",\"item\":\"https:\/\/adamtransport.com\/hu\/\"},{\"@type\":\"ListItem\",\"position\":2,\"name\":\"Karrier\"}]},{\"@type\":\"WebSite\",\"@id\":\"https:\/\/adamtransport.com\/hu\/#website\",\"url\":\"https:\/\/adamtransport.com\/hu\/\",\"name\":\"ATS Kft.\",\"description\":\"Logisztika szem\u00e9lyre szabva!\",\"publisher\":{\"@id\":\"https:\/\/adamtransport.com\/hu\/#organization\"},\"potentialAction\":[{\"@type\":\"SearchAction\",\"target\":{\"@type\":\"EntryPoint\",\"urlTemplate\":\"https:\/\/adamtransport.com\/hu\/?s={search_term_string}\"},\"query-input\":{\"@type\":\"PropertyValueSpecification\",\"valueRequired\":true,\"valueName\":\"search_term_string\"}}],\"inLanguage\":\"hu\"},{\"@type\":\"Organization\",\"@id\":\"https:\/\/adamtransport.com\/hu\/#organization\",\"name\":\"ATS Kft.\",\"url\":\"https:\/\/adamtransport.com\/hu\/\",\"logo\":{\"@type\":\"ImageObject\",\"inLanguage\":\"hu\",\"@id\":\"https:\/\/adamtransport.com\/hu\/#\/schema\/logo\/image\/\",\"url\":\"https:\/\/adamtransport.com\/hu\/wp-content\/uploads\/2023\/12\/cropped-2024-ATS-vegleges-logo-haromszog-nelkul.png\",\"contentUrl\":\"https:\/\/adamtransport.com\/hu\/wp-content\/uploads\/2023\/12\/cropped-2024-ATS-vegleges-logo-haromszog-nelkul.png\",\"width\":3916,\"height\":1359,\"caption\":\"ATS Kft.\"},\"image\":{\"@id\":\"https:\/\/adamtransport.com\/hu\/#\/schema\/logo\/image\/\"}}]}<\/script>\n<!-- \/ Yoast SEO plugin. -->","yoast_head_json":{"title":"Karrier - ATS Kft.","description":"K\u00f6sz\u00f6nt\u00fcnk\u00a0az ADAM TRANSPORT\u00a0karrier oldal\u00e1n.","robots":{"index":"index","follow":"follow","max-snippet":"max-snippet:-1","max-image-preview":"max-image-preview:large","max-video-preview":"max-video-preview:-1"},"canonical":"https:\/\/adamtransport.com\/hu\/karrier","og_locale":"hu_HU","og_type":"article","og_title":"Karrier - ATS Kft.","og_description":"K\u00f6sz\u00f6nt\u00fcnk\u00a0az ADAM TRANSPORT\u00a0karrier oldal\u00e1n.","og_url":"https:\/\/adamtransport.com\/hu\/karrier","og_site_name":"ATS Kft.","article_modified_time":"2023-03-02T14:23:22+00:00","og_image":[{"url":"https:\/\/adamtransport.com\/hu\/wp-content\/uploads\/2023\/02\/reception.gif","type":"","width":"","height":""}],"twitter_card":"summary_large_image","twitter_misc":{"Becs\u00fclt olvas\u00e1si id\u0151":"1 perc"},"schema":{"@context":"https:\/\/schema.org","@graph":[{"@type":"WebPage","@id":"https:\/\/adamtransport.com\/hu\/karrier","url":"https:\/\/adamtransport.com\/hu\/karrier","name":"Karrier - ATS Kft.","isPartOf":{"@id":"https:\/\/adamtransport.com\/hu\/#website"},"primaryImageOfPage":{"@id":"https:\/\/adamtransport.com\/hu\/karrier#primaryimage"},"image":{"@id":"https:\/\/adamtransport.com\/hu\/karrier#primaryimage"},"thumbnailUrl":"https:\/\/adamtransport.com\/hu\/wp-content\/uploads\/2023\/02\/reception.gif","datePublished":"2022-08-10T12:34:30+00:00","dateModified":"2023-03-02T14:23:22+00:00","description":"K\u00f6sz\u00f6nt\u00fcnk\u00a0az ADAM TRANSPORT\u00a0karrier oldal\u00e1n.","breadcrumb":{"@id":"https:\/\/adamtransport.com\/hu\/karrier#breadcrumb"},"inLanguage":"hu","potentialAction":[{"@type":"ReadAction","target":["https:\/\/adamtransport.com\/hu\/karrier"]}]},{"@type":"ImageObject","inLanguage":"hu","@id":"https:\/\/adamtransport.com\/hu\/karrier#primaryimage","url":"https:\/\/adamtransport.com\/hu\/wp-content\/uploads\/2023\/02\/reception.gif","contentUrl":"https:\/\/adamtransport.com\/hu\/wp-content\/uploads\/2023\/02\/reception.gif","width":640,"height":640},{"@type":"BreadcrumbList","@id":"https:\/\/adamtransport.com\/hu\/karrier#breadcrumb","itemListElement":[{"@type":"ListItem","position":1,"name":"Home","item":"https:\/\/adamtransport.com\/hu\/"},{"@type":"ListItem","position":2,"name":"Karrier"}]},{"@type":"WebSite","@id":"https:\/\/adamtransport.com\/hu\/#website","url":"https:\/\/adamtransport.com\/hu\/","name":"ATS Kft.","description":"Logisztika szem\u00e9lyre szabva!","publisher":{"@id":"https:\/\/adamtransport.com\/hu\/#organization"},"potentialAction":[{"@type":"SearchAction","target":{"@type":"EntryPoint","urlTemplate":"https:\/\/adamtransport.com\/hu\/?s={search_term_string}"},"query-input":{"@type":"PropertyValueSpecification","valueRequired":true,"valueName":"search_term_string"}}],"inLanguage":"hu"},{"@type":"Organization","@id":"https:\/\/adamtransport.com\/hu\/#organization","name":"ATS Kft.","url":"https:\/\/adamtransport.com\/hu\/","logo":{"@type":"ImageObject","inLanguage":"hu","@id":"https:\/\/adamtransport.com\/hu\/#\/schema\/logo\/image\/","url":"https:\/\/adamtransport.com\/hu\/wp-content\/uploads\/2023\/12\/cropped-2024-ATS-vegleges-logo-haromszog-nelkul.png","contentUrl":"https:\/\/adamtransport.com\/hu\/wp-content\/uploads\/2023\/12\/cropped-2024-ATS-vegleges-logo-haromszog-nelkul.png","width":3916,"height":1359,"caption":"ATS Kft."},"image":{"@id":"https:\/\/adamtransport.com\/hu\/#\/schema\/logo\/image\/"}}]}},"_links":{"self":[{"href":"https:\/\/adamtransport.com\/hu\/wp-json\/wp\/v2\/pages\/996","targetHints":{"allow":["GET"]}}],"collection":[{"href":"https:\/\/adamtransport.com\/hu\/wp-json\/wp\/v2\/pages"}],"about":[{"href":"https:\/\/adamtransport.com\/hu\/wp-json\/wp\/v2\/types\/page"}],"author":[{"embeddable":true,"href":"https:\/\/adamtransport.com\/hu\/wp-json\/wp\/v2\/users\/6"}],"replies":[{"embeddable":true,"href":"https:\/\/adamtransport.com\/hu\/wp-json\/wp\/v2\/comments?post=996"}],"version-history":[{"count":45,"href":"https:\/\/adamtransport.com\/hu\/wp-json\/wp\/v2\/pages\/996\/revisions"}],"predecessor-version":[{"id":1837,"href":"https:\/\/adamtransport.com\/hu\/wp-json\/wp\/v2\/pages\/996\/revisions\/1837"}],"wp:attachment":[{"href":"https:\/\/adamtransport.com\/hu\/wp-json\/wp\/v2\/media?parent=996"}],"curies":[{"name":"wp","href":"https:\/\/api.w.org\/{rel}","templated":true}]}}