{"id":2218,"date":"2024-11-27T15:27:35","date_gmt":"2024-11-27T15:27:35","guid":{"rendered":"https:\/\/adamtransport.com\/hu\/?page_id=2218"},"modified":"2025-01-07T13:52:02","modified_gmt":"2025-01-07T13:52:02","slug":"ajanlatkeres","status":"publish","type":"page","link":"https:\/\/adamtransport.com\/hu\/ajanlatkeres","title":{"rendered":"Aj\u00e1nlatk\u00e9r\u00e9s"},"content":{"rendered":"\t\t<div data-elementor-type=\"wp-page\" data-elementor-id=\"2218\" class=\"elementor elementor-2218\" data-elementor-post-type=\"page\">\n\t\t\t\t<div class=\"elementor-element elementor-element-1a2495b3 e-flex e-con-boxed e-con e-parent\" data-id=\"1a2495b3\" data-element_type=\"container\" data-settings=\"{&quot;background_background&quot;:&quot;classic&quot;,&quot;jet_parallax_layout_list&quot;:[]}\">\n\t\t\t\t\t<div class=\"e-con-inner\">\n\t\t<div class=\"elementor-element elementor-element-74f93023 e-con-full e-flex e-con e-child\" data-id=\"74f93023\" data-element_type=\"container\" data-settings=\"{&quot;jet_parallax_layout_list&quot;:[],&quot;background_background&quot;:&quot;classic&quot;}\">\n\t\t\t\t<div class=\"elementor-element elementor-element-45ded550 elementor-widget elementor-widget-text-editor\" data-id=\"45ded550\" data-element_type=\"widget\" data-widget_type=\"text-editor.default\">\n\t\t\t\t<div class=\"elementor-widget-container\">\n\t\t\t\t\t\t\t\t\t<p><strong>Tisztelt \u00c9rdekl\u0151d\u0151!<\/strong><\/p><p>K\u00f6sz\u00f6nj\u00fck, hogy megtisztel minket aj\u00e1nlatk\u00e9r\u00e9s\u00e9vel.<\/p><p>K\u00e9rj\u00fck t\u00f6ltse ki az al\u00e1bbi \u0171rlapot, vagy k\u00fcldje el nek\u00fcnk aj\u00e1nlatk\u00e9r\u00e9s\u00e9t a\u00a0<a href=\"mailto:sales.hu@adamtransport.com\">sales.hu@adamtransport.com<\/a>\u00a0c\u00edmre.<\/p><p>Koll\u00e9g\u00e1nk a megadott el\u00e9rhet\u0151s\u00e9g\u00e9n kereszt\u00fcl hamarosan felveszi \u00d6nnel a kapcsolatot!<\/p>\t\t\t\t\t\t\t\t<\/div>\n\t\t\t\t<\/div>\n\t\t\t\t<div class=\"elementor-element elementor-element-801f07f elementor-button-align-stretch elementor-widget elementor-widget-form\" data-id=\"801f07f\" data-element_type=\"widget\" data-settings=\"{&quot;button_width&quot;:&quot;20&quot;,&quot;step_next_label&quot;:&quot;K\\u00f6vetkez\\u0151&quot;,&quot;step_previous_label&quot;:&quot;El\\u0151z\\u0151&quot;,&quot;step_type&quot;:&quot;number_text&quot;,&quot;step_icon_shape&quot;:&quot;circle&quot;}\" data-widget_type=\"form.default\">\n\t\t\t\t<div class=\"elementor-widget-container\">\n\t\t\t\t\t\t\t<form class=\"elementor-form\" method=\"post\" name=\"\u00daj \u0171rlap\">\n\t\t\t<input type=\"hidden\" name=\"post_id\" value=\"2218\"\/>\n\t\t\t<input type=\"hidden\" name=\"form_id\" value=\"801f07f\"\/>\n\t\t\t<input type=\"hidden\" name=\"referer_title\" value=\"ATS Kft.\" \/>\n\n\t\t\t\n\t\t\t<div class=\"elementor-form-fields-wrapper elementor-labels-above\">\n\t\t\t\t\t\t\t\t<div class=\"elementor-field-type-text elementor-field-group elementor-column elementor-field-group-name elementor-col-100 elementor-field-required\">\n\t\t\t\t\t\t\t\t\t\t\t\t<label for=\"form-field-name\" class=\"elementor-field-label\">\n\t\t\t\t\t\t\t\tN\u00e9v\t\t\t\t\t\t\t<\/label>\n\t\t\t\t\t\t\t\t\t\t\t\t\t\t<input size=\"1\" type=\"text\" name=\"form_fields[name]\" id=\"form-field-name\" class=\"elementor-field elementor-size-sm  elementor-field-textual\" placeholder=\"K\u00e9rj\u00fck adja meg, hogy sz\u00f3l\u00edthatjuk!\" required=\"required\">\n\t\t\t\t\t\t\t\t\t\t\t<\/div>\n\t\t\t\t\t\t\t\t<div class=\"elementor-field-type-email elementor-field-group elementor-column elementor-field-group-email elementor-col-100 elementor-field-required\">\n\t\t\t\t\t\t\t\t\t\t\t\t<label for=\"form-field-email\" class=\"elementor-field-label\">\n\t\t\t\t\t\t\t\tE-mail c\u00edm\t\t\t\t\t\t\t<\/label>\n\t\t\t\t\t\t\t\t\t\t\t\t\t\t<input size=\"1\" type=\"email\" name=\"form_fields[email]\" id=\"form-field-email\" class=\"elementor-field elementor-size-sm  elementor-field-textual\" placeholder=\"K\u00e9rj\u00fck adja meg az e-mail c\u00edmet, ahov\u00e1 az aj\u00e1nlatot k\u00fcldhetj\u00fck!\" required=\"required\">\n\t\t\t\t\t\t\t\t\t\t\t<\/div>\n\t\t\t\t\t\t\t\t<div class=\"elementor-field-type-tel elementor-field-group elementor-column elementor-field-group-message elementor-col-100 elementor-field-required\">\n\t\t\t\t\t\t\t\t\t\t\t\t<label for=\"form-field-message\" class=\"elementor-field-label\">\n\t\t\t\t\t\t\t\tTelefonsz\u00e1m\t\t\t\t\t\t\t<\/label>\n\t\t\t\t\t\t\t\t<input size=\"1\" type=\"tel\" name=\"form_fields[message]\" id=\"form-field-message\" class=\"elementor-field elementor-size-sm  elementor-field-textual\" placeholder=\"K\u00e9rj\u00fck adja meg telefonos el\u00e9rhet\u0151s\u00e9g\u00e9t!\" required=\"required\" pattern=\"[0-9()#&amp;+*-=.]+\" title=\"Only numbers and phone characters (#, -, *, etc) are accepted.\">\n\n\t\t\t\t\t\t<\/div>\n\t\t\t\t\t\t\t\t<div class=\"elementor-field-type-html elementor-field-group elementor-column elementor-field-group-field_2d0f9ef elementor-col-100\">\n\t\t\t\t\t<hr style=\"border: 1px solid #B2BEB5; margin:10px 0;\">\t\t\t\t<\/div>\n\t\t\t\t\t\t\t\t<div class=\"elementor-field-type-checkbox elementor-field-group elementor-column elementor-field-group-field_c0f1949 elementor-col-100\">\n\t\t\t\t\t\t\t\t\t\t\t\t<label for=\"form-field-field_c0f1949\" class=\"elementor-field-label\">\n\t\t\t\t\t\t\t\tSz\u00e1ll\u00edt\u00e1si m\u00f3d\t\t\t\t\t\t\t<\/label>\n\t\t\t\t\t\t<div class=\"elementor-field-subgroup  elementor-subgroup-inline\"><span class=\"elementor-field-option\"><input type=\"checkbox\" value=\"L\u00e9gi\" id=\"form-field-field_c0f1949-0\" name=\"form_fields[field_c0f1949][]\"> <label for=\"form-field-field_c0f1949-0\">L\u00e9gi<\/label><\/span><span class=\"elementor-field-option\"><input type=\"checkbox\" value=\"K\u00f6z\u00fati\" id=\"form-field-field_c0f1949-1\" name=\"form_fields[field_c0f1949][]\"> <label for=\"form-field-field_c0f1949-1\">K\u00f6z\u00fati<\/label><\/span><span class=\"elementor-field-option\"><input type=\"checkbox\" value=\"Tengeri FCL\" id=\"form-field-field_c0f1949-2\" name=\"form_fields[field_c0f1949][]\"> <label for=\"form-field-field_c0f1949-2\">Tengeri FCL<\/label><\/span><span class=\"elementor-field-option\"><input type=\"checkbox\" value=\"Tengeri LCL\" id=\"form-field-field_c0f1949-3\" name=\"form_fields[field_c0f1949][]\"> <label for=\"form-field-field_c0f1949-3\">Tengeri LCL<\/label><\/span><span class=\"elementor-field-option\"><input type=\"checkbox\" value=\"Vas\u00fati FCL\" id=\"form-field-field_c0f1949-4\" name=\"form_fields[field_c0f1949][]\"> <label for=\"form-field-field_c0f1949-4\">Vas\u00fati FCL<\/label><\/span><span class=\"elementor-field-option\"><input type=\"checkbox\" value=\"Vas\u00fati LCL\" id=\"form-field-field_c0f1949-5\" name=\"form_fields[field_c0f1949][]\"> <label for=\"form-field-field_c0f1949-5\">Vas\u00fati LCL<\/label><\/span><\/div>\t\t\t\t<\/div>\n\t\t\t\t\t\t\t\t<div class=\"elementor-field-type-checkbox elementor-field-group elementor-column elementor-field-group-field_bdd93e2 elementor-col-100\">\n\t\t\t\t\t\t\t\t\t\t\t\t<label for=\"form-field-field_bdd93e2\" class=\"elementor-field-label\">\n\t\t\t\t\t\t\t\tParit\u00e1s\t\t\t\t\t\t\t<\/label>\n\t\t\t\t\t\t<div class=\"elementor-field-subgroup  elementor-subgroup-inline\"><span class=\"elementor-field-option\"><input type=\"checkbox\" value=\"EXW \" id=\"form-field-field_bdd93e2-0\" name=\"form_fields[field_bdd93e2][]\"> <label for=\"form-field-field_bdd93e2-0\">EXW <\/label><\/span><span class=\"elementor-field-option\"><input type=\"checkbox\" value=\"FCA\" id=\"form-field-field_bdd93e2-1\" name=\"form_fields[field_bdd93e2][]\"> <label for=\"form-field-field_bdd93e2-1\">FCA<\/label><\/span><span class=\"elementor-field-option\"><input type=\"checkbox\" value=\"FOB\" id=\"form-field-field_bdd93e2-2\" name=\"form_fields[field_bdd93e2][]\"> <label for=\"form-field-field_bdd93e2-2\">FOB<\/label><\/span><span class=\"elementor-field-option\"><input type=\"checkbox\" value=\"CFR\" id=\"form-field-field_bdd93e2-3\" name=\"form_fields[field_bdd93e2][]\"> <label for=\"form-field-field_bdd93e2-3\">CFR<\/label><\/span><span class=\"elementor-field-option\"><input type=\"checkbox\" value=\"DDU\" id=\"form-field-field_bdd93e2-4\" name=\"form_fields[field_bdd93e2][]\"> <label for=\"form-field-field_bdd93e2-4\">DDU<\/label><\/span><span class=\"elementor-field-option\"><input type=\"checkbox\" value=\"DAP\" id=\"form-field-field_bdd93e2-5\" name=\"form_fields[field_bdd93e2][]\"> <label for=\"form-field-field_bdd93e2-5\">DAP<\/label><\/span><span class=\"elementor-field-option\"><input type=\"checkbox\" value=\"DDP\" id=\"form-field-field_bdd93e2-6\" name=\"form_fields[field_bdd93e2][]\"> <label for=\"form-field-field_bdd93e2-6\">DDP<\/label><\/span><\/div>\t\t\t\t<\/div>\n\t\t\t\t\t\t\t\t<div class=\"elementor-field-type-text elementor-field-group elementor-column elementor-field-group-field_63e9caf elementor-col-50\">\n\t\t\t\t\t\t\t\t\t\t\t\t<label for=\"form-field-field_63e9caf\" class=\"elementor-field-label\">\n\t\t\t\t\t\t\t\tIndul\u00f3 v\u00e1ros\t\t\t\t\t\t\t<\/label>\n\t\t\t\t\t\t\t\t\t\t\t\t\t\t<input size=\"1\" type=\"text\" name=\"form_fields[field_63e9caf]\" id=\"form-field-field_63e9caf\" class=\"elementor-field elementor-size-sm  elementor-field-textual\">\n\t\t\t\t\t\t\t\t\t\t\t<\/div>\n\t\t\t\t\t\t\t\t<div class=\"elementor-field-type-text elementor-field-group elementor-column elementor-field-group-field_9855f4c elementor-col-50\">\n\t\t\t\t\t\t\t\t\t\t\t\t<label for=\"form-field-field_9855f4c\" class=\"elementor-field-label\">\n\t\t\t\t\t\t\t\t\u00c9rkez\u0151 v\u00e1ros\t\t\t\t\t\t\t<\/label>\n\t\t\t\t\t\t\t\t\t\t\t\t\t\t<input size=\"1\" type=\"text\" name=\"form_fields[field_9855f4c]\" id=\"form-field-field_9855f4c\" class=\"elementor-field elementor-size-sm  elementor-field-textual\">\n\t\t\t\t\t\t\t\t\t\t\t<\/div>\n\t\t\t\t\t\t\t\t<div class=\"elementor-field-type-html elementor-field-group elementor-column elementor-field-group-field_2d0f9ef elementor-col-100\">\n\t\t\t\t\t<hr style=\"border: 1px solid #B2BEB5; margin: 10px 0;\">\t\t\t\t<\/div>\n\t\t\t\t\t\t\t\t<div class=\"elementor-field-type-html elementor-field-group elementor-column elementor-field-group-field_009a5e2 elementor-col-100\">\n\t\t\t\t\t<span style=\"font-weight: bold; font-size: 16px; text-decoration: underline;\">\u00c1ruadatok<\/span>\t\t\t\t<\/div>\n\t\t\t\t\t\t\t\t<div class=\"elementor-field-type-text elementor-field-group elementor-column elementor-field-group-field_7977ce6 elementor-col-100\">\n\t\t\t\t\t\t\t\t\t\t\t\t<label for=\"form-field-field_7977ce6\" class=\"elementor-field-label\">\n\t\t\t\t\t\t\t\tMennyis\u00e9g (db)\t\t\t\t\t\t\t<\/label>\n\t\t\t\t\t\t\t\t\t\t\t\t\t\t<input size=\"1\" type=\"text\" name=\"form_fields[field_7977ce6]\" id=\"form-field-field_7977ce6\" class=\"elementor-field elementor-size-sm  elementor-field-textual\" placeholder=\" (p\u00e9ld\u00e1ul: 1 paletta, 1 karton..stb)\">\n\t\t\t\t\t\t\t\t\t\t\t<\/div>\n\t\t\t\t\t\t\t\t<div class=\"elementor-field-type-text elementor-field-group elementor-column elementor-field-group-field_7f3f0d7 elementor-col-100\">\n\t\t\t\t\t\t\t\t\t\t\t\t<label for=\"form-field-field_7f3f0d7\" class=\"elementor-field-label\">\n\t\t\t\t\t\t\t\tS\u00faly (kg)\t\t\t\t\t\t\t<\/label>\n\t\t\t\t\t\t\t\t\t\t\t\t\t\t<input size=\"1\" type=\"text\" name=\"form_fields[field_7f3f0d7]\" id=\"form-field-field_7f3f0d7\" class=\"elementor-field elementor-size-sm  elementor-field-textual\" placeholder=\"(p\u00e9ld\u00e1ul: 10kg)\">\n\t\t\t\t\t\t\t\t\t\t\t<\/div>\n\t\t\t\t\t\t\t\t<div class=\"elementor-field-type-text elementor-field-group elementor-column elementor-field-group-field_d8016bb elementor-col-100\">\n\t\t\t\t\t\t\t\t\t\t\t\t<label for=\"form-field-field_d8016bb\" class=\"elementor-field-label\">\n\t\t\t\t\t\t\t\tT\u00e9rfogat (m3)\t\t\t\t\t\t\t<\/label>\n\t\t\t\t\t\t\t\t\t\t\t\t\t\t<input size=\"1\" type=\"text\" name=\"form_fields[field_d8016bb]\" id=\"form-field-field_d8016bb\" class=\"elementor-field elementor-size-sm  elementor-field-textual\" placeholder=\"(p\u00e9ld\u00e1ul: 10m3)\">\n\t\t\t\t\t\t\t\t\t\t\t<\/div>\n\t\t\t\t\t\t\t\t<div class=\"elementor-field-type-select elementor-field-group elementor-column elementor-field-group-field_1533b1f elementor-col-100\">\n\t\t\t\t\t\t\t\t\t\t\t\t<label for=\"form-field-field_1533b1f\" class=\"elementor-field-label\">\n\t\t\t\t\t\t\t\tSz\u00e1ll\u00edtm\u00e1nybiztos\u00edt\u00e1s\t\t\t\t\t\t\t<\/label>\n\t\t\t\t\t\t\t\t<div class=\"elementor-field elementor-select-wrapper remove-before \">\n\t\t\t<div class=\"select-caret-down-wrapper\">\n\t\t\t\t<i aria-hidden=\"true\" class=\"eicon-caret-down\"><\/i>\t\t\t<\/div>\n\t\t\t<select name=\"form_fields[field_1533b1f]\" id=\"form-field-field_1533b1f\" class=\"elementor-field-textual elementor-size-sm\">\n\t\t\t\t\t\t\t\t\t<option value=\"Igen\">Igen<\/option>\n\t\t\t\t\t\t\t\t\t<option value=\"Nem\">Nem<\/option>\n\t\t\t\t\t\t\t<\/select>\n\t\t<\/div>\n\t\t\t\t\t\t<\/div>\n\t\t\t\t\t\t\t\t<div class=\"elementor-field-type-text elementor-field-group elementor-column elementor-field-group-field_891df45 elementor-col-50\">\n\t\t\t\t\t\t\t\t\t\t\t\t<label for=\"form-field-field_891df45\" class=\"elementor-field-label\">\n\t\t\t\t\t\t\t\t\u00c1ru\u00e9rt\u00e9k\t\t\t\t\t\t\t<\/label>\n\t\t\t\t\t\t\t\t\t\t\t\t\t\t<input size=\"1\" type=\"text\" name=\"form_fields[field_891df45]\" id=\"form-field-field_891df45\" class=\"elementor-field elementor-size-sm  elementor-field-textual\" placeholder=\"\u00c9rt\u00e9k\">\n\t\t\t\t\t\t\t\t\t\t\t<\/div>\n\t\t\t\t\t\t\t\t<div class=\"elementor-field-type-text elementor-field-group elementor-column elementor-field-group-field_3c5496b elementor-col-50\">\n\t\t\t\t\t\t\t\t\t\t\t\t<label for=\"form-field-field_3c5496b\" class=\"elementor-field-label\">\n\t\t\t\t\t\t\t\tDevizanem\t\t\t\t\t\t\t<\/label>\n\t\t\t\t\t\t\t\t\t\t\t\t\t\t<input size=\"1\" type=\"text\" name=\"form_fields[field_3c5496b]\" id=\"form-field-field_3c5496b\" class=\"elementor-field elementor-size-sm  elementor-field-textual\" placeholder=\"(HUF, EUR, USD)\">\n\t\t\t\t\t\t\t\t\t\t\t<\/div>\n\t\t\t\t\t\t\t\t<div class=\"elementor-field-type-acceptance elementor-field-group elementor-column elementor-field-group-field_7f4c705 elementor-col-100\">\n\t\t\t\t\t\t\t<div class=\"elementor-field-subgroup\">\n\t\t\t<span class=\"elementor-field-option\">\n\t\t\t\t<input type=\"checkbox\" name=\"form_fields[field_7f4c705]\" id=\"form-field-field_7f4c705\" class=\"elementor-field elementor-size-sm  elementor-acceptance-field\">\n\t\t\t\t<label for=\"form-field-field_7f4c705\">Elolvastam \u00e9s elfogadom az Adatkezel\u00e9si t\u00e1j\u00e9koztat\u00f3ban foglaltakat.<\/label>\t\t\t<\/span>\n\t\t<\/div>\n\t\t\t\t\t\t<\/div>\n\t\t\t\t\t\t\t\t<div class=\"elementor-field-group elementor-column elementor-field-type-submit elementor-col-20 e-form__buttons\">\n\t\t\t\t\t<button class=\"elementor-button elementor-size-sm\" type=\"submit\">\n\t\t\t\t\t\t<span class=\"elementor-button-content-wrapper\">\n\t\t\t\t\t\t\t\t\t\t\t\t\t\t\t\t\t\t\t\t\t\t<span class=\"elementor-button-text\">K\u00fcld\u00e9s<\/span>\n\t\t\t\t\t\t\t\t\t\t\t\t\t<\/span>\n\t\t\t\t\t<\/button>\n\t\t\t\t<\/div>\n\t\t\t<\/div>\n\t\t<\/form>\n\t\t\t\t\t\t<\/div>\n\t\t\t\t<\/div>\n\t\t\t\t<\/div>\n\t\t\t\t\t<\/div>\n\t\t\t\t<\/div>\n\t\t\t\t<\/div>\n\t\t","protected":false},"excerpt":{"rendered":"<p>Tisztelt \u00c9rdekl\u0151d\u0151! K\u00f6sz\u00f6nj\u00fck, hogy megtisztel minket aj\u00e1nlatk\u00e9r\u00e9s\u00e9vel. K\u00e9rj\u00fck t\u00f6ltse ki az al\u00e1bbi \u0171rlapot, vagy k\u00fcldje el nek\u00fcnk aj\u00e1nlatk\u00e9r\u00e9s\u00e9t a\u00a0sales.hu@adamtransport.com\u00a0c\u00edmre. Koll\u00e9g\u00e1nk a megadott el\u00e9rhet\u0151s\u00e9g\u00e9n kereszt\u00fcl hamarosan felveszi \u00d6nnel a kapcsolatot!<\/p>\n","protected":false},"author":6,"featured_media":0,"parent":0,"menu_order":0,"comment_status":"closed","ping_status":"closed","template":"","meta":{"footnotes":""},"class_list":["post-2218","page","type-page","status-publish","hentry"],"yoast_head":"<!-- This site is optimized with the Yoast SEO plugin v25.3 - https:\/\/yoast.com\/wordpress\/plugins\/seo\/ -->\n<title>Aj\u00e1nlatk\u00e9r\u00e9s - ATS Kft.<\/title>\n<meta name=\"robots\" content=\"index, follow, max-snippet:-1, max-image-preview:large, max-video-preview:-1\" \/>\n<link rel=\"canonical\" href=\"https:\/\/adamtransport.com\/hu\/ajanlatkeres\" \/>\n<meta property=\"og:locale\" content=\"hu_HU\" \/>\n<meta property=\"og:type\" content=\"article\" \/>\n<meta property=\"og:title\" content=\"Aj\u00e1nlatk\u00e9r\u00e9s - ATS Kft.\" \/>\n<meta property=\"og:description\" content=\"Tisztelt \u00c9rdekl\u0151d\u0151! K\u00f6sz\u00f6nj\u00fck, hogy megtisztel minket aj\u00e1nlatk\u00e9r\u00e9s\u00e9vel. K\u00e9rj\u00fck t\u00f6ltse ki az al\u00e1bbi \u0171rlapot, vagy k\u00fcldje el nek\u00fcnk aj\u00e1nlatk\u00e9r\u00e9s\u00e9t a\u00a0sales.hu@adamtransport.com\u00a0c\u00edmre. Koll\u00e9g\u00e1nk a megadott el\u00e9rhet\u0151s\u00e9g\u00e9n kereszt\u00fcl hamarosan felveszi \u00d6nnel a kapcsolatot!\" \/>\n<meta property=\"og:url\" content=\"https:\/\/adamtransport.com\/hu\/ajanlatkeres\" \/>\n<meta property=\"og:site_name\" content=\"ATS Kft.\" \/>\n<meta property=\"article:modified_time\" content=\"2025-01-07T13:52:02+00:00\" \/>\n<meta name=\"twitter:card\" content=\"summary_large_image\" \/>\n<meta name=\"twitter:label1\" content=\"Becs\u00fclt olvas\u00e1si id\u0151\" \/>\n\t<meta name=\"twitter:data1\" content=\"1 perc\" \/>\n<script type=\"application\/ld+json\" class=\"yoast-schema-graph\">{\"@context\":\"https:\/\/schema.org\",\"@graph\":[{\"@type\":\"WebPage\",\"@id\":\"https:\/\/adamtransport.com\/hu\/ajanlatkeres\",\"url\":\"https:\/\/adamtransport.com\/hu\/ajanlatkeres\",\"name\":\"Aj\u00e1nlatk\u00e9r\u00e9s - ATS Kft.\",\"isPartOf\":{\"@id\":\"https:\/\/adamtransport.com\/hu\/#website\"},\"datePublished\":\"2024-11-27T15:27:35+00:00\",\"dateModified\":\"2025-01-07T13:52:02+00:00\",\"breadcrumb\":{\"@id\":\"https:\/\/adamtransport.com\/hu\/ajanlatkeres#breadcrumb\"},\"inLanguage\":\"hu\",\"potentialAction\":[{\"@type\":\"ReadAction\",\"target\":[\"https:\/\/adamtransport.com\/hu\/ajanlatkeres\"]}]},{\"@type\":\"BreadcrumbList\",\"@id\":\"https:\/\/adamtransport.com\/hu\/ajanlatkeres#breadcrumb\",\"itemListElement\":[{\"@type\":\"ListItem\",\"position\":1,\"name\":\"Home\",\"item\":\"https:\/\/adamtransport.com\/hu\/\"},{\"@type\":\"ListItem\",\"position\":2,\"name\":\"Aj\u00e1nlatk\u00e9r\u00e9s\"}]},{\"@type\":\"WebSite\",\"@id\":\"https:\/\/adamtransport.com\/hu\/#website\",\"url\":\"https:\/\/adamtransport.com\/hu\/\",\"name\":\"ATS Kft.\",\"description\":\"Logisztika szem\u00e9lyre szabva!\",\"publisher\":{\"@id\":\"https:\/\/adamtransport.com\/hu\/#organization\"},\"potentialAction\":[{\"@type\":\"SearchAction\",\"target\":{\"@type\":\"EntryPoint\",\"urlTemplate\":\"https:\/\/adamtransport.com\/hu\/?s={search_term_string}\"},\"query-input\":{\"@type\":\"PropertyValueSpecification\",\"valueRequired\":true,\"valueName\":\"search_term_string\"}}],\"inLanguage\":\"hu\"},{\"@type\":\"Organization\",\"@id\":\"https:\/\/adamtransport.com\/hu\/#organization\",\"name\":\"ATS Kft.\",\"url\":\"https:\/\/adamtransport.com\/hu\/\",\"logo\":{\"@type\":\"ImageObject\",\"inLanguage\":\"hu\",\"@id\":\"https:\/\/adamtransport.com\/hu\/#\/schema\/logo\/image\/\",\"url\":\"https:\/\/adamtransport.com\/hu\/wp-content\/uploads\/2023\/12\/cropped-2024-ATS-vegleges-logo-haromszog-nelkul.png\",\"contentUrl\":\"https:\/\/adamtransport.com\/hu\/wp-content\/uploads\/2023\/12\/cropped-2024-ATS-vegleges-logo-haromszog-nelkul.png\",\"width\":3916,\"height\":1359,\"caption\":\"ATS Kft.\"},\"image\":{\"@id\":\"https:\/\/adamtransport.com\/hu\/#\/schema\/logo\/image\/\"}}]}<\/script>\n<!-- \/ Yoast SEO plugin. -->","yoast_head_json":{"title":"Aj\u00e1nlatk\u00e9r\u00e9s - ATS Kft.","robots":{"index":"index","follow":"follow","max-snippet":"max-snippet:-1","max-image-preview":"max-image-preview:large","max-video-preview":"max-video-preview:-1"},"canonical":"https:\/\/adamtransport.com\/hu\/ajanlatkeres","og_locale":"hu_HU","og_type":"article","og_title":"Aj\u00e1nlatk\u00e9r\u00e9s - ATS Kft.","og_description":"Tisztelt \u00c9rdekl\u0151d\u0151! K\u00f6sz\u00f6nj\u00fck, hogy megtisztel minket aj\u00e1nlatk\u00e9r\u00e9s\u00e9vel. K\u00e9rj\u00fck t\u00f6ltse ki az al\u00e1bbi \u0171rlapot, vagy k\u00fcldje el nek\u00fcnk aj\u00e1nlatk\u00e9r\u00e9s\u00e9t a\u00a0sales.hu@adamtransport.com\u00a0c\u00edmre. Koll\u00e9g\u00e1nk a megadott el\u00e9rhet\u0151s\u00e9g\u00e9n kereszt\u00fcl hamarosan felveszi \u00d6nnel a kapcsolatot!","og_url":"https:\/\/adamtransport.com\/hu\/ajanlatkeres","og_site_name":"ATS Kft.","article_modified_time":"2025-01-07T13:52:02+00:00","twitter_card":"summary_large_image","twitter_misc":{"Becs\u00fclt olvas\u00e1si id\u0151":"1 perc"},"schema":{"@context":"https:\/\/schema.org","@graph":[{"@type":"WebPage","@id":"https:\/\/adamtransport.com\/hu\/ajanlatkeres","url":"https:\/\/adamtransport.com\/hu\/ajanlatkeres","name":"Aj\u00e1nlatk\u00e9r\u00e9s - ATS Kft.","isPartOf":{"@id":"https:\/\/adamtransport.com\/hu\/#website"},"datePublished":"2024-11-27T15:27:35+00:00","dateModified":"2025-01-07T13:52:02+00:00","breadcrumb":{"@id":"https:\/\/adamtransport.com\/hu\/ajanlatkeres#breadcrumb"},"inLanguage":"hu","potentialAction":[{"@type":"ReadAction","target":["https:\/\/adamtransport.com\/hu\/ajanlatkeres"]}]},{"@type":"BreadcrumbList","@id":"https:\/\/adamtransport.com\/hu\/ajanlatkeres#breadcrumb","itemListElement":[{"@type":"ListItem","position":1,"name":"Home","item":"https:\/\/adamtransport.com\/hu\/"},{"@type":"ListItem","position":2,"name":"Aj\u00e1nlatk\u00e9r\u00e9s"}]},{"@type":"WebSite","@id":"https:\/\/adamtransport.com\/hu\/#website","url":"https:\/\/adamtransport.com\/hu\/","name":"ATS Kft.","description":"Logisztika szem\u00e9lyre szabva!","publisher":{"@id":"https:\/\/adamtransport.com\/hu\/#organization"},"potentialAction":[{"@type":"SearchAction","target":{"@type":"EntryPoint","urlTemplate":"https:\/\/adamtransport.com\/hu\/?s={search_term_string}"},"query-input":{"@type":"PropertyValueSpecification","valueRequired":true,"valueName":"search_term_string"}}],"inLanguage":"hu"},{"@type":"Organization","@id":"https:\/\/adamtransport.com\/hu\/#organization","name":"ATS Kft.","url":"https:\/\/adamtransport.com\/hu\/","logo":{"@type":"ImageObject","inLanguage":"hu","@id":"https:\/\/adamtransport.com\/hu\/#\/schema\/logo\/image\/","url":"https:\/\/adamtransport.com\/hu\/wp-content\/uploads\/2023\/12\/cropped-2024-ATS-vegleges-logo-haromszog-nelkul.png","contentUrl":"https:\/\/adamtransport.com\/hu\/wp-content\/uploads\/2023\/12\/cropped-2024-ATS-vegleges-logo-haromszog-nelkul.png","width":3916,"height":1359,"caption":"ATS Kft."},"image":{"@id":"https:\/\/adamtransport.com\/hu\/#\/schema\/logo\/image\/"}}]}},"_links":{"self":[{"href":"https:\/\/adamtransport.com\/hu\/wp-json\/wp\/v2\/pages\/2218","targetHints":{"allow":["GET"]}}],"collection":[{"href":"https:\/\/adamtransport.com\/hu\/wp-json\/wp\/v2\/pages"}],"about":[{"href":"https:\/\/adamtransport.com\/hu\/wp-json\/wp\/v2\/types\/page"}],"author":[{"embeddable":true,"href":"https:\/\/adamtransport.com\/hu\/wp-json\/wp\/v2\/users\/6"}],"replies":[{"embeddable":true,"href":"https:\/\/adamtransport.com\/hu\/wp-json\/wp\/v2\/comments?post=2218"}],"version-history":[{"count":82,"href":"https:\/\/adamtransport.com\/hu\/wp-json\/wp\/v2\/pages\/2218\/revisions"}],"predecessor-version":[{"id":2472,"href":"https:\/\/adamtransport.com\/hu\/wp-json\/wp\/v2\/pages\/2218\/revisions\/2472"}],"wp:attachment":[{"href":"https:\/\/adamtransport.com\/hu\/wp-json\/wp\/v2\/media?parent=2218"}],"curies":[{"name":"wp","href":"https:\/\/api.w.org\/{rel}","templated":true}]}}