{"id":2205,"date":"2024-11-27T15:20:53","date_gmt":"2024-11-27T15:20:53","guid":{"rendered":"https:\/\/adamtransport.com\/hu\/?page_id=2205"},"modified":"2024-12-02T14:29:32","modified_gmt":"2024-12-02T14:29:32","slug":"rolunk","status":"publish","type":"page","link":"https:\/\/adamtransport.com\/hu\/rolunk","title":{"rendered":"R\u00f3lunk"},"content":{"rendered":"\t\t<div data-elementor-type=\"wp-page\" data-elementor-id=\"2205\" class=\"elementor elementor-2205\" data-elementor-post-type=\"page\">\n\t\t\t\t<div class=\"elementor-element elementor-element-2263bba2 e-flex e-con-boxed e-con e-parent\" data-id=\"2263bba2\" data-element_type=\"container\" data-settings=\"{&quot;background_background&quot;:&quot;classic&quot;,&quot;jet_parallax_layout_list&quot;:[]}\">\n\t\t\t\t\t<div class=\"e-con-inner\">\n\t\t<div class=\"elementor-element elementor-element-593c7ad7 e-con-full e-flex elementor-invisible e-con e-child\" data-id=\"593c7ad7\" data-element_type=\"container\" data-settings=\"{&quot;jet_parallax_layout_list&quot;:[],&quot;background_background&quot;:&quot;classic&quot;,&quot;animation&quot;:&quot;fadeInLeft&quot;}\">\n\t\t\t\t<div class=\"elementor-element elementor-element-3b3d2d27 elementor-widget elementor-widget-text-editor\" data-id=\"3b3d2d27\" data-element_type=\"widget\" data-widget_type=\"text-editor.default\">\n\t\t\t\t<div class=\"elementor-widget-container\">\n\t\t\t\t\t\t\t\t\t<p><em>\u201eHossz\u00fa t\u00e1v\u00fa siker\u00fcnk k\u00e9t t\u00e9nyez\u0151nek k\u00f6sz\u00f6nhet\u0151: rugalmas szolg\u00e1ltat\u00e1sokat ny\u00fajtunk \u00e9s a megfelel\u0151 emberekkel dolgozunk egy\u00fctt. Minden egyes \u00fcgyfel\u00fcnk m\u00e1s \u00e9s m\u00e1s ig\u00e9nyekkel fordul hozz\u00e1nk, melyek standard alapszolg\u00e1ltat\u00e1sok helyett egyedi logisztikai megold\u00e1sokat k\u00f6vetelnek meg, ehhez pedig elengedhetetlen a professzion\u00e1lis szakmai st\u00e1b, \u00e9s a j\u00f3l bej\u00e1ratott nemzetk\u00f6zi kapcsolatrendszer.\u201d<\/em><\/p><p><em>Himmer L\u00e1szl\u00f3 \u00fcgyvezet\u0151<\/em><\/p>\t\t\t\t\t\t\t\t<\/div>\n\t\t\t\t<\/div>\n\t\t\t\t<div class=\"elementor-element elementor-element-81c4100 elementor-widget elementor-widget-image\" data-id=\"81c4100\" data-element_type=\"widget\" data-widget_type=\"image.default\">\n\t\t\t\t<div class=\"elementor-widget-container\">\n\t\t\t\t\t\t\t\t\t\t\t\t\t\t\t<img fetchpriority=\"high\" decoding=\"async\" width=\"800\" height=\"800\" src=\"https:\/\/adamtransport.com\/hu\/wp-content\/uploads\/2023\/03\/Himmer-Laszlo-ugyvezeto-1024x1024.jpg\" class=\"attachment-large size-large wp-image-1916\" alt=\"\" srcset=\"https:\/\/adamtransport.com\/hu\/wp-content\/uploads\/2023\/03\/Himmer-Laszlo-ugyvezeto-1024x1024.jpg 1024w, https:\/\/adamtransport.com\/hu\/wp-content\/uploads\/2023\/03\/Himmer-Laszlo-ugyvezeto-300x300.jpg 300w, https:\/\/adamtransport.com\/hu\/wp-content\/uploads\/2023\/03\/Himmer-Laszlo-ugyvezeto-150x150.jpg 150w, https:\/\/adamtransport.com\/hu\/wp-content\/uploads\/2023\/03\/Himmer-Laszlo-ugyvezeto-768x768.jpg 768w, https:\/\/adamtransport.com\/hu\/wp-content\/uploads\/2023\/03\/Himmer-Laszlo-ugyvezeto-1536x1536.jpg 1536w, https:\/\/adamtransport.com\/hu\/wp-content\/uploads\/2023\/03\/Himmer-Laszlo-ugyvezeto-2048x2048.jpg 2048w\" sizes=\"(max-width: 800px) 100vw, 800px\" \/>\t\t\t\t\t\t\t\t\t\t\t\t\t\t\t<\/div>\n\t\t\t\t<\/div>\n\t\t\t\t<div class=\"elementor-element elementor-element-65289108 elementor-widget elementor-widget-image\" data-id=\"65289108\" data-element_type=\"widget\" data-widget_type=\"image.default\">\n\t\t\t\t<div class=\"elementor-widget-container\">\n\t\t\t\t\t\t\t\t\t\t\t\t\t\t\t<img decoding=\"async\" width=\"800\" height=\"277\" src=\"https:\/\/adamtransport.com\/hu\/wp-content\/uploads\/2023\/12\/cropped-2024-ATS-vegleges-logo-haromszog-nelkul-1024x355.png\" class=\"attachment-large size-large wp-image-2048\" alt=\"\" srcset=\"https:\/\/adamtransport.com\/hu\/wp-content\/uploads\/2023\/12\/cropped-2024-ATS-vegleges-logo-haromszog-nelkul-1024x355.png 1024w, https:\/\/adamtransport.com\/hu\/wp-content\/uploads\/2023\/12\/cropped-2024-ATS-vegleges-logo-haromszog-nelkul-300x104.png 300w, https:\/\/adamtransport.com\/hu\/wp-content\/uploads\/2023\/12\/cropped-2024-ATS-vegleges-logo-haromszog-nelkul-768x267.png 768w, https:\/\/adamtransport.com\/hu\/wp-content\/uploads\/2023\/12\/cropped-2024-ATS-vegleges-logo-haromszog-nelkul-1536x533.png 1536w, https:\/\/adamtransport.com\/hu\/wp-content\/uploads\/2023\/12\/cropped-2024-ATS-vegleges-logo-haromszog-nelkul-2048x711.png 2048w\" sizes=\"(max-width: 800px) 100vw, 800px\" \/>\t\t\t\t\t\t\t\t\t\t\t\t\t\t\t<\/div>\n\t\t\t\t<\/div>\n\t\t\t\t<\/div>\n\t\t<div class=\"elementor-element elementor-element-57f243fb e-con-full e-flex elementor-invisible e-con e-child\" data-id=\"57f243fb\" data-element_type=\"container\" data-settings=\"{&quot;background_background&quot;:&quot;classic&quot;,&quot;jet_parallax_layout_list&quot;:[],&quot;animation&quot;:&quot;fadeInRight&quot;}\">\n\t\t\t\t<div class=\"elementor-element elementor-element-d435125 elementor-widget elementor-widget-image-box\" data-id=\"d435125\" data-element_type=\"widget\" data-widget_type=\"image-box.default\">\n\t\t\t\t<div class=\"elementor-widget-container\">\n\t\t\t\t\t<div class=\"elementor-image-box-wrapper\"><div class=\"elementor-image-box-content\"><p class=\"elementor-image-box-description\">Az Adam Transport Services Kft. nemzetk\u00f6zi sz\u00e1ll\u00edtm\u00e1nyoz\u00e1si c\u00e9gk\u00e9nt komplex logisztikai megold\u00e1sokat ny\u00fajt \u00fcgyfelei r\u00e9sz\u00e9re egy sz\u00e1ll\u00edt\u00e1s kezdet\u00e9t\u0151l eg\u00e9szen a v\u00e9g\u00e9ig. Minden kulcs modalit\u00e1sban jelen vagyunk, legyen sz\u00f3 import, vagy export ir\u00e1nyr\u00f3l egyar\u00e1nt. <BR><BR>\n\nC\u00e9g\u00fcnk 1998-as alap\u00edt\u00e1sa \u00f3ta meghat\u00e1roz\u00f3 szerepet t\u00f6lt be Magyarorsz\u00e1gon a nemzetk\u00f6zi sz\u00e1ll\u00edtm\u00e1nyoz\u00e1sban r\u00e9sztvev\u0151k k\u00f6z\u00f6tt. B\u00fcszk\u00e9k vagyunk arra, hogy mind a mai napig 100%-ban magyar tulajdon\u00fa v\u00e1llalkoz\u00e1sk\u00e9nt \u00e9vr\u0151l \u00e9vre b\u0151v\u00fcl\u0151 \u00fcgyf\u00e9l\u00e1llom\u00e1nnyal rendelkez\u00fcnk, ami szakmai hozz\u00e1\u00e9rt\u00e9s\u00fcnket bizony\u00edtva meger\u0151s\u00edt minket. <BR><BR>\n\nFontos sz\u00e1munkra a kreativit\u00e1s \u00e9s a rugalmass\u00e1g valamint az, hogy folyamatosan keress\u00fck az \u00faj megold\u00e1sokat.  <BR><BR>\u00c9ppen ez\u00e9rt nagyon nagy figyelmet ford\u00edtunk munkat\u00e1rsaink k\u00e9pz\u00e9s\u00e9re, fejleszt\u00e9s\u00e9re. Kiemelt hangs\u00falyt fektet\u00fcnk az \u00fcgyf\u00e9l kommunik\u00e1ci\u00f3ra, ez\u00e9rt m\u00e1r az el\u0151k\u00e9sz\u00fcletekn\u00e9l (pl.: parit\u00e1sok meghat\u00e1roz\u00e1sa vagy az egy\u00e9b felmer\u00fcl\u0151 szakmai k\u00e9rd\u00e9sek tiszt\u00e1z\u00e1sa, stb.) igyeksz\u00fcnk \u00fcgyfeleinket d\u00f6nt\u00e9s\u00fckben seg\u00edteni \u00e9s egy\u00fctt, egy szem\u00e9lyre szabott megold\u00e1st tal\u00e1lni sz\u00e1mukra. Minden nap az\u00e9rt dolgozunk, hogy megb\u00edz\u00f3ink el\u00e9gedettek legyenek \u00e9s a k\u00f6vetkez\u0151 sz\u00e1ll\u00edt\u00e1suk alkalm\u00e1val is c\u00e9g\u00fcnket v\u00e1lassz\u00e1k.<BR><BR>\n\nM\u00e1sf\u00e9l \u00e9vtizedes logisztikai m\u00faltunknak k\u00f6sz\u00f6nhet\u0151en b\u00e1rmilyen sz\u00e1ll\u00edtm\u00e1nyra vonatkoz\u00f3an meg tudjuk hat\u00e1rozni a priorit\u00e1s \u00e9s a k\u00f6lts\u00e9ghat\u00e9konys\u00e1g szempontj\u00e1b\u00f3l legoptim\u00e1lisabb \u00fatvonalat. A tranzit id\u0151t rel\u00e1ci\u00f3t\u00f3l \u00e9s sz\u00e1ll\u00edt\u00e1si form\u00e1t\u00f3l f\u00fcgg\u0151en, hozz\u00e1vet\u0151legesen, minim\u00e1lis elt\u00e9r\u00e9ssel el\u0151re tudjuk jelezni, biztos\u00edtva ezzel azt, hogy \u00fcgyfeleink tervezhessenek a megrendelt sz\u00e1ll\u00edt\u00e1s id\u0151tartam\u00e1val kapcsolatban. <BR><BR>\n\nNyomon k\u00f6vetj\u00fck az \u00e1ruk mozg\u00e1s\u00e1t, melyr\u0151l folyamatos \u00e9s pontos t\u00e1j\u00e9koztat\u00e1st adunk megb\u00edz\u00f3inknak, ez\u00e1ltal reduk\u00e1ljuk azokat az esetlegesen felmer\u00fcl\u0151 kock\u00e1zati t\u00e9nyez\u0151ket, melyek id\u0151beni cs\u00fasz\u00e1st, illetve plusz k\u00f6lts\u00e9geket eredm\u00e9nyezhetnek. Amikor csak lehets\u00e9ges, el\u0151re dolgozunk, ezzel is seg\u00edtve a folyamatok g\u00f6rd\u00fcl\u00e9kenys\u00e9g\u00e9t \u00e9s kisz\u00e1m\u00edthat\u00f3s\u00e1g\u00e1t. <BR><BR>\n\nA nemzetk\u00f6zi sz\u00e1ll\u00edtm\u00e1nyoz\u00e1s ter\u00fclet\u00e9n alkalmazott szab\u00e1lyok maxim\u00e1lis betart\u00e1sa mellett rugalmasan \u00e9s megb\u00edzhat\u00f3an kezelj\u00fck az \u00fczleti \u00e9rdekeket t\u00f6rekedve arra, hogy minden esetben a leghat\u00e9konyabban j\u00e1rjunk el. Kiterjedt kapcsolati rendszerrel rendelkez\u00fcnk Eur\u00f3pa repterein (pl.: Budapest, B\u00e9cs, Frankfurt, London, Isztambul, stb.) \u00e9s tengeri kik\u00f6t\u0151iben (pl.: Koper, Trieszt, Rijeka, Hamburg, Bremerhaven, Rotterdam, Gdynia, stb.) egyar\u00e1nt. Tagjai vagyunk h\u00e1rom nemzetk\u00f6zi logisztikai h\u00e1l\u00f3zatnak (pl.: Lognet Global Logistics Network \u2013 WCAworld, JCTrans), ez\u00e1ltal nem okoz probl\u00e9m\u00e1t sz\u00e1munkra a vil\u00e1g b\u00e1rmely pontj\u00e1ra \/ pontj\u00e1ba t\u00f6rt\u00e9n\u0151 sz\u00e1ll\u00edtm\u00e1nyok szervez\u00e9se sem.<BR><BR>\n\nValljuk, hogy sikeres m\u0171k\u00f6d\u00e9s\u00fcnket v\u00e1llalati \u00e9rt\u00e9keink alapozz\u00e1k meg. Azok az \u00e9rt\u00e9kek, amik megk\u00fcl\u00f6nb\u00f6ztetnek minket versenyt\u00e1rsainkt\u00f3l \u00e9s amelyekkel b\u00e1rmit el\u00e9rhet\u00fcnk. \u00d3vjuk, folyamatosan \u00e1poljuk \u00e9s tiszteletben tartjuk ezeket az \u00e9rt\u00e9keket, mert hissz\u00fck, hogy a \u201elogisztika szem\u00e9lyre szabva\u201d szlogen\u00fcnk nemcsak egy hangzatos \u00edg\u00e9ret, hanem egyben garancia is szolg\u00e1ltat\u00e1sunk min\u0151s\u00e9g\u00e9re\n<\/p><\/div><\/div>\t\t\t\t<\/div>\n\t\t\t\t<\/div>\n\t\t\t\t<div class=\"elementor-element elementor-element-78b21c87 elementor-widget elementor-widget-button\" data-id=\"78b21c87\" data-element_type=\"widget\" data-widget_type=\"button.default\">\n\t\t\t\t<div class=\"elementor-widget-container\">\n\t\t\t\t\t\t\t\t\t<div class=\"elementor-button-wrapper\">\n\t\t\t\t\t<a class=\"elementor-button elementor-button-link elementor-size-lg\" href=\"https:\/\/adamtransport.com\/hu\/ajanlatkeres\">\n\t\t\t\t\t\t<span class=\"elementor-button-content-wrapper\">\n\t\t\t\t\t\t\t\t\t<span class=\"elementor-button-text\">Aj\u00e1nlatk\u00e9r\u00e9s<\/span>\n\t\t\t\t\t<\/span>\n\t\t\t\t\t<\/a>\n\t\t\t\t<\/div>\n\t\t\t\t\t\t\t\t<\/div>\n\t\t\t\t<\/div>\n\t\t\t\t<\/div>\n\t\t\t\t\t<\/div>\n\t\t\t\t<\/div>\n\t\t\t\t<\/div>\n\t\t","protected":false},"excerpt":{"rendered":"<p>\u201eHossz\u00fa t\u00e1v\u00fa siker\u00fcnk k\u00e9t t\u00e9nyez\u0151nek k\u00f6sz\u00f6nhet\u0151: rugalmas szolg\u00e1ltat\u00e1sokat ny\u00fajtunk \u00e9s a megfelel\u0151 emberekkel dolgozunk egy\u00fctt. Minden egyes \u00fcgyfel\u00fcnk m\u00e1s \u00e9s m\u00e1s ig\u00e9nyekkel fordul hozz\u00e1nk, melyek standard alapszolg\u00e1ltat\u00e1sok helyett egyedi logisztikai megold\u00e1sokat k\u00f6vetelnek meg, ehhez pedig elengedhetetlen a professzion\u00e1lis szakmai st\u00e1b, \u00e9s a j\u00f3l bej\u00e1ratott nemzetk\u00f6zi kapcsolatrendszer.\u201d Himmer L\u00e1szl\u00f3 \u00fcgyvezet\u0151 Az Adam Transport Services Kft. nemzetk\u00f6zi [&hellip;]<\/p>\n","protected":false},"author":6,"featured_media":0,"parent":0,"menu_order":0,"comment_status":"closed","ping_status":"closed","template":"","meta":{"footnotes":""},"class_list":["post-2205","page","type-page","status-publish","hentry"],"yoast_head":"<!-- This site is optimized with the Yoast SEO plugin v25.3 - https:\/\/yoast.com\/wordpress\/plugins\/seo\/ -->\n<title>R\u00f3lunk - ATS Kft.<\/title>\n<meta name=\"robots\" content=\"index, follow, max-snippet:-1, max-image-preview:large, max-video-preview:-1\" \/>\n<link rel=\"canonical\" href=\"https:\/\/adamtransport.com\/hu\/rolunk\" \/>\n<meta property=\"og:locale\" content=\"hu_HU\" \/>\n<meta property=\"og:type\" content=\"article\" \/>\n<meta property=\"og:title\" content=\"R\u00f3lunk - ATS Kft.\" \/>\n<meta property=\"og:description\" content=\"\u201eHossz\u00fa t\u00e1v\u00fa siker\u00fcnk k\u00e9t t\u00e9nyez\u0151nek k\u00f6sz\u00f6nhet\u0151: rugalmas szolg\u00e1ltat\u00e1sokat ny\u00fajtunk \u00e9s a megfelel\u0151 emberekkel dolgozunk egy\u00fctt. Minden egyes \u00fcgyfel\u00fcnk m\u00e1s \u00e9s m\u00e1s ig\u00e9nyekkel fordul hozz\u00e1nk, melyek standard alapszolg\u00e1ltat\u00e1sok helyett egyedi logisztikai megold\u00e1sokat k\u00f6vetelnek meg, ehhez pedig elengedhetetlen a professzion\u00e1lis szakmai st\u00e1b, \u00e9s a j\u00f3l bej\u00e1ratott nemzetk\u00f6zi kapcsolatrendszer.\u201d Himmer L\u00e1szl\u00f3 \u00fcgyvezet\u0151 Az Adam Transport Services Kft. nemzetk\u00f6zi [&hellip;]\" \/>\n<meta property=\"og:url\" content=\"https:\/\/adamtransport.com\/hu\/rolunk\" \/>\n<meta property=\"og:site_name\" content=\"ATS Kft.\" \/>\n<meta property=\"article:modified_time\" content=\"2024-12-02T14:29:32+00:00\" \/>\n<meta property=\"og:image\" content=\"https:\/\/adamtransport.com\/hu\/wp-content\/uploads\/2023\/03\/Himmer-Laszlo-ugyvezeto.jpg\" \/>\n\t<meta property=\"og:image:width\" content=\"2268\" \/>\n\t<meta property=\"og:image:height\" content=\"2268\" \/>\n\t<meta property=\"og:image:type\" content=\"image\/jpeg\" \/>\n<meta name=\"twitter:card\" content=\"summary_large_image\" \/>\n<meta name=\"twitter:label1\" content=\"Becs\u00fclt olvas\u00e1si id\u0151\" \/>\n\t<meta name=\"twitter:data1\" content=\"3 perc\" \/>\n<script type=\"application\/ld+json\" class=\"yoast-schema-graph\">{\"@context\":\"https:\/\/schema.org\",\"@graph\":[{\"@type\":\"WebPage\",\"@id\":\"https:\/\/adamtransport.com\/hu\/rolunk\",\"url\":\"https:\/\/adamtransport.com\/hu\/rolunk\",\"name\":\"R\u00f3lunk - ATS Kft.\",\"isPartOf\":{\"@id\":\"https:\/\/adamtransport.com\/hu\/#website\"},\"primaryImageOfPage\":{\"@id\":\"https:\/\/adamtransport.com\/hu\/rolunk#primaryimage\"},\"image\":{\"@id\":\"https:\/\/adamtransport.com\/hu\/rolunk#primaryimage\"},\"thumbnailUrl\":\"https:\/\/adamtransport.com\/hu\/wp-content\/uploads\/2023\/03\/Himmer-Laszlo-ugyvezeto-1024x1024.jpg\",\"datePublished\":\"2024-11-27T15:20:53+00:00\",\"dateModified\":\"2024-12-02T14:29:32+00:00\",\"breadcrumb\":{\"@id\":\"https:\/\/adamtransport.com\/hu\/rolunk#breadcrumb\"},\"inLanguage\":\"hu\",\"potentialAction\":[{\"@type\":\"ReadAction\",\"target\":[\"https:\/\/adamtransport.com\/hu\/rolunk\"]}]},{\"@type\":\"ImageObject\",\"inLanguage\":\"hu\",\"@id\":\"https:\/\/adamtransport.com\/hu\/rolunk#primaryimage\",\"url\":\"https:\/\/adamtransport.com\/hu\/wp-content\/uploads\/2023\/03\/Himmer-Laszlo-ugyvezeto.jpg\",\"contentUrl\":\"https:\/\/adamtransport.com\/hu\/wp-content\/uploads\/2023\/03\/Himmer-Laszlo-ugyvezeto.jpg\",\"width\":2268,\"height\":2268},{\"@type\":\"BreadcrumbList\",\"@id\":\"https:\/\/adamtransport.com\/hu\/rolunk#breadcrumb\",\"itemListElement\":[{\"@type\":\"ListItem\",\"position\":1,\"name\":\"Home\",\"item\":\"https:\/\/adamtransport.com\/hu\/\"},{\"@type\":\"ListItem\",\"position\":2,\"name\":\"R\u00f3lunk\"}]},{\"@type\":\"WebSite\",\"@id\":\"https:\/\/adamtransport.com\/hu\/#website\",\"url\":\"https:\/\/adamtransport.com\/hu\/\",\"name\":\"ATS Kft.\",\"description\":\"Logisztika szem\u00e9lyre szabva!\",\"publisher\":{\"@id\":\"https:\/\/adamtransport.com\/hu\/#organization\"},\"potentialAction\":[{\"@type\":\"SearchAction\",\"target\":{\"@type\":\"EntryPoint\",\"urlTemplate\":\"https:\/\/adamtransport.com\/hu\/?s={search_term_string}\"},\"query-input\":{\"@type\":\"PropertyValueSpecification\",\"valueRequired\":true,\"valueName\":\"search_term_string\"}}],\"inLanguage\":\"hu\"},{\"@type\":\"Organization\",\"@id\":\"https:\/\/adamtransport.com\/hu\/#organization\",\"name\":\"ATS Kft.\",\"url\":\"https:\/\/adamtransport.com\/hu\/\",\"logo\":{\"@type\":\"ImageObject\",\"inLanguage\":\"hu\",\"@id\":\"https:\/\/adamtransport.com\/hu\/#\/schema\/logo\/image\/\",\"url\":\"https:\/\/adamtransport.com\/hu\/wp-content\/uploads\/2023\/12\/cropped-2024-ATS-vegleges-logo-haromszog-nelkul.png\",\"contentUrl\":\"https:\/\/adamtransport.com\/hu\/wp-content\/uploads\/2023\/12\/cropped-2024-ATS-vegleges-logo-haromszog-nelkul.png\",\"width\":3916,\"height\":1359,\"caption\":\"ATS Kft.\"},\"image\":{\"@id\":\"https:\/\/adamtransport.com\/hu\/#\/schema\/logo\/image\/\"}}]}<\/script>\n<!-- \/ Yoast SEO plugin. -->","yoast_head_json":{"title":"R\u00f3lunk - ATS Kft.","robots":{"index":"index","follow":"follow","max-snippet":"max-snippet:-1","max-image-preview":"max-image-preview:large","max-video-preview":"max-video-preview:-1"},"canonical":"https:\/\/adamtransport.com\/hu\/rolunk","og_locale":"hu_HU","og_type":"article","og_title":"R\u00f3lunk - ATS Kft.","og_description":"\u201eHossz\u00fa t\u00e1v\u00fa siker\u00fcnk k\u00e9t t\u00e9nyez\u0151nek k\u00f6sz\u00f6nhet\u0151: rugalmas szolg\u00e1ltat\u00e1sokat ny\u00fajtunk \u00e9s a megfelel\u0151 emberekkel dolgozunk egy\u00fctt. Minden egyes \u00fcgyfel\u00fcnk m\u00e1s \u00e9s m\u00e1s ig\u00e9nyekkel fordul hozz\u00e1nk, melyek standard alapszolg\u00e1ltat\u00e1sok helyett egyedi logisztikai megold\u00e1sokat k\u00f6vetelnek meg, ehhez pedig elengedhetetlen a professzion\u00e1lis szakmai st\u00e1b, \u00e9s a j\u00f3l bej\u00e1ratott nemzetk\u00f6zi kapcsolatrendszer.\u201d Himmer L\u00e1szl\u00f3 \u00fcgyvezet\u0151 Az Adam Transport Services Kft. nemzetk\u00f6zi [&hellip;]","og_url":"https:\/\/adamtransport.com\/hu\/rolunk","og_site_name":"ATS Kft.","article_modified_time":"2024-12-02T14:29:32+00:00","og_image":[{"width":2268,"height":2268,"url":"https:\/\/adamtransport.com\/hu\/wp-content\/uploads\/2023\/03\/Himmer-Laszlo-ugyvezeto.jpg","type":"image\/jpeg"}],"twitter_card":"summary_large_image","twitter_misc":{"Becs\u00fclt olvas\u00e1si id\u0151":"3 perc"},"schema":{"@context":"https:\/\/schema.org","@graph":[{"@type":"WebPage","@id":"https:\/\/adamtransport.com\/hu\/rolunk","url":"https:\/\/adamtransport.com\/hu\/rolunk","name":"R\u00f3lunk - ATS Kft.","isPartOf":{"@id":"https:\/\/adamtransport.com\/hu\/#website"},"primaryImageOfPage":{"@id":"https:\/\/adamtransport.com\/hu\/rolunk#primaryimage"},"image":{"@id":"https:\/\/adamtransport.com\/hu\/rolunk#primaryimage"},"thumbnailUrl":"https:\/\/adamtransport.com\/hu\/wp-content\/uploads\/2023\/03\/Himmer-Laszlo-ugyvezeto-1024x1024.jpg","datePublished":"2024-11-27T15:20:53+00:00","dateModified":"2024-12-02T14:29:32+00:00","breadcrumb":{"@id":"https:\/\/adamtransport.com\/hu\/rolunk#breadcrumb"},"inLanguage":"hu","potentialAction":[{"@type":"ReadAction","target":["https:\/\/adamtransport.com\/hu\/rolunk"]}]},{"@type":"ImageObject","inLanguage":"hu","@id":"https:\/\/adamtransport.com\/hu\/rolunk#primaryimage","url":"https:\/\/adamtransport.com\/hu\/wp-content\/uploads\/2023\/03\/Himmer-Laszlo-ugyvezeto.jpg","contentUrl":"https:\/\/adamtransport.com\/hu\/wp-content\/uploads\/2023\/03\/Himmer-Laszlo-ugyvezeto.jpg","width":2268,"height":2268},{"@type":"BreadcrumbList","@id":"https:\/\/adamtransport.com\/hu\/rolunk#breadcrumb","itemListElement":[{"@type":"ListItem","position":1,"name":"Home","item":"https:\/\/adamtransport.com\/hu\/"},{"@type":"ListItem","position":2,"name":"R\u00f3lunk"}]},{"@type":"WebSite","@id":"https:\/\/adamtransport.com\/hu\/#website","url":"https:\/\/adamtransport.com\/hu\/","name":"ATS Kft.","description":"Logisztika szem\u00e9lyre szabva!","publisher":{"@id":"https:\/\/adamtransport.com\/hu\/#organization"},"potentialAction":[{"@type":"SearchAction","target":{"@type":"EntryPoint","urlTemplate":"https:\/\/adamtransport.com\/hu\/?s={search_term_string}"},"query-input":{"@type":"PropertyValueSpecification","valueRequired":true,"valueName":"search_term_string"}}],"inLanguage":"hu"},{"@type":"Organization","@id":"https:\/\/adamtransport.com\/hu\/#organization","name":"ATS Kft.","url":"https:\/\/adamtransport.com\/hu\/","logo":{"@type":"ImageObject","inLanguage":"hu","@id":"https:\/\/adamtransport.com\/hu\/#\/schema\/logo\/image\/","url":"https:\/\/adamtransport.com\/hu\/wp-content\/uploads\/2023\/12\/cropped-2024-ATS-vegleges-logo-haromszog-nelkul.png","contentUrl":"https:\/\/adamtransport.com\/hu\/wp-content\/uploads\/2023\/12\/cropped-2024-ATS-vegleges-logo-haromszog-nelkul.png","width":3916,"height":1359,"caption":"ATS Kft."},"image":{"@id":"https:\/\/adamtransport.com\/hu\/#\/schema\/logo\/image\/"}}]}},"_links":{"self":[{"href":"https:\/\/adamtransport.com\/hu\/wp-json\/wp\/v2\/pages\/2205","targetHints":{"allow":["GET"]}}],"collection":[{"href":"https:\/\/adamtransport.com\/hu\/wp-json\/wp\/v2\/pages"}],"about":[{"href":"https:\/\/adamtransport.com\/hu\/wp-json\/wp\/v2\/types\/page"}],"author":[{"embeddable":true,"href":"https:\/\/adamtransport.com\/hu\/wp-json\/wp\/v2\/users\/6"}],"replies":[{"embeddable":true,"href":"https:\/\/adamtransport.com\/hu\/wp-json\/wp\/v2\/comments?post=2205"}],"version-history":[{"count":25,"href":"https:\/\/adamtransport.com\/hu\/wp-json\/wp\/v2\/pages\/2205\/revisions"}],"predecessor-version":[{"id":2400,"href":"https:\/\/adamtransport.com\/hu\/wp-json\/wp\/v2\/pages\/2205\/revisions\/2400"}],"wp:attachment":[{"href":"https:\/\/adamtransport.com\/hu\/wp-json\/wp\/v2\/media?parent=2205"}],"curies":[{"name":"wp","href":"https:\/\/api.w.org\/{rel}","templated":true}]}}