{"id":2195,"date":"2024-11-27T15:16:49","date_gmt":"2024-11-27T15:16:49","guid":{"rendered":"https:\/\/adamtransport.com\/hu\/?page_id=2195"},"modified":"2024-11-28T10:23:50","modified_gmt":"2024-11-28T10:23:50","slug":"kulkereskedelmi-segitsegnyujtas","status":"publish","type":"page","link":"https:\/\/adamtransport.com\/hu\/kulkereskedelmi-segitsegnyujtas","title":{"rendered":"K\u00fclkereskedelmi seg\u00edts\u00e9gny\u00fajt\u00e1s"},"content":{"rendered":"\t\t<div data-elementor-type=\"wp-page\" data-elementor-id=\"2195\" class=\"elementor elementor-2195\" data-elementor-post-type=\"page\">\n\t\t\t\t<div class=\"elementor-element elementor-element-59f75a9b e-flex e-con-boxed e-con e-parent\" data-id=\"59f75a9b\" data-element_type=\"container\" data-settings=\"{&quot;background_background&quot;:&quot;classic&quot;,&quot;jet_parallax_layout_list&quot;:[]}\">\n\t\t\t\t\t<div class=\"e-con-inner\">\n\t\t<div class=\"elementor-element elementor-element-2531ea88 e-con-full e-flex elementor-invisible e-con e-child\" data-id=\"2531ea88\" data-element_type=\"container\" data-settings=\"{&quot;jet_parallax_layout_list&quot;:[],&quot;background_background&quot;:&quot;classic&quot;,&quot;animation&quot;:&quot;fadeInLeft&quot;}\">\n\t\t\t\t<div class=\"elementor-element elementor-element-763090c0 elementor-widget elementor-widget-image\" data-id=\"763090c0\" data-element_type=\"widget\" data-widget_type=\"image.default\">\n\t\t\t\t<div class=\"elementor-widget-container\">\n\t\t\t\t\t\t\t\t\t\t\t\t\t\t\t<img fetchpriority=\"high\" decoding=\"async\" width=\"640\" height=\"640\" src=\"https:\/\/adamtransport.com\/hu\/wp-content\/uploads\/2023\/02\/kulkereskedelmi_segitsegnyujtas.gif\" class=\"attachment-large size-large wp-image-1663\" alt=\"k\u00fclkereskedelmi_seg\u00edts\u00e9gny\u00fajt\u00e1s\" \/>\t\t\t\t\t\t\t\t\t\t\t\t\t\t\t<\/div>\n\t\t\t\t<\/div>\n\t\t\t\t<div class=\"elementor-element elementor-element-5db2f066 elementor-widget elementor-widget-text-editor\" data-id=\"5db2f066\" data-element_type=\"widget\" data-widget_type=\"text-editor.default\">\n\t\t\t\t<div class=\"elementor-widget-container\">\n\t\t\t\t\t\t\t\t\t<p>A nemzetk\u00f6zi kereskedelemben kev\u00e9sb\u00e9 j\u00e1rtas c\u00e9gek sz\u00e1mtalan olyan v\u00e1ratlan akad\u00e1lyba \u00fctk\u00f6zhetnek egy export\/import \u00fcgyletek sor\u00e1n, melyeket mi k\u00f6nnyed\u00e9n ki tudunk k\u00fcsz\u00f6b\u00f6lni. Megb\u00edz\u00f3ink k\u00fclf\u00f6ldi partnereinek m\u0171k\u00f6d\u00e9s\u00e9t a vil\u00e1g b\u00e1rmely pontj\u00e1n el\u0151re ellen\u0151riztetni tudjuk, ak\u00e1r \u00fagy is, hogy az adott orsz\u00e1gbeli partner\u00fcnk szem\u00e9lyesen megl\u00e1togatja a sz\u00e9khely\u00e9t, telephely\u00e9t, gy\u00e1r\u00e1t, stb.<\/p>\t\t\t\t\t\t\t\t<\/div>\n\t\t\t\t<\/div>\n\t\t\t\t<\/div>\n\t\t<div class=\"elementor-element elementor-element-7c217cbe e-con-full e-flex elementor-invisible e-con e-child\" data-id=\"7c217cbe\" data-element_type=\"container\" data-settings=\"{&quot;background_background&quot;:&quot;classic&quot;,&quot;jet_parallax_layout_list&quot;:[],&quot;animation&quot;:&quot;fadeInRight&quot;}\">\n\t\t\t\t<div class=\"elementor-element elementor-element-28314505 elementor-widget elementor-widget-image-box\" data-id=\"28314505\" data-element_type=\"widget\" data-widget_type=\"image-box.default\">\n\t\t\t\t<div class=\"elementor-widget-container\">\n\t\t\t\t\t<div class=\"elementor-image-box-wrapper\"><div class=\"elementor-image-box-content\"><p class=\"elementor-image-box-description\">Egy k\u00fclkereskedelmi t\u00e1rgyal\u00e1s sor\u00e1n \u00e9rdemes miel\u0151bb tiszt\u00e1zni, hogyan oszlanak meg a sz\u00e1ll\u00edt\u00e1si \u00e9s a sz\u00e1ll\u00edtm\u00e1nybiztos\u00edt\u00e1si k\u00f6lts\u00e9gek az elad\u00f3 \u00e9s a vev\u0151 k\u00f6z\u00f6tt (Incoterms). Ennek lebonyol\u00edt\u00e1s\u00e1ban is sz\u00e1m\u00edthatnak r\u00e1nk megb\u00edz\u00f3ink, illetve b\u00e1rmilyen ut\u00f3lag felmer\u00fcl\u0151 technikai k\u00e9rd\u00e9s tiszt\u00e1z\u00e1s\u00e1ban is \u00e1llunk rendelkez\u00e9s\u00fckre. V\u00e9g\u00fcl, de nem utols\u00f3 sorban teljes k\u00f6r\u0171 k\u00fclkereskedelmi k\u00e9pviseletet is el tudunk l\u00e1tni \u00fcgyfeleink sz\u00e1m\u00e1ra, amennyiben erre ig\u00e9nyt tartanak.<\/p><\/div><\/div>\t\t\t\t<\/div>\n\t\t\t\t<\/div>\n\t\t\t\t<div class=\"elementor-element elementor-element-1e8afa14 elementor-mobile-align-center elementor-widget elementor-widget-button\" data-id=\"1e8afa14\" data-element_type=\"widget\" data-widget_type=\"button.default\">\n\t\t\t\t<div class=\"elementor-widget-container\">\n\t\t\t\t\t\t\t\t\t<div class=\"elementor-button-wrapper\">\n\t\t\t\t\t<a class=\"elementor-button elementor-button-link elementor-size-sm\" href=\"https:\/\/adamtransport.com\/hu\/ajanlatkeres\">\n\t\t\t\t\t\t<span class=\"elementor-button-content-wrapper\">\n\t\t\t\t\t\t\t\t\t<span class=\"elementor-button-text\">Aj\u00e1nlatk\u00e9r\u00e9s<\/span>\n\t\t\t\t\t<\/span>\n\t\t\t\t\t<\/a>\n\t\t\t\t<\/div>\n\t\t\t\t\t\t\t\t<\/div>\n\t\t\t\t<\/div>\n\t\t\t\t<\/div>\n\t\t\t\t\t<\/div>\n\t\t\t\t<\/div>\n\t\t\t\t<\/div>\n\t\t","protected":false},"excerpt":{"rendered":"<p>A nemzetk\u00f6zi kereskedelemben kev\u00e9sb\u00e9 j\u00e1rtas c\u00e9gek sz\u00e1mtalan olyan v\u00e1ratlan akad\u00e1lyba \u00fctk\u00f6zhetnek egy export\/import \u00fcgyletek sor\u00e1n, melyeket mi k\u00f6nnyed\u00e9n ki tudunk k\u00fcsz\u00f6b\u00f6lni. Megb\u00edz\u00f3ink k\u00fclf\u00f6ldi partnereinek m\u0171k\u00f6d\u00e9s\u00e9t a vil\u00e1g b\u00e1rmely pontj\u00e1n el\u0151re ellen\u0151riztetni tudjuk, ak\u00e1r \u00fagy is, hogy az adott orsz\u00e1gbeli partner\u00fcnk szem\u00e9lyesen megl\u00e1togatja a sz\u00e9khely\u00e9t, telephely\u00e9t, gy\u00e1r\u00e1t, stb. Egy k\u00fclkereskedelmi t\u00e1rgyal\u00e1s sor\u00e1n \u00e9rdemes miel\u0151bb tiszt\u00e1zni, hogyan [&hellip;]<\/p>\n","protected":false},"author":6,"featured_media":0,"parent":0,"menu_order":0,"comment_status":"closed","ping_status":"closed","template":"","meta":{"footnotes":""},"class_list":["post-2195","page","type-page","status-publish","hentry"],"yoast_head":"<!-- This site is optimized with the Yoast SEO plugin v25.3 - https:\/\/yoast.com\/wordpress\/plugins\/seo\/ -->\n<title>K\u00fclkereskedelmi seg\u00edts\u00e9gny\u00fajt\u00e1s - ATS Kft.<\/title>\n<meta name=\"robots\" content=\"index, follow, max-snippet:-1, max-image-preview:large, max-video-preview:-1\" \/>\n<link rel=\"canonical\" href=\"https:\/\/adamtransport.com\/hu\/kulkereskedelmi-segitsegnyujtas\" \/>\n<meta property=\"og:locale\" content=\"hu_HU\" \/>\n<meta property=\"og:type\" content=\"article\" \/>\n<meta property=\"og:title\" content=\"K\u00fclkereskedelmi seg\u00edts\u00e9gny\u00fajt\u00e1s - ATS Kft.\" \/>\n<meta property=\"og:description\" content=\"A nemzetk\u00f6zi kereskedelemben kev\u00e9sb\u00e9 j\u00e1rtas c\u00e9gek sz\u00e1mtalan olyan v\u00e1ratlan akad\u00e1lyba \u00fctk\u00f6zhetnek egy export\/import \u00fcgyletek sor\u00e1n, melyeket mi k\u00f6nnyed\u00e9n ki tudunk k\u00fcsz\u00f6b\u00f6lni. Megb\u00edz\u00f3ink k\u00fclf\u00f6ldi partnereinek m\u0171k\u00f6d\u00e9s\u00e9t a vil\u00e1g b\u00e1rmely pontj\u00e1n el\u0151re ellen\u0151riztetni tudjuk, ak\u00e1r \u00fagy is, hogy az adott orsz\u00e1gbeli partner\u00fcnk szem\u00e9lyesen megl\u00e1togatja a sz\u00e9khely\u00e9t, telephely\u00e9t, gy\u00e1r\u00e1t, stb. Egy k\u00fclkereskedelmi t\u00e1rgyal\u00e1s sor\u00e1n \u00e9rdemes miel\u0151bb tiszt\u00e1zni, hogyan [&hellip;]\" \/>\n<meta property=\"og:url\" content=\"https:\/\/adamtransport.com\/hu\/kulkereskedelmi-segitsegnyujtas\" \/>\n<meta property=\"og:site_name\" content=\"ATS Kft.\" \/>\n<meta property=\"article:modified_time\" content=\"2024-11-28T10:23:50+00:00\" \/>\n<meta property=\"og:image\" content=\"https:\/\/adamtransport.com\/hu\/wp-content\/uploads\/2023\/02\/kulkereskedelmi_segitsegnyujtas.gif\" \/>\n\t<meta property=\"og:image:width\" content=\"640\" \/>\n\t<meta property=\"og:image:height\" content=\"640\" \/>\n\t<meta property=\"og:image:type\" content=\"image\/gif\" \/>\n<meta name=\"twitter:card\" content=\"summary_large_image\" \/>\n<meta name=\"twitter:label1\" content=\"Becs\u00fclt olvas\u00e1si id\u0151\" \/>\n\t<meta name=\"twitter:data1\" content=\"1 perc\" \/>\n<script type=\"application\/ld+json\" class=\"yoast-schema-graph\">{\"@context\":\"https:\/\/schema.org\",\"@graph\":[{\"@type\":\"WebPage\",\"@id\":\"https:\/\/adamtransport.com\/hu\/kulkereskedelmi-segitsegnyujtas\",\"url\":\"https:\/\/adamtransport.com\/hu\/kulkereskedelmi-segitsegnyujtas\",\"name\":\"K\u00fclkereskedelmi seg\u00edts\u00e9gny\u00fajt\u00e1s - ATS Kft.\",\"isPartOf\":{\"@id\":\"https:\/\/adamtransport.com\/hu\/#website\"},\"primaryImageOfPage\":{\"@id\":\"https:\/\/adamtransport.com\/hu\/kulkereskedelmi-segitsegnyujtas#primaryimage\"},\"image\":{\"@id\":\"https:\/\/adamtransport.com\/hu\/kulkereskedelmi-segitsegnyujtas#primaryimage\"},\"thumbnailUrl\":\"https:\/\/adamtransport.com\/hu\/wp-content\/uploads\/2023\/02\/kulkereskedelmi_segitsegnyujtas.gif\",\"datePublished\":\"2024-11-27T15:16:49+00:00\",\"dateModified\":\"2024-11-28T10:23:50+00:00\",\"breadcrumb\":{\"@id\":\"https:\/\/adamtransport.com\/hu\/kulkereskedelmi-segitsegnyujtas#breadcrumb\"},\"inLanguage\":\"hu\",\"potentialAction\":[{\"@type\":\"ReadAction\",\"target\":[\"https:\/\/adamtransport.com\/hu\/kulkereskedelmi-segitsegnyujtas\"]}]},{\"@type\":\"ImageObject\",\"inLanguage\":\"hu\",\"@id\":\"https:\/\/adamtransport.com\/hu\/kulkereskedelmi-segitsegnyujtas#primaryimage\",\"url\":\"https:\/\/adamtransport.com\/hu\/wp-content\/uploads\/2023\/02\/kulkereskedelmi_segitsegnyujtas.gif\",\"contentUrl\":\"https:\/\/adamtransport.com\/hu\/wp-content\/uploads\/2023\/02\/kulkereskedelmi_segitsegnyujtas.gif\",\"width\":640,\"height\":640,\"caption\":\"k\u00fclkereskedelmi_seg\u00edts\u00e9gny\u00fajt\u00e1s\"},{\"@type\":\"BreadcrumbList\",\"@id\":\"https:\/\/adamtransport.com\/hu\/kulkereskedelmi-segitsegnyujtas#breadcrumb\",\"itemListElement\":[{\"@type\":\"ListItem\",\"position\":1,\"name\":\"Home\",\"item\":\"https:\/\/adamtransport.com\/hu\/\"},{\"@type\":\"ListItem\",\"position\":2,\"name\":\"K\u00fclkereskedelmi seg\u00edts\u00e9gny\u00fajt\u00e1s\"}]},{\"@type\":\"WebSite\",\"@id\":\"https:\/\/adamtransport.com\/hu\/#website\",\"url\":\"https:\/\/adamtransport.com\/hu\/\",\"name\":\"ATS Kft.\",\"description\":\"Logisztika szem\u00e9lyre szabva!\",\"publisher\":{\"@id\":\"https:\/\/adamtransport.com\/hu\/#organization\"},\"potentialAction\":[{\"@type\":\"SearchAction\",\"target\":{\"@type\":\"EntryPoint\",\"urlTemplate\":\"https:\/\/adamtransport.com\/hu\/?s={search_term_string}\"},\"query-input\":{\"@type\":\"PropertyValueSpecification\",\"valueRequired\":true,\"valueName\":\"search_term_string\"}}],\"inLanguage\":\"hu\"},{\"@type\":\"Organization\",\"@id\":\"https:\/\/adamtransport.com\/hu\/#organization\",\"name\":\"ATS Kft.\",\"url\":\"https:\/\/adamtransport.com\/hu\/\",\"logo\":{\"@type\":\"ImageObject\",\"inLanguage\":\"hu\",\"@id\":\"https:\/\/adamtransport.com\/hu\/#\/schema\/logo\/image\/\",\"url\":\"https:\/\/adamtransport.com\/hu\/wp-content\/uploads\/2023\/12\/cropped-2024-ATS-vegleges-logo-haromszog-nelkul.png\",\"contentUrl\":\"https:\/\/adamtransport.com\/hu\/wp-content\/uploads\/2023\/12\/cropped-2024-ATS-vegleges-logo-haromszog-nelkul.png\",\"width\":3916,\"height\":1359,\"caption\":\"ATS Kft.\"},\"image\":{\"@id\":\"https:\/\/adamtransport.com\/hu\/#\/schema\/logo\/image\/\"}}]}<\/script>\n<!-- \/ Yoast SEO plugin. -->","yoast_head_json":{"title":"K\u00fclkereskedelmi seg\u00edts\u00e9gny\u00fajt\u00e1s - ATS Kft.","robots":{"index":"index","follow":"follow","max-snippet":"max-snippet:-1","max-image-preview":"max-image-preview:large","max-video-preview":"max-video-preview:-1"},"canonical":"https:\/\/adamtransport.com\/hu\/kulkereskedelmi-segitsegnyujtas","og_locale":"hu_HU","og_type":"article","og_title":"K\u00fclkereskedelmi seg\u00edts\u00e9gny\u00fajt\u00e1s - ATS Kft.","og_description":"A nemzetk\u00f6zi kereskedelemben kev\u00e9sb\u00e9 j\u00e1rtas c\u00e9gek sz\u00e1mtalan olyan v\u00e1ratlan akad\u00e1lyba \u00fctk\u00f6zhetnek egy export\/import \u00fcgyletek sor\u00e1n, melyeket mi k\u00f6nnyed\u00e9n ki tudunk k\u00fcsz\u00f6b\u00f6lni. Megb\u00edz\u00f3ink k\u00fclf\u00f6ldi partnereinek m\u0171k\u00f6d\u00e9s\u00e9t a vil\u00e1g b\u00e1rmely pontj\u00e1n el\u0151re ellen\u0151riztetni tudjuk, ak\u00e1r \u00fagy is, hogy az adott orsz\u00e1gbeli partner\u00fcnk szem\u00e9lyesen megl\u00e1togatja a sz\u00e9khely\u00e9t, telephely\u00e9t, gy\u00e1r\u00e1t, stb. Egy k\u00fclkereskedelmi t\u00e1rgyal\u00e1s sor\u00e1n \u00e9rdemes miel\u0151bb tiszt\u00e1zni, hogyan [&hellip;]","og_url":"https:\/\/adamtransport.com\/hu\/kulkereskedelmi-segitsegnyujtas","og_site_name":"ATS Kft.","article_modified_time":"2024-11-28T10:23:50+00:00","og_image":[{"width":640,"height":640,"url":"https:\/\/adamtransport.com\/hu\/wp-content\/uploads\/2023\/02\/kulkereskedelmi_segitsegnyujtas.gif","type":"image\/gif"}],"twitter_card":"summary_large_image","twitter_misc":{"Becs\u00fclt olvas\u00e1si id\u0151":"1 perc"},"schema":{"@context":"https:\/\/schema.org","@graph":[{"@type":"WebPage","@id":"https:\/\/adamtransport.com\/hu\/kulkereskedelmi-segitsegnyujtas","url":"https:\/\/adamtransport.com\/hu\/kulkereskedelmi-segitsegnyujtas","name":"K\u00fclkereskedelmi seg\u00edts\u00e9gny\u00fajt\u00e1s - ATS Kft.","isPartOf":{"@id":"https:\/\/adamtransport.com\/hu\/#website"},"primaryImageOfPage":{"@id":"https:\/\/adamtransport.com\/hu\/kulkereskedelmi-segitsegnyujtas#primaryimage"},"image":{"@id":"https:\/\/adamtransport.com\/hu\/kulkereskedelmi-segitsegnyujtas#primaryimage"},"thumbnailUrl":"https:\/\/adamtransport.com\/hu\/wp-content\/uploads\/2023\/02\/kulkereskedelmi_segitsegnyujtas.gif","datePublished":"2024-11-27T15:16:49+00:00","dateModified":"2024-11-28T10:23:50+00:00","breadcrumb":{"@id":"https:\/\/adamtransport.com\/hu\/kulkereskedelmi-segitsegnyujtas#breadcrumb"},"inLanguage":"hu","potentialAction":[{"@type":"ReadAction","target":["https:\/\/adamtransport.com\/hu\/kulkereskedelmi-segitsegnyujtas"]}]},{"@type":"ImageObject","inLanguage":"hu","@id":"https:\/\/adamtransport.com\/hu\/kulkereskedelmi-segitsegnyujtas#primaryimage","url":"https:\/\/adamtransport.com\/hu\/wp-content\/uploads\/2023\/02\/kulkereskedelmi_segitsegnyujtas.gif","contentUrl":"https:\/\/adamtransport.com\/hu\/wp-content\/uploads\/2023\/02\/kulkereskedelmi_segitsegnyujtas.gif","width":640,"height":640,"caption":"k\u00fclkereskedelmi_seg\u00edts\u00e9gny\u00fajt\u00e1s"},{"@type":"BreadcrumbList","@id":"https:\/\/adamtransport.com\/hu\/kulkereskedelmi-segitsegnyujtas#breadcrumb","itemListElement":[{"@type":"ListItem","position":1,"name":"Home","item":"https:\/\/adamtransport.com\/hu\/"},{"@type":"ListItem","position":2,"name":"K\u00fclkereskedelmi seg\u00edts\u00e9gny\u00fajt\u00e1s"}]},{"@type":"WebSite","@id":"https:\/\/adamtransport.com\/hu\/#website","url":"https:\/\/adamtransport.com\/hu\/","name":"ATS Kft.","description":"Logisztika szem\u00e9lyre szabva!","publisher":{"@id":"https:\/\/adamtransport.com\/hu\/#organization"},"potentialAction":[{"@type":"SearchAction","target":{"@type":"EntryPoint","urlTemplate":"https:\/\/adamtransport.com\/hu\/?s={search_term_string}"},"query-input":{"@type":"PropertyValueSpecification","valueRequired":true,"valueName":"search_term_string"}}],"inLanguage":"hu"},{"@type":"Organization","@id":"https:\/\/adamtransport.com\/hu\/#organization","name":"ATS Kft.","url":"https:\/\/adamtransport.com\/hu\/","logo":{"@type":"ImageObject","inLanguage":"hu","@id":"https:\/\/adamtransport.com\/hu\/#\/schema\/logo\/image\/","url":"https:\/\/adamtransport.com\/hu\/wp-content\/uploads\/2023\/12\/cropped-2024-ATS-vegleges-logo-haromszog-nelkul.png","contentUrl":"https:\/\/adamtransport.com\/hu\/wp-content\/uploads\/2023\/12\/cropped-2024-ATS-vegleges-logo-haromszog-nelkul.png","width":3916,"height":1359,"caption":"ATS Kft."},"image":{"@id":"https:\/\/adamtransport.com\/hu\/#\/schema\/logo\/image\/"}}]}},"_links":{"self":[{"href":"https:\/\/adamtransport.com\/hu\/wp-json\/wp\/v2\/pages\/2195","targetHints":{"allow":["GET"]}}],"collection":[{"href":"https:\/\/adamtransport.com\/hu\/wp-json\/wp\/v2\/pages"}],"about":[{"href":"https:\/\/adamtransport.com\/hu\/wp-json\/wp\/v2\/types\/page"}],"author":[{"embeddable":true,"href":"https:\/\/adamtransport.com\/hu\/wp-json\/wp\/v2\/users\/6"}],"replies":[{"embeddable":true,"href":"https:\/\/adamtransport.com\/hu\/wp-json\/wp\/v2\/comments?post=2195"}],"version-history":[{"count":13,"href":"https:\/\/adamtransport.com\/hu\/wp-json\/wp\/v2\/pages\/2195\/revisions"}],"predecessor-version":[{"id":2366,"href":"https:\/\/adamtransport.com\/hu\/wp-json\/wp\/v2\/pages\/2195\/revisions\/2366"}],"wp:attachment":[{"href":"https:\/\/adamtransport.com\/hu\/wp-json\/wp\/v2\/media?parent=2195"}],"curies":[{"name":"wp","href":"https:\/\/api.w.org\/{rel}","templated":true}]}}