{"id":2188,"date":"2024-11-27T15:14:16","date_gmt":"2024-11-27T15:14:16","guid":{"rendered":"https:\/\/adamtransport.com\/hu\/?page_id=2188"},"modified":"2024-11-28T10:17:31","modified_gmt":"2024-11-28T10:17:31","slug":"szallitmanybiztositas","status":"publish","type":"page","link":"https:\/\/adamtransport.com\/hu\/szallitmanybiztositas","title":{"rendered":"Sz\u00e1ll\u00edtm\u00e1nybiztos\u00edt\u00e1s"},"content":{"rendered":"\t\t<div data-elementor-type=\"wp-page\" data-elementor-id=\"2188\" class=\"elementor elementor-2188\" data-elementor-post-type=\"page\">\n\t\t\t\t<div class=\"elementor-element elementor-element-6798710a e-flex e-con-boxed e-con e-parent\" data-id=\"6798710a\" data-element_type=\"container\" data-settings=\"{&quot;background_background&quot;:&quot;classic&quot;,&quot;jet_parallax_layout_list&quot;:[]}\">\n\t\t\t\t\t<div class=\"e-con-inner\">\n\t\t<div class=\"elementor-element elementor-element-61c498cd e-con-full e-flex elementor-invisible e-con e-child\" data-id=\"61c498cd\" data-element_type=\"container\" data-settings=\"{&quot;jet_parallax_layout_list&quot;:[],&quot;background_background&quot;:&quot;classic&quot;,&quot;animation&quot;:&quot;fadeInLeft&quot;}\">\n\t\t\t\t<div class=\"elementor-element elementor-element-3079b96c elementor-widget elementor-widget-image\" data-id=\"3079b96c\" data-element_type=\"widget\" data-widget_type=\"image.default\">\n\t\t\t\t<div class=\"elementor-widget-container\">\n\t\t\t\t\t\t\t\t\t\t\t\t\t\t\t<img fetchpriority=\"high\" decoding=\"async\" width=\"640\" height=\"640\" src=\"https:\/\/adamtransport.com\/hu\/wp-content\/uploads\/2023\/02\/insurance.gif\" class=\"attachment-large size-large wp-image-1648\" alt=\"\" \/>\t\t\t\t\t\t\t\t\t\t\t\t\t\t\t<\/div>\n\t\t\t\t<\/div>\n\t\t\t\t<div class=\"elementor-element elementor-element-2f3be079 elementor-widget elementor-widget-text-editor\" data-id=\"2f3be079\" data-element_type=\"widget\" data-widget_type=\"text-editor.default\">\n\t\t\t\t<div class=\"elementor-widget-container\">\n\t\t\t\t\t\t\t\t\t<p>A sz\u00e1ll\u00edtm\u00e1nyoz\u00e1sban sajnos nem l\u00e9tezik 100 %-os biztons\u00e1g\u00fa rendszer, ez\u00e9rt minden partner\u00fcnknek javasoljuk a sz\u00e1ll\u00edtm\u00e1nybiztos\u00edt\u00e1s megk\u00f6t\u00e9s\u00e9t.<\/p><p>Az \u00e1ru\u00e9rt\u00e9k n\u00e9h\u00e1ny ezrel\u00e9ke ennek a d\u00edja, mely elt\u00f6rp\u00fcl ezen biztos\u00edt\u00e1s hi\u00e1ny\u00e1b\u00f3l ad\u00f3d\u00f3 kellemetlens\u00e9gek mellett.<\/p><p>Pontos \u00e1rumegnevez\u00e9s \u00e9s \u00e1ru\u00e9rt\u00e9k megad\u00e1sa eset\u00e9n azonnal tudunk biztos\u00edt\u00e1si d\u00edjt\u00e9telt aj\u00e1nlani, megk\u00f6t\u00e9se csup\u00e1n n\u00e9h\u00e1ny adat megad\u00e1s\u00e1val meg is oldhat\u00f3. Ig\u00e9ny eset\u00e9n ak\u00e1r 110 %-os fel\u00fclbiztos\u00edt\u00e1st, de ak\u00e1r mag\u00e1t a fuvard\u00edjat is tudjuk biztos\u00edtani.<\/p><p>\u00a0<\/p>\t\t\t\t\t\t\t\t<\/div>\n\t\t\t\t<\/div>\n\t\t\t\t<\/div>\n\t\t<div class=\"elementor-element elementor-element-6de2c3b5 e-con-full e-flex elementor-invisible e-con e-child\" data-id=\"6de2c3b5\" data-element_type=\"container\" data-settings=\"{&quot;background_background&quot;:&quot;classic&quot;,&quot;jet_parallax_layout_list&quot;:[],&quot;animation&quot;:&quot;fadeInRight&quot;}\">\n\t\t\t\t<div class=\"elementor-element elementor-element-540d5f68 elementor-widget elementor-widget-image-box\" data-id=\"540d5f68\" data-element_type=\"widget\" data-widget_type=\"image-box.default\">\n\t\t\t\t<div class=\"elementor-widget-container\">\n\t\t\t\t\t<div class=\"elementor-image-box-wrapper\"><div class=\"elementor-image-box-content\"><h4 class=\"elementor-image-box-title\">K\u00f6telez\u0151 felel\u0151ss\u00e9gbiztos\u00edt\u00e1s<\/h4><p class=\"elementor-image-box-description\">C\u00e9g\u00fcnk term\u00e9szetesen rendelkezik sz\u00e1ll\u00edtm\u00e1nyoz\u00f3i felel\u0151ss\u00e9gbiztos\u00edt\u00e1ssal, amelyet a vil\u00e1g egyik legt\u0151keer\u0151sebb \u00e9s a szakm\u00e1nkban az egyik legnagyobb tapasztalattal rendelkez\u0151 Alfa Biztos\u00edt\u00f3n\u00e1l k\u00f6t\u00f6tt\u00fcnk meg, b\u00edzva a sok \u00e9vtizedes szakmai tapasztalatukban.<\/p><\/div><\/div>\t\t\t\t<\/div>\n\t\t\t\t<\/div>\n\t\t\t\t<div class=\"elementor-element elementor-element-38fe1d6c elementor-widget elementor-widget-button\" data-id=\"38fe1d6c\" data-element_type=\"widget\" data-widget_type=\"button.default\">\n\t\t\t\t<div class=\"elementor-widget-container\">\n\t\t\t\t\t\t\t\t\t<div class=\"elementor-button-wrapper\">\n\t\t\t\t\t<a class=\"elementor-button elementor-button-link elementor-size-sm\" href=\"https:\/\/adamtransport.com\/hu\/ajanlatkeres\">\n\t\t\t\t\t\t<span class=\"elementor-button-content-wrapper\">\n\t\t\t\t\t\t\t\t\t<span class=\"elementor-button-text\">Aj\u00e1nlatk\u00e9r\u00e9s<\/span>\n\t\t\t\t\t<\/span>\n\t\t\t\t\t<\/a>\n\t\t\t\t<\/div>\n\t\t\t\t\t\t\t\t<\/div>\n\t\t\t\t<\/div>\n\t\t\t\t<\/div>\n\t\t\t\t\t<\/div>\n\t\t\t\t<\/div>\n\t\t\t\t<\/div>\n\t\t","protected":false},"excerpt":{"rendered":"<p>A sz\u00e1ll\u00edtm\u00e1nyoz\u00e1sban sajnos nem l\u00e9tezik 100 %-os biztons\u00e1g\u00fa rendszer, ez\u00e9rt minden partner\u00fcnknek javasoljuk a sz\u00e1ll\u00edtm\u00e1nybiztos\u00edt\u00e1s megk\u00f6t\u00e9s\u00e9t. Az \u00e1ru\u00e9rt\u00e9k n\u00e9h\u00e1ny ezrel\u00e9ke ennek a d\u00edja, mely elt\u00f6rp\u00fcl ezen biztos\u00edt\u00e1s hi\u00e1ny\u00e1b\u00f3l ad\u00f3d\u00f3 kellemetlens\u00e9gek mellett. Pontos \u00e1rumegnevez\u00e9s \u00e9s \u00e1ru\u00e9rt\u00e9k megad\u00e1sa eset\u00e9n azonnal tudunk biztos\u00edt\u00e1si d\u00edjt\u00e9telt aj\u00e1nlani, megk\u00f6t\u00e9se csup\u00e1n n\u00e9h\u00e1ny adat megad\u00e1s\u00e1val meg is oldhat\u00f3. Ig\u00e9ny eset\u00e9n ak\u00e1r 110 %-os [&hellip;]<\/p>\n","protected":false},"author":6,"featured_media":0,"parent":0,"menu_order":0,"comment_status":"closed","ping_status":"closed","template":"","meta":{"footnotes":""},"class_list":["post-2188","page","type-page","status-publish","hentry"],"yoast_head":"<!-- This site is optimized with the Yoast SEO plugin v25.3 - https:\/\/yoast.com\/wordpress\/plugins\/seo\/ -->\n<title>Sz\u00e1ll\u00edtm\u00e1nybiztos\u00edt\u00e1s - ATS Kft.<\/title>\n<meta name=\"robots\" content=\"index, follow, max-snippet:-1, max-image-preview:large, max-video-preview:-1\" \/>\n<link rel=\"canonical\" href=\"https:\/\/adamtransport.com\/hu\/szallitmanybiztositas\" \/>\n<meta property=\"og:locale\" content=\"hu_HU\" \/>\n<meta property=\"og:type\" content=\"article\" \/>\n<meta property=\"og:title\" content=\"Sz\u00e1ll\u00edtm\u00e1nybiztos\u00edt\u00e1s - ATS Kft.\" \/>\n<meta property=\"og:description\" content=\"A sz\u00e1ll\u00edtm\u00e1nyoz\u00e1sban sajnos nem l\u00e9tezik 100 %-os biztons\u00e1g\u00fa rendszer, ez\u00e9rt minden partner\u00fcnknek javasoljuk a sz\u00e1ll\u00edtm\u00e1nybiztos\u00edt\u00e1s megk\u00f6t\u00e9s\u00e9t. Az \u00e1ru\u00e9rt\u00e9k n\u00e9h\u00e1ny ezrel\u00e9ke ennek a d\u00edja, mely elt\u00f6rp\u00fcl ezen biztos\u00edt\u00e1s hi\u00e1ny\u00e1b\u00f3l ad\u00f3d\u00f3 kellemetlens\u00e9gek mellett. Pontos \u00e1rumegnevez\u00e9s \u00e9s \u00e1ru\u00e9rt\u00e9k megad\u00e1sa eset\u00e9n azonnal tudunk biztos\u00edt\u00e1si d\u00edjt\u00e9telt aj\u00e1nlani, megk\u00f6t\u00e9se csup\u00e1n n\u00e9h\u00e1ny adat megad\u00e1s\u00e1val meg is oldhat\u00f3. Ig\u00e9ny eset\u00e9n ak\u00e1r 110 %-os [&hellip;]\" \/>\n<meta property=\"og:url\" content=\"https:\/\/adamtransport.com\/hu\/szallitmanybiztositas\" \/>\n<meta property=\"og:site_name\" content=\"ATS Kft.\" \/>\n<meta property=\"article:modified_time\" content=\"2024-11-28T10:17:31+00:00\" \/>\n<meta property=\"og:image\" content=\"https:\/\/adamtransport.com\/hu\/wp-content\/uploads\/2023\/02\/insurance.gif\" \/>\n\t<meta property=\"og:image:width\" content=\"640\" \/>\n\t<meta property=\"og:image:height\" content=\"640\" \/>\n\t<meta property=\"og:image:type\" content=\"image\/gif\" \/>\n<meta name=\"twitter:card\" content=\"summary_large_image\" \/>\n<meta name=\"twitter:label1\" content=\"Becs\u00fclt olvas\u00e1si id\u0151\" \/>\n\t<meta name=\"twitter:data1\" content=\"1 perc\" \/>\n<script type=\"application\/ld+json\" class=\"yoast-schema-graph\">{\"@context\":\"https:\/\/schema.org\",\"@graph\":[{\"@type\":\"WebPage\",\"@id\":\"https:\/\/adamtransport.com\/hu\/szallitmanybiztositas\",\"url\":\"https:\/\/adamtransport.com\/hu\/szallitmanybiztositas\",\"name\":\"Sz\u00e1ll\u00edtm\u00e1nybiztos\u00edt\u00e1s - ATS Kft.\",\"isPartOf\":{\"@id\":\"https:\/\/adamtransport.com\/hu\/#website\"},\"primaryImageOfPage\":{\"@id\":\"https:\/\/adamtransport.com\/hu\/szallitmanybiztositas#primaryimage\"},\"image\":{\"@id\":\"https:\/\/adamtransport.com\/hu\/szallitmanybiztositas#primaryimage\"},\"thumbnailUrl\":\"https:\/\/adamtransport.com\/hu\/wp-content\/uploads\/2023\/02\/insurance.gif\",\"datePublished\":\"2024-11-27T15:14:16+00:00\",\"dateModified\":\"2024-11-28T10:17:31+00:00\",\"breadcrumb\":{\"@id\":\"https:\/\/adamtransport.com\/hu\/szallitmanybiztositas#breadcrumb\"},\"inLanguage\":\"hu\",\"potentialAction\":[{\"@type\":\"ReadAction\",\"target\":[\"https:\/\/adamtransport.com\/hu\/szallitmanybiztositas\"]}]},{\"@type\":\"ImageObject\",\"inLanguage\":\"hu\",\"@id\":\"https:\/\/adamtransport.com\/hu\/szallitmanybiztositas#primaryimage\",\"url\":\"https:\/\/adamtransport.com\/hu\/wp-content\/uploads\/2023\/02\/insurance.gif\",\"contentUrl\":\"https:\/\/adamtransport.com\/hu\/wp-content\/uploads\/2023\/02\/insurance.gif\",\"width\":640,\"height\":640},{\"@type\":\"BreadcrumbList\",\"@id\":\"https:\/\/adamtransport.com\/hu\/szallitmanybiztositas#breadcrumb\",\"itemListElement\":[{\"@type\":\"ListItem\",\"position\":1,\"name\":\"Home\",\"item\":\"https:\/\/adamtransport.com\/hu\/\"},{\"@type\":\"ListItem\",\"position\":2,\"name\":\"Sz\u00e1ll\u00edtm\u00e1nybiztos\u00edt\u00e1s\"}]},{\"@type\":\"WebSite\",\"@id\":\"https:\/\/adamtransport.com\/hu\/#website\",\"url\":\"https:\/\/adamtransport.com\/hu\/\",\"name\":\"ATS Kft.\",\"description\":\"Logisztika szem\u00e9lyre szabva!\",\"publisher\":{\"@id\":\"https:\/\/adamtransport.com\/hu\/#organization\"},\"potentialAction\":[{\"@type\":\"SearchAction\",\"target\":{\"@type\":\"EntryPoint\",\"urlTemplate\":\"https:\/\/adamtransport.com\/hu\/?s={search_term_string}\"},\"query-input\":{\"@type\":\"PropertyValueSpecification\",\"valueRequired\":true,\"valueName\":\"search_term_string\"}}],\"inLanguage\":\"hu\"},{\"@type\":\"Organization\",\"@id\":\"https:\/\/adamtransport.com\/hu\/#organization\",\"name\":\"ATS Kft.\",\"url\":\"https:\/\/adamtransport.com\/hu\/\",\"logo\":{\"@type\":\"ImageObject\",\"inLanguage\":\"hu\",\"@id\":\"https:\/\/adamtransport.com\/hu\/#\/schema\/logo\/image\/\",\"url\":\"https:\/\/adamtransport.com\/hu\/wp-content\/uploads\/2023\/12\/cropped-2024-ATS-vegleges-logo-haromszog-nelkul.png\",\"contentUrl\":\"https:\/\/adamtransport.com\/hu\/wp-content\/uploads\/2023\/12\/cropped-2024-ATS-vegleges-logo-haromszog-nelkul.png\",\"width\":3916,\"height\":1359,\"caption\":\"ATS Kft.\"},\"image\":{\"@id\":\"https:\/\/adamtransport.com\/hu\/#\/schema\/logo\/image\/\"}}]}<\/script>\n<!-- \/ Yoast SEO plugin. -->","yoast_head_json":{"title":"Sz\u00e1ll\u00edtm\u00e1nybiztos\u00edt\u00e1s - ATS Kft.","robots":{"index":"index","follow":"follow","max-snippet":"max-snippet:-1","max-image-preview":"max-image-preview:large","max-video-preview":"max-video-preview:-1"},"canonical":"https:\/\/adamtransport.com\/hu\/szallitmanybiztositas","og_locale":"hu_HU","og_type":"article","og_title":"Sz\u00e1ll\u00edtm\u00e1nybiztos\u00edt\u00e1s - ATS Kft.","og_description":"A sz\u00e1ll\u00edtm\u00e1nyoz\u00e1sban sajnos nem l\u00e9tezik 100 %-os biztons\u00e1g\u00fa rendszer, ez\u00e9rt minden partner\u00fcnknek javasoljuk a sz\u00e1ll\u00edtm\u00e1nybiztos\u00edt\u00e1s megk\u00f6t\u00e9s\u00e9t. Az \u00e1ru\u00e9rt\u00e9k n\u00e9h\u00e1ny ezrel\u00e9ke ennek a d\u00edja, mely elt\u00f6rp\u00fcl ezen biztos\u00edt\u00e1s hi\u00e1ny\u00e1b\u00f3l ad\u00f3d\u00f3 kellemetlens\u00e9gek mellett. Pontos \u00e1rumegnevez\u00e9s \u00e9s \u00e1ru\u00e9rt\u00e9k megad\u00e1sa eset\u00e9n azonnal tudunk biztos\u00edt\u00e1si d\u00edjt\u00e9telt aj\u00e1nlani, megk\u00f6t\u00e9se csup\u00e1n n\u00e9h\u00e1ny adat megad\u00e1s\u00e1val meg is oldhat\u00f3. Ig\u00e9ny eset\u00e9n ak\u00e1r 110 %-os [&hellip;]","og_url":"https:\/\/adamtransport.com\/hu\/szallitmanybiztositas","og_site_name":"ATS Kft.","article_modified_time":"2024-11-28T10:17:31+00:00","og_image":[{"width":640,"height":640,"url":"https:\/\/adamtransport.com\/hu\/wp-content\/uploads\/2023\/02\/insurance.gif","type":"image\/gif"}],"twitter_card":"summary_large_image","twitter_misc":{"Becs\u00fclt olvas\u00e1si id\u0151":"1 perc"},"schema":{"@context":"https:\/\/schema.org","@graph":[{"@type":"WebPage","@id":"https:\/\/adamtransport.com\/hu\/szallitmanybiztositas","url":"https:\/\/adamtransport.com\/hu\/szallitmanybiztositas","name":"Sz\u00e1ll\u00edtm\u00e1nybiztos\u00edt\u00e1s - ATS Kft.","isPartOf":{"@id":"https:\/\/adamtransport.com\/hu\/#website"},"primaryImageOfPage":{"@id":"https:\/\/adamtransport.com\/hu\/szallitmanybiztositas#primaryimage"},"image":{"@id":"https:\/\/adamtransport.com\/hu\/szallitmanybiztositas#primaryimage"},"thumbnailUrl":"https:\/\/adamtransport.com\/hu\/wp-content\/uploads\/2023\/02\/insurance.gif","datePublished":"2024-11-27T15:14:16+00:00","dateModified":"2024-11-28T10:17:31+00:00","breadcrumb":{"@id":"https:\/\/adamtransport.com\/hu\/szallitmanybiztositas#breadcrumb"},"inLanguage":"hu","potentialAction":[{"@type":"ReadAction","target":["https:\/\/adamtransport.com\/hu\/szallitmanybiztositas"]}]},{"@type":"ImageObject","inLanguage":"hu","@id":"https:\/\/adamtransport.com\/hu\/szallitmanybiztositas#primaryimage","url":"https:\/\/adamtransport.com\/hu\/wp-content\/uploads\/2023\/02\/insurance.gif","contentUrl":"https:\/\/adamtransport.com\/hu\/wp-content\/uploads\/2023\/02\/insurance.gif","width":640,"height":640},{"@type":"BreadcrumbList","@id":"https:\/\/adamtransport.com\/hu\/szallitmanybiztositas#breadcrumb","itemListElement":[{"@type":"ListItem","position":1,"name":"Home","item":"https:\/\/adamtransport.com\/hu\/"},{"@type":"ListItem","position":2,"name":"Sz\u00e1ll\u00edtm\u00e1nybiztos\u00edt\u00e1s"}]},{"@type":"WebSite","@id":"https:\/\/adamtransport.com\/hu\/#website","url":"https:\/\/adamtransport.com\/hu\/","name":"ATS Kft.","description":"Logisztika szem\u00e9lyre szabva!","publisher":{"@id":"https:\/\/adamtransport.com\/hu\/#organization"},"potentialAction":[{"@type":"SearchAction","target":{"@type":"EntryPoint","urlTemplate":"https:\/\/adamtransport.com\/hu\/?s={search_term_string}"},"query-input":{"@type":"PropertyValueSpecification","valueRequired":true,"valueName":"search_term_string"}}],"inLanguage":"hu"},{"@type":"Organization","@id":"https:\/\/adamtransport.com\/hu\/#organization","name":"ATS Kft.","url":"https:\/\/adamtransport.com\/hu\/","logo":{"@type":"ImageObject","inLanguage":"hu","@id":"https:\/\/adamtransport.com\/hu\/#\/schema\/logo\/image\/","url":"https:\/\/adamtransport.com\/hu\/wp-content\/uploads\/2023\/12\/cropped-2024-ATS-vegleges-logo-haromszog-nelkul.png","contentUrl":"https:\/\/adamtransport.com\/hu\/wp-content\/uploads\/2023\/12\/cropped-2024-ATS-vegleges-logo-haromszog-nelkul.png","width":3916,"height":1359,"caption":"ATS Kft."},"image":{"@id":"https:\/\/adamtransport.com\/hu\/#\/schema\/logo\/image\/"}}]}},"_links":{"self":[{"href":"https:\/\/adamtransport.com\/hu\/wp-json\/wp\/v2\/pages\/2188","targetHints":{"allow":["GET"]}}],"collection":[{"href":"https:\/\/adamtransport.com\/hu\/wp-json\/wp\/v2\/pages"}],"about":[{"href":"https:\/\/adamtransport.com\/hu\/wp-json\/wp\/v2\/types\/page"}],"author":[{"embeddable":true,"href":"https:\/\/adamtransport.com\/hu\/wp-json\/wp\/v2\/users\/6"}],"replies":[{"embeddable":true,"href":"https:\/\/adamtransport.com\/hu\/wp-json\/wp\/v2\/comments?post=2188"}],"version-history":[{"count":10,"href":"https:\/\/adamtransport.com\/hu\/wp-json\/wp\/v2\/pages\/2188\/revisions"}],"predecessor-version":[{"id":2357,"href":"https:\/\/adamtransport.com\/hu\/wp-json\/wp\/v2\/pages\/2188\/revisions\/2357"}],"wp:attachment":[{"href":"https:\/\/adamtransport.com\/hu\/wp-json\/wp\/v2\/media?parent=2188"}],"curies":[{"name":"wp","href":"https:\/\/api.w.org\/{rel}","templated":true}]}}