{"id":2178,"date":"2024-11-27T15:07:38","date_gmt":"2024-11-27T15:07:38","guid":{"rendered":"https:\/\/adamtransport.com\/hu\/?page_id=2178"},"modified":"2024-11-28T10:14:14","modified_gmt":"2024-11-28T10:14:14","slug":"vamugyintezes","status":"publish","type":"page","link":"https:\/\/adamtransport.com\/hu\/vamugyintezes","title":{"rendered":"V\u00e1m\u00fcgyint\u00e9z\u00e9s"},"content":{"rendered":"\t\t<div data-elementor-type=\"wp-page\" data-elementor-id=\"2178\" class=\"elementor elementor-2178\" data-elementor-post-type=\"page\">\n\t\t\t\t<div class=\"elementor-element elementor-element-2f08635e e-flex e-con-boxed e-con e-parent\" data-id=\"2f08635e\" data-element_type=\"container\" data-settings=\"{&quot;background_background&quot;:&quot;classic&quot;,&quot;jet_parallax_layout_list&quot;:[]}\">\n\t\t\t\t\t<div class=\"e-con-inner\">\n\t\t<div class=\"elementor-element elementor-element-40631e8b e-con-full e-flex elementor-invisible e-con e-child\" data-id=\"40631e8b\" data-element_type=\"container\" data-settings=\"{&quot;jet_parallax_layout_list&quot;:[],&quot;background_background&quot;:&quot;classic&quot;,&quot;animation&quot;:&quot;fadeInLeft&quot;}\">\n\t\t\t\t<div class=\"elementor-element elementor-element-e9f9eee elementor-widget elementor-widget-image\" data-id=\"e9f9eee\" data-element_type=\"widget\" data-widget_type=\"image.default\">\n\t\t\t\t<div class=\"elementor-widget-container\">\n\t\t\t\t\t\t\t\t\t\t\t\t\t\t\t<img fetchpriority=\"high\" decoding=\"async\" width=\"512\" height=\"512\" src=\"https:\/\/adamtransport.com\/hu\/wp-content\/uploads\/2023\/02\/custom.png\" class=\"attachment-large size-large wp-image-1643\" alt=\"\" srcset=\"https:\/\/adamtransport.com\/hu\/wp-content\/uploads\/2023\/02\/custom.png 512w, https:\/\/adamtransport.com\/hu\/wp-content\/uploads\/2023\/02\/custom-300x300.png 300w, https:\/\/adamtransport.com\/hu\/wp-content\/uploads\/2023\/02\/custom-150x150.png 150w\" sizes=\"(max-width: 512px) 100vw, 512px\" \/>\t\t\t\t\t\t\t\t\t\t\t\t\t\t\t<\/div>\n\t\t\t\t<\/div>\n\t\t\t\t<div class=\"elementor-element elementor-element-3a1baf1d elementor-widget elementor-widget-text-editor\" data-id=\"3a1baf1d\" data-element_type=\"widget\" data-widget_type=\"text-editor.default\">\n\t\t\t\t<div class=\"elementor-widget-container\">\n\t\t\t\t\t\t\t\t\t<p>Teljes v\u00e1mkezel\u00e9si szervizt biztos\u00edtunk mind a szerz\u0151d\u00e9ses partnerek r\u00e9sz\u00e9re, mind az olyan \u00fcgyfelek r\u00e9sz\u00e9re is, akik a szolg\u00e1ltat\u00e1sokat csak ritk\u00e1n veszik ig\u00e9nybe.<\/p><p>V\u00e1mszolg\u00e1ltat\u00e1saink az al\u00e1bbiak:<\/p><ul><li>Import\u0151r vagy Export\u0151r k\u00e9pviselete a v\u00e1mkezel\u00e9si folyamatban a V\u00e1mhivatalban<\/li><li>V\u00e1m\u00e1ru nyilatkozatok kibocs\u00e1t\u00e1sa \u2013 importn\u00e1l, exportn\u00e1<\/li><li>Az \u00e1rumozg\u00e1s statisztikai k\u00f6vet\u00e9s\u00e9t az Uni\u00f3s orsz\u00e1gok k\u00f6z\u00f6tt \u2013 Intrastat<\/li><li>Tranzit dokumentumok kibocs\u00e1t\u00e1sa (T1 dokumentum)<\/li><li>V\u00e1mgarancia \u2013 kezess\u00e9g (TC32 dokumentum)<\/li><li>A v\u00e1m probl\u00e9mak\u00f6rrel kapcsolatos konzult\u00e1ci\u00f3s szolg\u00e1ltat\u00e1sok<\/li><\/ul>\t\t\t\t\t\t\t\t<\/div>\n\t\t\t\t<\/div>\n\t\t\t\t<\/div>\n\t\t<div class=\"elementor-element elementor-element-14ff550 e-con-full e-flex elementor-invisible e-con e-child\" data-id=\"14ff550\" data-element_type=\"container\" data-settings=\"{&quot;background_background&quot;:&quot;classic&quot;,&quot;jet_parallax_layout_list&quot;:[],&quot;animation&quot;:&quot;fadeInRight&quot;}\">\n\t\t\t\t<div class=\"elementor-element elementor-element-03963bc elementor-widget elementor-widget-image\" data-id=\"03963bc\" data-element_type=\"widget\" data-widget_type=\"image.default\">\n\t\t\t\t<div class=\"elementor-widget-container\">\n\t\t\t\t\t\t\t\t\t\t\t\t\t\t\t<img decoding=\"async\" width=\"800\" height=\"457\" src=\"https:\/\/adamtransport.com\/hu\/wp-content\/uploads\/2024\/11\/vamugyintezes-1024x585.webp\" class=\"attachment-large size-large wp-image-2335\" alt=\"vamugyintezes\" srcset=\"https:\/\/adamtransport.com\/hu\/wp-content\/uploads\/2024\/11\/vamugyintezes-1024x585.webp 1024w, https:\/\/adamtransport.com\/hu\/wp-content\/uploads\/2024\/11\/vamugyintezes-300x171.webp 300w, https:\/\/adamtransport.com\/hu\/wp-content\/uploads\/2024\/11\/vamugyintezes-768x439.webp 768w, https:\/\/adamtransport.com\/hu\/wp-content\/uploads\/2024\/11\/vamugyintezes-1536x878.webp 1536w, https:\/\/adamtransport.com\/hu\/wp-content\/uploads\/2024\/11\/vamugyintezes.webp 1792w\" sizes=\"(max-width: 800px) 100vw, 800px\" \/>\t\t\t\t\t\t\t\t\t\t\t\t\t\t\t<\/div>\n\t\t\t\t<\/div>\n\t\t\t\t<div class=\"elementor-element elementor-element-7ccef882 elementor-widget elementor-widget-button\" data-id=\"7ccef882\" data-element_type=\"widget\" data-widget_type=\"button.default\">\n\t\t\t\t<div class=\"elementor-widget-container\">\n\t\t\t\t\t\t\t\t\t<div class=\"elementor-button-wrapper\">\n\t\t\t\t\t<a class=\"elementor-button elementor-button-link elementor-size-sm\" href=\"https:\/\/adamtransport.com\/hu\/ajanlatkeres\">\n\t\t\t\t\t\t<span class=\"elementor-button-content-wrapper\">\n\t\t\t\t\t\t\t\t\t<span class=\"elementor-button-text\">Aj\u00e1nlatk\u00e9r\u00e9s<\/span>\n\t\t\t\t\t<\/span>\n\t\t\t\t\t<\/a>\n\t\t\t\t<\/div>\n\t\t\t\t\t\t\t\t<\/div>\n\t\t\t\t<\/div>\n\t\t\t\t<\/div>\n\t\t\t\t\t<\/div>\n\t\t\t\t<\/div>\n\t\t\t\t<\/div>\n\t\t","protected":false},"excerpt":{"rendered":"<p>Teljes v\u00e1mkezel\u00e9si szervizt biztos\u00edtunk mind a szerz\u0151d\u00e9ses partnerek r\u00e9sz\u00e9re, mind az olyan \u00fcgyfelek r\u00e9sz\u00e9re is, akik a szolg\u00e1ltat\u00e1sokat csak ritk\u00e1n veszik ig\u00e9nybe. V\u00e1mszolg\u00e1ltat\u00e1saink az al\u00e1bbiak: Import\u0151r vagy Export\u0151r k\u00e9pviselete a v\u00e1mkezel\u00e9si folyamatban a V\u00e1mhivatalban V\u00e1m\u00e1ru nyilatkozatok kibocs\u00e1t\u00e1sa \u2013 importn\u00e1l, exportn\u00e1 Az \u00e1rumozg\u00e1s statisztikai k\u00f6vet\u00e9s\u00e9t az Uni\u00f3s orsz\u00e1gok k\u00f6z\u00f6tt \u2013 Intrastat Tranzit dokumentumok kibocs\u00e1t\u00e1sa (T1 dokumentum) [&hellip;]<\/p>\n","protected":false},"author":6,"featured_media":0,"parent":0,"menu_order":0,"comment_status":"closed","ping_status":"closed","template":"","meta":{"footnotes":""},"class_list":["post-2178","page","type-page","status-publish","hentry"],"yoast_head":"<!-- This site is optimized with the Yoast SEO plugin v25.3 - https:\/\/yoast.com\/wordpress\/plugins\/seo\/ -->\n<title>V\u00e1m\u00fcgyint\u00e9z\u00e9s - ATS Kft.<\/title>\n<meta name=\"robots\" content=\"index, follow, max-snippet:-1, max-image-preview:large, max-video-preview:-1\" \/>\n<link rel=\"canonical\" href=\"https:\/\/adamtransport.com\/hu\/vamugyintezes\" \/>\n<meta property=\"og:locale\" content=\"hu_HU\" \/>\n<meta property=\"og:type\" content=\"article\" \/>\n<meta property=\"og:title\" content=\"V\u00e1m\u00fcgyint\u00e9z\u00e9s - ATS Kft.\" \/>\n<meta property=\"og:description\" content=\"Teljes v\u00e1mkezel\u00e9si szervizt biztos\u00edtunk mind a szerz\u0151d\u00e9ses partnerek r\u00e9sz\u00e9re, mind az olyan \u00fcgyfelek r\u00e9sz\u00e9re is, akik a szolg\u00e1ltat\u00e1sokat csak ritk\u00e1n veszik ig\u00e9nybe. V\u00e1mszolg\u00e1ltat\u00e1saink az al\u00e1bbiak: Import\u0151r vagy Export\u0151r k\u00e9pviselete a v\u00e1mkezel\u00e9si folyamatban a V\u00e1mhivatalban V\u00e1m\u00e1ru nyilatkozatok kibocs\u00e1t\u00e1sa \u2013 importn\u00e1l, exportn\u00e1 Az \u00e1rumozg\u00e1s statisztikai k\u00f6vet\u00e9s\u00e9t az Uni\u00f3s orsz\u00e1gok k\u00f6z\u00f6tt \u2013 Intrastat Tranzit dokumentumok kibocs\u00e1t\u00e1sa (T1 dokumentum) [&hellip;]\" \/>\n<meta property=\"og:url\" content=\"https:\/\/adamtransport.com\/hu\/vamugyintezes\" \/>\n<meta property=\"og:site_name\" content=\"ATS Kft.\" \/>\n<meta property=\"article:modified_time\" content=\"2024-11-28T10:14:14+00:00\" \/>\n<meta property=\"og:image\" content=\"https:\/\/adamtransport.com\/hu\/wp-content\/uploads\/2023\/02\/custom.png\" \/>\n\t<meta property=\"og:image:width\" content=\"512\" \/>\n\t<meta property=\"og:image:height\" content=\"512\" \/>\n\t<meta property=\"og:image:type\" content=\"image\/png\" \/>\n<meta name=\"twitter:card\" content=\"summary_large_image\" \/>\n<meta name=\"twitter:label1\" content=\"Becs\u00fclt olvas\u00e1si id\u0151\" \/>\n\t<meta name=\"twitter:data1\" content=\"1 perc\" \/>\n<script type=\"application\/ld+json\" class=\"yoast-schema-graph\">{\"@context\":\"https:\/\/schema.org\",\"@graph\":[{\"@type\":\"WebPage\",\"@id\":\"https:\/\/adamtransport.com\/hu\/vamugyintezes\",\"url\":\"https:\/\/adamtransport.com\/hu\/vamugyintezes\",\"name\":\"V\u00e1m\u00fcgyint\u00e9z\u00e9s - ATS Kft.\",\"isPartOf\":{\"@id\":\"https:\/\/adamtransport.com\/hu\/#website\"},\"primaryImageOfPage\":{\"@id\":\"https:\/\/adamtransport.com\/hu\/vamugyintezes#primaryimage\"},\"image\":{\"@id\":\"https:\/\/adamtransport.com\/hu\/vamugyintezes#primaryimage\"},\"thumbnailUrl\":\"https:\/\/adamtransport.com\/hu\/wp-content\/uploads\/2023\/02\/custom.png\",\"datePublished\":\"2024-11-27T15:07:38+00:00\",\"dateModified\":\"2024-11-28T10:14:14+00:00\",\"breadcrumb\":{\"@id\":\"https:\/\/adamtransport.com\/hu\/vamugyintezes#breadcrumb\"},\"inLanguage\":\"hu\",\"potentialAction\":[{\"@type\":\"ReadAction\",\"target\":[\"https:\/\/adamtransport.com\/hu\/vamugyintezes\"]}]},{\"@type\":\"ImageObject\",\"inLanguage\":\"hu\",\"@id\":\"https:\/\/adamtransport.com\/hu\/vamugyintezes#primaryimage\",\"url\":\"https:\/\/adamtransport.com\/hu\/wp-content\/uploads\/2023\/02\/custom.png\",\"contentUrl\":\"https:\/\/adamtransport.com\/hu\/wp-content\/uploads\/2023\/02\/custom.png\",\"width\":512,\"height\":512},{\"@type\":\"BreadcrumbList\",\"@id\":\"https:\/\/adamtransport.com\/hu\/vamugyintezes#breadcrumb\",\"itemListElement\":[{\"@type\":\"ListItem\",\"position\":1,\"name\":\"Home\",\"item\":\"https:\/\/adamtransport.com\/hu\/\"},{\"@type\":\"ListItem\",\"position\":2,\"name\":\"V\u00e1m\u00fcgyint\u00e9z\u00e9s\"}]},{\"@type\":\"WebSite\",\"@id\":\"https:\/\/adamtransport.com\/hu\/#website\",\"url\":\"https:\/\/adamtransport.com\/hu\/\",\"name\":\"ATS Kft.\",\"description\":\"Logisztika szem\u00e9lyre szabva!\",\"publisher\":{\"@id\":\"https:\/\/adamtransport.com\/hu\/#organization\"},\"potentialAction\":[{\"@type\":\"SearchAction\",\"target\":{\"@type\":\"EntryPoint\",\"urlTemplate\":\"https:\/\/adamtransport.com\/hu\/?s={search_term_string}\"},\"query-input\":{\"@type\":\"PropertyValueSpecification\",\"valueRequired\":true,\"valueName\":\"search_term_string\"}}],\"inLanguage\":\"hu\"},{\"@type\":\"Organization\",\"@id\":\"https:\/\/adamtransport.com\/hu\/#organization\",\"name\":\"ATS Kft.\",\"url\":\"https:\/\/adamtransport.com\/hu\/\",\"logo\":{\"@type\":\"ImageObject\",\"inLanguage\":\"hu\",\"@id\":\"https:\/\/adamtransport.com\/hu\/#\/schema\/logo\/image\/\",\"url\":\"https:\/\/adamtransport.com\/hu\/wp-content\/uploads\/2023\/12\/cropped-2024-ATS-vegleges-logo-haromszog-nelkul.png\",\"contentUrl\":\"https:\/\/adamtransport.com\/hu\/wp-content\/uploads\/2023\/12\/cropped-2024-ATS-vegleges-logo-haromszog-nelkul.png\",\"width\":3916,\"height\":1359,\"caption\":\"ATS Kft.\"},\"image\":{\"@id\":\"https:\/\/adamtransport.com\/hu\/#\/schema\/logo\/image\/\"}}]}<\/script>\n<!-- \/ Yoast SEO plugin. -->","yoast_head_json":{"title":"V\u00e1m\u00fcgyint\u00e9z\u00e9s - ATS Kft.","robots":{"index":"index","follow":"follow","max-snippet":"max-snippet:-1","max-image-preview":"max-image-preview:large","max-video-preview":"max-video-preview:-1"},"canonical":"https:\/\/adamtransport.com\/hu\/vamugyintezes","og_locale":"hu_HU","og_type":"article","og_title":"V\u00e1m\u00fcgyint\u00e9z\u00e9s - ATS Kft.","og_description":"Teljes v\u00e1mkezel\u00e9si szervizt biztos\u00edtunk mind a szerz\u0151d\u00e9ses partnerek r\u00e9sz\u00e9re, mind az olyan \u00fcgyfelek r\u00e9sz\u00e9re is, akik a szolg\u00e1ltat\u00e1sokat csak ritk\u00e1n veszik ig\u00e9nybe. V\u00e1mszolg\u00e1ltat\u00e1saink az al\u00e1bbiak: Import\u0151r vagy Export\u0151r k\u00e9pviselete a v\u00e1mkezel\u00e9si folyamatban a V\u00e1mhivatalban V\u00e1m\u00e1ru nyilatkozatok kibocs\u00e1t\u00e1sa \u2013 importn\u00e1l, exportn\u00e1 Az \u00e1rumozg\u00e1s statisztikai k\u00f6vet\u00e9s\u00e9t az Uni\u00f3s orsz\u00e1gok k\u00f6z\u00f6tt \u2013 Intrastat Tranzit dokumentumok kibocs\u00e1t\u00e1sa (T1 dokumentum) [&hellip;]","og_url":"https:\/\/adamtransport.com\/hu\/vamugyintezes","og_site_name":"ATS Kft.","article_modified_time":"2024-11-28T10:14:14+00:00","og_image":[{"width":512,"height":512,"url":"https:\/\/adamtransport.com\/hu\/wp-content\/uploads\/2023\/02\/custom.png","type":"image\/png"}],"twitter_card":"summary_large_image","twitter_misc":{"Becs\u00fclt olvas\u00e1si id\u0151":"1 perc"},"schema":{"@context":"https:\/\/schema.org","@graph":[{"@type":"WebPage","@id":"https:\/\/adamtransport.com\/hu\/vamugyintezes","url":"https:\/\/adamtransport.com\/hu\/vamugyintezes","name":"V\u00e1m\u00fcgyint\u00e9z\u00e9s - ATS Kft.","isPartOf":{"@id":"https:\/\/adamtransport.com\/hu\/#website"},"primaryImageOfPage":{"@id":"https:\/\/adamtransport.com\/hu\/vamugyintezes#primaryimage"},"image":{"@id":"https:\/\/adamtransport.com\/hu\/vamugyintezes#primaryimage"},"thumbnailUrl":"https:\/\/adamtransport.com\/hu\/wp-content\/uploads\/2023\/02\/custom.png","datePublished":"2024-11-27T15:07:38+00:00","dateModified":"2024-11-28T10:14:14+00:00","breadcrumb":{"@id":"https:\/\/adamtransport.com\/hu\/vamugyintezes#breadcrumb"},"inLanguage":"hu","potentialAction":[{"@type":"ReadAction","target":["https:\/\/adamtransport.com\/hu\/vamugyintezes"]}]},{"@type":"ImageObject","inLanguage":"hu","@id":"https:\/\/adamtransport.com\/hu\/vamugyintezes#primaryimage","url":"https:\/\/adamtransport.com\/hu\/wp-content\/uploads\/2023\/02\/custom.png","contentUrl":"https:\/\/adamtransport.com\/hu\/wp-content\/uploads\/2023\/02\/custom.png","width":512,"height":512},{"@type":"BreadcrumbList","@id":"https:\/\/adamtransport.com\/hu\/vamugyintezes#breadcrumb","itemListElement":[{"@type":"ListItem","position":1,"name":"Home","item":"https:\/\/adamtransport.com\/hu\/"},{"@type":"ListItem","position":2,"name":"V\u00e1m\u00fcgyint\u00e9z\u00e9s"}]},{"@type":"WebSite","@id":"https:\/\/adamtransport.com\/hu\/#website","url":"https:\/\/adamtransport.com\/hu\/","name":"ATS Kft.","description":"Logisztika szem\u00e9lyre szabva!","publisher":{"@id":"https:\/\/adamtransport.com\/hu\/#organization"},"potentialAction":[{"@type":"SearchAction","target":{"@type":"EntryPoint","urlTemplate":"https:\/\/adamtransport.com\/hu\/?s={search_term_string}"},"query-input":{"@type":"PropertyValueSpecification","valueRequired":true,"valueName":"search_term_string"}}],"inLanguage":"hu"},{"@type":"Organization","@id":"https:\/\/adamtransport.com\/hu\/#organization","name":"ATS Kft.","url":"https:\/\/adamtransport.com\/hu\/","logo":{"@type":"ImageObject","inLanguage":"hu","@id":"https:\/\/adamtransport.com\/hu\/#\/schema\/logo\/image\/","url":"https:\/\/adamtransport.com\/hu\/wp-content\/uploads\/2023\/12\/cropped-2024-ATS-vegleges-logo-haromszog-nelkul.png","contentUrl":"https:\/\/adamtransport.com\/hu\/wp-content\/uploads\/2023\/12\/cropped-2024-ATS-vegleges-logo-haromszog-nelkul.png","width":3916,"height":1359,"caption":"ATS Kft."},"image":{"@id":"https:\/\/adamtransport.com\/hu\/#\/schema\/logo\/image\/"}}]}},"_links":{"self":[{"href":"https:\/\/adamtransport.com\/hu\/wp-json\/wp\/v2\/pages\/2178","targetHints":{"allow":["GET"]}}],"collection":[{"href":"https:\/\/adamtransport.com\/hu\/wp-json\/wp\/v2\/pages"}],"about":[{"href":"https:\/\/adamtransport.com\/hu\/wp-json\/wp\/v2\/types\/page"}],"author":[{"embeddable":true,"href":"https:\/\/adamtransport.com\/hu\/wp-json\/wp\/v2\/users\/6"}],"replies":[{"embeddable":true,"href":"https:\/\/adamtransport.com\/hu\/wp-json\/wp\/v2\/comments?post=2178"}],"version-history":[{"count":22,"href":"https:\/\/adamtransport.com\/hu\/wp-json\/wp\/v2\/pages\/2178\/revisions"}],"predecessor-version":[{"id":2351,"href":"https:\/\/adamtransport.com\/hu\/wp-json\/wp\/v2\/pages\/2178\/revisions\/2351"}],"wp:attachment":[{"href":"https:\/\/adamtransport.com\/hu\/wp-json\/wp\/v2\/media?parent=2178"}],"curies":[{"name":"wp","href":"https:\/\/api.w.org\/{rel}","templated":true}]}}