{"id":2171,"date":"2024-11-27T15:00:50","date_gmt":"2024-11-27T15:00:50","guid":{"rendered":"https:\/\/adamtransport.com\/hu\/?page_id=2171"},"modified":"2024-11-28T10:09:28","modified_gmt":"2024-11-28T10:09:28","slug":"raktarozas","status":"publish","type":"page","link":"https:\/\/adamtransport.com\/hu\/raktarozas","title":{"rendered":"Rakt\u00e1roz\u00e1s"},"content":{"rendered":"\t\t<div data-elementor-type=\"wp-page\" data-elementor-id=\"2171\" class=\"elementor elementor-2171\" data-elementor-post-type=\"page\">\n\t\t\t\t<div class=\"elementor-element elementor-element-227845ae e-flex e-con-boxed e-con e-parent\" data-id=\"227845ae\" data-element_type=\"container\" data-settings=\"{&quot;background_background&quot;:&quot;classic&quot;,&quot;jet_parallax_layout_list&quot;:[]}\">\n\t\t\t\t\t<div class=\"e-con-inner\">\n\t\t<div class=\"elementor-element elementor-element-53938113 e-con-full e-flex elementor-invisible e-con e-child\" data-id=\"53938113\" data-element_type=\"container\" data-settings=\"{&quot;jet_parallax_layout_list&quot;:[],&quot;background_background&quot;:&quot;classic&quot;,&quot;animation&quot;:&quot;fadeInLeft&quot;}\">\n\t\t\t\t<div class=\"elementor-element elementor-element-4fe5fc99 elementor-widget elementor-widget-image\" data-id=\"4fe5fc99\" data-element_type=\"widget\" data-widget_type=\"image.default\">\n\t\t\t\t<div class=\"elementor-widget-container\">\n\t\t\t\t\t\t\t\t\t\t\t\t\t\t\t<img fetchpriority=\"high\" decoding=\"async\" width=\"640\" height=\"640\" src=\"https:\/\/adamtransport.com\/hu\/wp-content\/uploads\/2023\/02\/warehouse.gif\" class=\"attachment-large size-large wp-image-1637\" alt=\"\" \/>\t\t\t\t\t\t\t\t\t\t\t\t\t\t\t<\/div>\n\t\t\t\t<\/div>\n\t\t\t\t<div class=\"elementor-element elementor-element-57e9a401 elementor-widget elementor-widget-text-editor\" data-id=\"57e9a401\" data-element_type=\"widget\" data-widget_type=\"text-editor.default\">\n\t\t\t\t<div class=\"elementor-widget-container\">\n\t\t\t\t\t\t\t\t\t<p>Irod\u00e1nkkal egy\u00fctt Budapest d\u00e9li r\u00e9sz\u00e9n tal\u00e1lhat\u00f3 a saj\u00e1t rakt\u00e1runk is, amely rendk\u00edv\u00fcl k\u00f6zel helyezkedik el a Liszt Ferenc Nemzetk\u00f6zi Rep\u00fcl\u0151t\u00e9r \u00e1rufelv\u00e9teli r\u00e9szleg\u00e9hez (7 km \/ 10 perc).<\/p><p>Magyarorsz\u00e1g legjelent\u0151sebb kont\u00e9ner termin\u00e1ljai, mint p\u00e9ld\u00e1ul a BILK, vagy a MAHART is k\u00f6nnyen el\u00e9rhet\u0151ek innen, hiszen k\u00f6r\u00fclbel\u00fcl 20- 30 perc alatt megk\u00f6zel\u00edthet\u0151ek.<\/p><p>A gy\u0171jt\u0151 tengeri \u00e9s vas\u00fati sz\u00e1ll\u00edtm\u00e1nyoz\u00e1s ki-be t\u00e1rol\u00e1sa mellett, eseti \u00e9s folyamatos rakt\u00e1roz\u00e1st biztos\u00edtunk \u00fcgyfeleink sz\u00e1m\u00e1ra. Saj\u00e1t v\u00e1mrakt\u00e1rral rendelkez\u00fcnk, \u00edgy nem csak kereskedelmi, hanem v\u00e1m\u00e1rut is tudunk t\u00e1rolni.<\/p>\t\t\t\t\t\t\t\t<\/div>\n\t\t\t\t<\/div>\n\t\t\t\t<\/div>\n\t\t<div class=\"elementor-element elementor-element-37a13b8f e-con-full e-flex elementor-invisible e-con e-child\" data-id=\"37a13b8f\" data-element_type=\"container\" data-settings=\"{&quot;background_background&quot;:&quot;classic&quot;,&quot;jet_parallax_layout_list&quot;:[],&quot;animation&quot;:&quot;fadeInRight&quot;}\">\n\t\t\t\t<div class=\"elementor-element elementor-element-22395d9 elementor-widget elementor-widget-image-box\" data-id=\"22395d9\" data-element_type=\"widget\" data-widget_type=\"image-box.default\">\n\t\t\t\t<div class=\"elementor-widget-container\">\n\t\t\t\t\t<div class=\"elementor-image-box-wrapper\"><div class=\"elementor-image-box-content\"><h4 class=\"elementor-image-box-title\">Mi\u00e9rt \u00e9rdemes rakt\u00e1runkat v\u00e1lasztani?<\/h4><\/div><\/div>\t\t\t\t<\/div>\n\t\t\t\t<\/div>\n\t\t\t\t<div class=\"elementor-element elementor-element-e35eb0c elementor-widget elementor-widget-text-editor\" data-id=\"e35eb0c\" data-element_type=\"widget\" data-widget_type=\"text-editor.default\">\n\t\t\t\t<div class=\"elementor-widget-container\">\n\t\t\t\t\t\t\t\t\t<ul><li>K\u00e9pzett szem\u00e9lyzettel, j\u00f3l felszerelt g\u00e9pes\u00edtett rakt\u00e1rrendszerrel (4 f\u0151 rakt\u00e1ri kiszolg\u00e1l\u00f3 szem\u00e9lyzet, 4 darab targonca, 8 darab k\u00e9zi emel\u0151, 2 darab dokkol\u00f3 kapu, 1 darab \u00e1rukiad\u00e1si kapu \u00e9s fedett r\u00e1mpa) rendelkez\u00fcnk. Rakt\u00e1runk k\u00f6rbe van \u00e1llv\u00e1nyozva, kett\u0151 \u00e9s h\u00e1rom emelet magasan, illetve az eg\u00e9sz ter\u00fclet f\u0171thet\u0151, illetve h\u0171thet\u0151 is. Term\u00e9szetesen 24 \u00f3r\u00e1s kamararendszerrel \u00e9s riaszt\u00f3val van felszerelve, illetve folyamatosan t\u0171z- \u00e9s f\u00fcst\u00e9rz\u00e9kel\u0151k garant\u00e1lj\u00e1k a biztons\u00e1got.<\/li><li>Tudunk seg\u00edteni import rept\u00e9rre \u00e9rkez\u0151 \u00e1ruk t\u00e1rol\u00e1s\u00e1ban, illetve export\u00e1ruk rakt\u00e1roz\u00e1s\u00e1ban is, amiket egy k\u00e9s\u0151bbi id\u0151pontban szeretn\u00e9nek a rept\u00e9rre eljuttatni.<\/li><li>Megb\u00edz\u00f3ink k\u00e9r\u00e9s\u00e9re, saj\u00e1t furgonokkal a helyi ki- \u00e9s besz\u00e1ll\u00edt\u00e1sok megszervez\u00e9s\u00e9t is int\u00e9zz\u00fck.<\/li><li>V\u00e1llaljuk kont\u00e9nerek fogad\u00e1s\u00e1t, ki- \u00e9s berakod\u00e1s\u00e1t, amennyiben erre van ig\u00e9ny.<\/li><li>\u00c1tmeneti v\u00e1mrakt\u00e1r enged\u00e9llyel rendelkez\u00fcnk, \u00edgy a v\u00e1m\u00e1ruk fogad\u00e1sa sem okoz probl\u00e9m\u00e1t sz\u00e1munkra, illetve import vagy export v\u00e1mkezel\u00e9seket is k\u00e9sz\u00edt\u00fcnk (norm\u00e1l rakt\u00e1rm\u00e9ret: 1000 m2, v\u00e1mr\u00e9szleg 300 m2)<\/li><li>Amennyiben r\u00f6videbb, vagy ak\u00e1r hosszabb ideig szeretn\u00e9 t\u00e1rolni az \u00e1ruj\u00e1t sz\u00edvesen seg\u00edt\u00fcnk, hiszen ebben az esetben egyedi aj\u00e1nlatot kalkul\u00e1lnunk minden \u00fcgyfel\u00fcnknek r\u00e9sz\u00e9re.<\/li><li>Komissi\u00f3z\u00e1s, csomagol\u00e1s \/ \u00fajra csomagol\u00e1s, palett\u00e1z\u00e1s, \u00e9s egy\u00e9b kieg\u00e9sz\u00edt\u0151 szolg\u00e1ltat\u00e1sokban is \u00e1llunk megb\u00edz\u00f3ink rendelkez\u00e9s\u00e9re, tov\u00e1bb\u00e1 sz\u00e1ll\u00edtm\u00e1nyok szervez\u00e9s\u00e9t is v\u00e1llaljuk a vil\u00e1g b\u00e1rmely pontj\u00e1ra \u00e9s pontj\u00e1r\u00f3l.<\/li><\/ul>\t\t\t\t\t\t\t\t<\/div>\n\t\t\t\t<\/div>\n\t\t\t\t<div class=\"elementor-element elementor-element-6e6b206d elementor-widget elementor-widget-image-box\" data-id=\"6e6b206d\" data-element_type=\"widget\" data-widget_type=\"image-box.default\">\n\t\t\t\t<div class=\"elementor-widget-container\">\n\t\t\t\t\t<div class=\"elementor-image-box-wrapper\"><div class=\"elementor-image-box-content\"><p class=\"elementor-image-box-description\">Rem\u00e9lj\u00fck, hogy r\u00f6vid bemutat\u00f3nk elnyerte a tetsz\u00e9s\u00fcket \u00e9s sz\u00e1m\u00edthatunk a j\u00f6v\u0151ben aj\u00e1nlatk\u00e9r\u00e9s\u00fckre.<\/p><\/div><\/div>\t\t\t\t<\/div>\n\t\t\t\t<\/div>\n\t\t\t\t<div class=\"elementor-element elementor-element-283ce095 elementor-mobile-align-center elementor-widget elementor-widget-button\" data-id=\"283ce095\" data-element_type=\"widget\" data-widget_type=\"button.default\">\n\t\t\t\t<div class=\"elementor-widget-container\">\n\t\t\t\t\t\t\t\t\t<div class=\"elementor-button-wrapper\">\n\t\t\t\t\t<a class=\"elementor-button elementor-button-link elementor-size-sm\" href=\"https:\/\/adamtransport.com\/hu\/ajanlatkeres\">\n\t\t\t\t\t\t<span class=\"elementor-button-content-wrapper\">\n\t\t\t\t\t\t\t\t\t<span class=\"elementor-button-text\">Aj\u00e1nlatk\u00e9r\u00e9s<\/span>\n\t\t\t\t\t<\/span>\n\t\t\t\t\t<\/a>\n\t\t\t\t<\/div>\n\t\t\t\t\t\t\t\t<\/div>\n\t\t\t\t<\/div>\n\t\t\t\t<\/div>\n\t\t\t\t\t<\/div>\n\t\t\t\t<\/div>\n\t\t\t\t<\/div>\n\t\t","protected":false},"excerpt":{"rendered":"<p>Irod\u00e1nkkal egy\u00fctt Budapest d\u00e9li r\u00e9sz\u00e9n tal\u00e1lhat\u00f3 a saj\u00e1t rakt\u00e1runk is, amely rendk\u00edv\u00fcl k\u00f6zel helyezkedik el a Liszt Ferenc Nemzetk\u00f6zi Rep\u00fcl\u0151t\u00e9r \u00e1rufelv\u00e9teli r\u00e9szleg\u00e9hez (7 km \/ 10 perc). Magyarorsz\u00e1g legjelent\u0151sebb kont\u00e9ner termin\u00e1ljai, mint p\u00e9ld\u00e1ul a BILK, vagy a MAHART is k\u00f6nnyen el\u00e9rhet\u0151ek innen, hiszen k\u00f6r\u00fclbel\u00fcl 20- 30 perc alatt megk\u00f6zel\u00edthet\u0151ek. A gy\u0171jt\u0151 tengeri \u00e9s vas\u00fati sz\u00e1ll\u00edtm\u00e1nyoz\u00e1s [&hellip;]<\/p>\n","protected":false},"author":6,"featured_media":0,"parent":0,"menu_order":0,"comment_status":"closed","ping_status":"closed","template":"","meta":{"footnotes":""},"class_list":["post-2171","page","type-page","status-publish","hentry"],"yoast_head":"<!-- This site is optimized with the Yoast SEO plugin v25.3 - https:\/\/yoast.com\/wordpress\/plugins\/seo\/ -->\n<title>Rakt\u00e1roz\u00e1s - ATS Kft.<\/title>\n<meta name=\"robots\" content=\"index, follow, max-snippet:-1, max-image-preview:large, max-video-preview:-1\" \/>\n<link rel=\"canonical\" href=\"https:\/\/adamtransport.com\/hu\/raktarozas\" \/>\n<meta property=\"og:locale\" content=\"hu_HU\" \/>\n<meta property=\"og:type\" content=\"article\" \/>\n<meta property=\"og:title\" content=\"Rakt\u00e1roz\u00e1s - ATS Kft.\" \/>\n<meta property=\"og:description\" content=\"Irod\u00e1nkkal egy\u00fctt Budapest d\u00e9li r\u00e9sz\u00e9n tal\u00e1lhat\u00f3 a saj\u00e1t rakt\u00e1runk is, amely rendk\u00edv\u00fcl k\u00f6zel helyezkedik el a Liszt Ferenc Nemzetk\u00f6zi Rep\u00fcl\u0151t\u00e9r \u00e1rufelv\u00e9teli r\u00e9szleg\u00e9hez (7 km \/ 10 perc). Magyarorsz\u00e1g legjelent\u0151sebb kont\u00e9ner termin\u00e1ljai, mint p\u00e9ld\u00e1ul a BILK, vagy a MAHART is k\u00f6nnyen el\u00e9rhet\u0151ek innen, hiszen k\u00f6r\u00fclbel\u00fcl 20- 30 perc alatt megk\u00f6zel\u00edthet\u0151ek. A gy\u0171jt\u0151 tengeri \u00e9s vas\u00fati sz\u00e1ll\u00edtm\u00e1nyoz\u00e1s [&hellip;]\" \/>\n<meta property=\"og:url\" content=\"https:\/\/adamtransport.com\/hu\/raktarozas\" \/>\n<meta property=\"og:site_name\" content=\"ATS Kft.\" \/>\n<meta property=\"article:modified_time\" content=\"2024-11-28T10:09:28+00:00\" \/>\n<meta property=\"og:image\" content=\"https:\/\/adamtransport.com\/hu\/wp-content\/uploads\/2023\/02\/warehouse.gif\" \/>\n\t<meta property=\"og:image:width\" content=\"640\" \/>\n\t<meta property=\"og:image:height\" content=\"640\" \/>\n\t<meta property=\"og:image:type\" content=\"image\/gif\" \/>\n<meta name=\"twitter:card\" content=\"summary_large_image\" \/>\n<meta name=\"twitter:label1\" content=\"Becs\u00fclt olvas\u00e1si id\u0151\" \/>\n\t<meta name=\"twitter:data1\" content=\"2 perc\" \/>\n<script type=\"application\/ld+json\" class=\"yoast-schema-graph\">{\"@context\":\"https:\/\/schema.org\",\"@graph\":[{\"@type\":\"WebPage\",\"@id\":\"https:\/\/adamtransport.com\/hu\/raktarozas\",\"url\":\"https:\/\/adamtransport.com\/hu\/raktarozas\",\"name\":\"Rakt\u00e1roz\u00e1s - ATS Kft.\",\"isPartOf\":{\"@id\":\"https:\/\/adamtransport.com\/hu\/#website\"},\"primaryImageOfPage\":{\"@id\":\"https:\/\/adamtransport.com\/hu\/raktarozas#primaryimage\"},\"image\":{\"@id\":\"https:\/\/adamtransport.com\/hu\/raktarozas#primaryimage\"},\"thumbnailUrl\":\"https:\/\/adamtransport.com\/hu\/wp-content\/uploads\/2023\/02\/warehouse.gif\",\"datePublished\":\"2024-11-27T15:00:50+00:00\",\"dateModified\":\"2024-11-28T10:09:28+00:00\",\"breadcrumb\":{\"@id\":\"https:\/\/adamtransport.com\/hu\/raktarozas#breadcrumb\"},\"inLanguage\":\"hu\",\"potentialAction\":[{\"@type\":\"ReadAction\",\"target\":[\"https:\/\/adamtransport.com\/hu\/raktarozas\"]}]},{\"@type\":\"ImageObject\",\"inLanguage\":\"hu\",\"@id\":\"https:\/\/adamtransport.com\/hu\/raktarozas#primaryimage\",\"url\":\"https:\/\/adamtransport.com\/hu\/wp-content\/uploads\/2023\/02\/warehouse.gif\",\"contentUrl\":\"https:\/\/adamtransport.com\/hu\/wp-content\/uploads\/2023\/02\/warehouse.gif\",\"width\":640,\"height\":640},{\"@type\":\"BreadcrumbList\",\"@id\":\"https:\/\/adamtransport.com\/hu\/raktarozas#breadcrumb\",\"itemListElement\":[{\"@type\":\"ListItem\",\"position\":1,\"name\":\"Home\",\"item\":\"https:\/\/adamtransport.com\/hu\/\"},{\"@type\":\"ListItem\",\"position\":2,\"name\":\"Rakt\u00e1roz\u00e1s\"}]},{\"@type\":\"WebSite\",\"@id\":\"https:\/\/adamtransport.com\/hu\/#website\",\"url\":\"https:\/\/adamtransport.com\/hu\/\",\"name\":\"ATS Kft.\",\"description\":\"Logisztika szem\u00e9lyre szabva!\",\"publisher\":{\"@id\":\"https:\/\/adamtransport.com\/hu\/#organization\"},\"potentialAction\":[{\"@type\":\"SearchAction\",\"target\":{\"@type\":\"EntryPoint\",\"urlTemplate\":\"https:\/\/adamtransport.com\/hu\/?s={search_term_string}\"},\"query-input\":{\"@type\":\"PropertyValueSpecification\",\"valueRequired\":true,\"valueName\":\"search_term_string\"}}],\"inLanguage\":\"hu\"},{\"@type\":\"Organization\",\"@id\":\"https:\/\/adamtransport.com\/hu\/#organization\",\"name\":\"ATS Kft.\",\"url\":\"https:\/\/adamtransport.com\/hu\/\",\"logo\":{\"@type\":\"ImageObject\",\"inLanguage\":\"hu\",\"@id\":\"https:\/\/adamtransport.com\/hu\/#\/schema\/logo\/image\/\",\"url\":\"https:\/\/adamtransport.com\/hu\/wp-content\/uploads\/2023\/12\/cropped-2024-ATS-vegleges-logo-haromszog-nelkul.png\",\"contentUrl\":\"https:\/\/adamtransport.com\/hu\/wp-content\/uploads\/2023\/12\/cropped-2024-ATS-vegleges-logo-haromszog-nelkul.png\",\"width\":3916,\"height\":1359,\"caption\":\"ATS Kft.\"},\"image\":{\"@id\":\"https:\/\/adamtransport.com\/hu\/#\/schema\/logo\/image\/\"}}]}<\/script>\n<!-- \/ Yoast SEO plugin. -->","yoast_head_json":{"title":"Rakt\u00e1roz\u00e1s - ATS Kft.","robots":{"index":"index","follow":"follow","max-snippet":"max-snippet:-1","max-image-preview":"max-image-preview:large","max-video-preview":"max-video-preview:-1"},"canonical":"https:\/\/adamtransport.com\/hu\/raktarozas","og_locale":"hu_HU","og_type":"article","og_title":"Rakt\u00e1roz\u00e1s - ATS Kft.","og_description":"Irod\u00e1nkkal egy\u00fctt Budapest d\u00e9li r\u00e9sz\u00e9n tal\u00e1lhat\u00f3 a saj\u00e1t rakt\u00e1runk is, amely rendk\u00edv\u00fcl k\u00f6zel helyezkedik el a Liszt Ferenc Nemzetk\u00f6zi Rep\u00fcl\u0151t\u00e9r \u00e1rufelv\u00e9teli r\u00e9szleg\u00e9hez (7 km \/ 10 perc). Magyarorsz\u00e1g legjelent\u0151sebb kont\u00e9ner termin\u00e1ljai, mint p\u00e9ld\u00e1ul a BILK, vagy a MAHART is k\u00f6nnyen el\u00e9rhet\u0151ek innen, hiszen k\u00f6r\u00fclbel\u00fcl 20- 30 perc alatt megk\u00f6zel\u00edthet\u0151ek. A gy\u0171jt\u0151 tengeri \u00e9s vas\u00fati sz\u00e1ll\u00edtm\u00e1nyoz\u00e1s [&hellip;]","og_url":"https:\/\/adamtransport.com\/hu\/raktarozas","og_site_name":"ATS Kft.","article_modified_time":"2024-11-28T10:09:28+00:00","og_image":[{"width":640,"height":640,"url":"https:\/\/adamtransport.com\/hu\/wp-content\/uploads\/2023\/02\/warehouse.gif","type":"image\/gif"}],"twitter_card":"summary_large_image","twitter_misc":{"Becs\u00fclt olvas\u00e1si id\u0151":"2 perc"},"schema":{"@context":"https:\/\/schema.org","@graph":[{"@type":"WebPage","@id":"https:\/\/adamtransport.com\/hu\/raktarozas","url":"https:\/\/adamtransport.com\/hu\/raktarozas","name":"Rakt\u00e1roz\u00e1s - ATS Kft.","isPartOf":{"@id":"https:\/\/adamtransport.com\/hu\/#website"},"primaryImageOfPage":{"@id":"https:\/\/adamtransport.com\/hu\/raktarozas#primaryimage"},"image":{"@id":"https:\/\/adamtransport.com\/hu\/raktarozas#primaryimage"},"thumbnailUrl":"https:\/\/adamtransport.com\/hu\/wp-content\/uploads\/2023\/02\/warehouse.gif","datePublished":"2024-11-27T15:00:50+00:00","dateModified":"2024-11-28T10:09:28+00:00","breadcrumb":{"@id":"https:\/\/adamtransport.com\/hu\/raktarozas#breadcrumb"},"inLanguage":"hu","potentialAction":[{"@type":"ReadAction","target":["https:\/\/adamtransport.com\/hu\/raktarozas"]}]},{"@type":"ImageObject","inLanguage":"hu","@id":"https:\/\/adamtransport.com\/hu\/raktarozas#primaryimage","url":"https:\/\/adamtransport.com\/hu\/wp-content\/uploads\/2023\/02\/warehouse.gif","contentUrl":"https:\/\/adamtransport.com\/hu\/wp-content\/uploads\/2023\/02\/warehouse.gif","width":640,"height":640},{"@type":"BreadcrumbList","@id":"https:\/\/adamtransport.com\/hu\/raktarozas#breadcrumb","itemListElement":[{"@type":"ListItem","position":1,"name":"Home","item":"https:\/\/adamtransport.com\/hu\/"},{"@type":"ListItem","position":2,"name":"Rakt\u00e1roz\u00e1s"}]},{"@type":"WebSite","@id":"https:\/\/adamtransport.com\/hu\/#website","url":"https:\/\/adamtransport.com\/hu\/","name":"ATS Kft.","description":"Logisztika szem\u00e9lyre szabva!","publisher":{"@id":"https:\/\/adamtransport.com\/hu\/#organization"},"potentialAction":[{"@type":"SearchAction","target":{"@type":"EntryPoint","urlTemplate":"https:\/\/adamtransport.com\/hu\/?s={search_term_string}"},"query-input":{"@type":"PropertyValueSpecification","valueRequired":true,"valueName":"search_term_string"}}],"inLanguage":"hu"},{"@type":"Organization","@id":"https:\/\/adamtransport.com\/hu\/#organization","name":"ATS Kft.","url":"https:\/\/adamtransport.com\/hu\/","logo":{"@type":"ImageObject","inLanguage":"hu","@id":"https:\/\/adamtransport.com\/hu\/#\/schema\/logo\/image\/","url":"https:\/\/adamtransport.com\/hu\/wp-content\/uploads\/2023\/12\/cropped-2024-ATS-vegleges-logo-haromszog-nelkul.png","contentUrl":"https:\/\/adamtransport.com\/hu\/wp-content\/uploads\/2023\/12\/cropped-2024-ATS-vegleges-logo-haromszog-nelkul.png","width":3916,"height":1359,"caption":"ATS Kft."},"image":{"@id":"https:\/\/adamtransport.com\/hu\/#\/schema\/logo\/image\/"}}]}},"_links":{"self":[{"href":"https:\/\/adamtransport.com\/hu\/wp-json\/wp\/v2\/pages\/2171","targetHints":{"allow":["GET"]}}],"collection":[{"href":"https:\/\/adamtransport.com\/hu\/wp-json\/wp\/v2\/pages"}],"about":[{"href":"https:\/\/adamtransport.com\/hu\/wp-json\/wp\/v2\/types\/page"}],"author":[{"embeddable":true,"href":"https:\/\/adamtransport.com\/hu\/wp-json\/wp\/v2\/users\/6"}],"replies":[{"embeddable":true,"href":"https:\/\/adamtransport.com\/hu\/wp-json\/wp\/v2\/comments?post=2171"}],"version-history":[{"count":28,"href":"https:\/\/adamtransport.com\/hu\/wp-json\/wp\/v2\/pages\/2171\/revisions"}],"predecessor-version":[{"id":2334,"href":"https:\/\/adamtransport.com\/hu\/wp-json\/wp\/v2\/pages\/2171\/revisions\/2334"}],"wp:attachment":[{"href":"https:\/\/adamtransport.com\/hu\/wp-json\/wp\/v2\/media?parent=2171"}],"curies":[{"name":"wp","href":"https:\/\/api.w.org\/{rel}","templated":true}]}}