{"id":2157,"date":"2024-11-27T14:56:48","date_gmt":"2024-11-27T14:56:48","guid":{"rendered":"https:\/\/adamtransport.com\/hu\/?page_id=2157"},"modified":"2024-11-28T10:02:22","modified_gmt":"2024-11-28T10:02:22","slug":"projekt-szallitmanyozas","status":"publish","type":"page","link":"https:\/\/adamtransport.com\/hu\/projekt-szallitmanyozas","title":{"rendered":"Projekt sz\u00e1ll\u00edtm\u00e1nyoz\u00e1s"},"content":{"rendered":"\t\t<div data-elementor-type=\"wp-page\" data-elementor-id=\"2157\" class=\"elementor elementor-2157\" data-elementor-post-type=\"page\">\n\t\t\t\t<div class=\"elementor-element elementor-element-60d46268 e-flex e-con-boxed e-con e-parent\" data-id=\"60d46268\" data-element_type=\"container\" data-settings=\"{&quot;background_background&quot;:&quot;classic&quot;,&quot;jet_parallax_layout_list&quot;:[]}\">\n\t\t\t\t\t<div class=\"e-con-inner\">\n\t\t<div class=\"elementor-element elementor-element-7e56025b e-con-full e-flex elementor-invisible e-con e-child\" data-id=\"7e56025b\" data-element_type=\"container\" data-settings=\"{&quot;jet_parallax_layout_list&quot;:[],&quot;background_background&quot;:&quot;classic&quot;,&quot;animation&quot;:&quot;fadeInLeft&quot;}\">\n\t\t\t\t<div class=\"elementor-element elementor-element-74483a39 elementor-widget elementor-widget-image\" data-id=\"74483a39\" data-element_type=\"widget\" data-widget_type=\"image.default\">\n\t\t\t\t<div class=\"elementor-widget-container\">\n\t\t\t\t\t\t\t\t\t\t\t\t\t\t\t<img fetchpriority=\"high\" decoding=\"async\" width=\"640\" height=\"640\" src=\"https:\/\/adamtransport.com\/hu\/wp-content\/uploads\/2023\/02\/reception.gif\" class=\"attachment-large size-large wp-image-1531\" alt=\"\" \/>\t\t\t\t\t\t\t\t\t\t\t\t\t\t\t<\/div>\n\t\t\t\t<\/div>\n\t\t\t\t<div class=\"elementor-element elementor-element-2808d07d elementor-widget elementor-widget-text-editor\" data-id=\"2808d07d\" data-element_type=\"widget\" data-widget_type=\"text-editor.default\">\n\t\t\t\t<div class=\"elementor-widget-container\">\n\t\t\t\t\t\t\t\t\t<p>Kiemelt tev\u00e9kenys\u00e9geink k\u00f6z\u00e9 sorolhatjuk, a projekt illetve t\u00falm\u00e9retes \u00e1ruk sz\u00e1ll\u00edt\u00e1s\u00e1nak a szervez\u00e9s\u00e9t f\u00f6ld\u00f6n, v\u00edzen \u00e9s leveg\u0151ben egyar\u00e1nt.<\/p><p>T\u00f6bb \u00e9ves szakmai tapasztalunk seg\u00edts\u00e9g\u00e9vel megtervezz\u00fck \u00e9s lebonyol\u00edtjuk ezeket a sz\u00e1ll\u00edt\u00e1sokat.<\/p>\t\t\t\t\t\t\t\t<\/div>\n\t\t\t\t<\/div>\n\t\t\t\t<\/div>\n\t\t<div class=\"elementor-element elementor-element-7ab54747 e-con-full e-flex elementor-invisible e-con e-child\" data-id=\"7ab54747\" data-element_type=\"container\" data-settings=\"{&quot;background_background&quot;:&quot;classic&quot;,&quot;jet_parallax_layout_list&quot;:[],&quot;animation&quot;:&quot;fadeInRight&quot;}\">\n\t\t\t\t<div class=\"elementor-element elementor-element-2c221ad4 elementor-widget elementor-widget-image-box\" data-id=\"2c221ad4\" data-element_type=\"widget\" data-widget_type=\"image-box.default\">\n\t\t\t\t<div class=\"elementor-widget-container\">\n\t\t\t\t\t<div class=\"elementor-image-box-wrapper\"><div class=\"elementor-image-box-content\"><h4 class=\"elementor-image-box-title\">T\u00falm\u00e9retes \u2013 t\u00fals\u00falyos rakom\u00e1nyok szervez\u00e9se<\/h4><p class=\"elementor-image-box-description\">Azokat a rakom\u00e1nyokat nevezhetj\u00fck t\u00falm\u00e9retesnek, ami az adott sz\u00e1ll\u00edt\u00e1si m\u00f3d (l\u00e9gi\/tengeri\/k\u00f6z\u00fati) legnagyobb fuvarszerelv\u00e9ny\u00e9be nem f\u00e9r bele, illetve a nagy s\u00falya alapj\u00e1n meger\u0151s\u00edtett \/ speci\u00e1lis fuvaroz\u00e1si eszk\u00f6zt k\u00edv\u00e1n a sz\u00e1ll\u00edt\u00e1shoz<\/p><\/div><\/div>\t\t\t\t<\/div>\n\t\t\t\t<\/div>\n\t\t\t\t<div class=\"elementor-element elementor-element-276eb92d elementor-widget elementor-widget-image-box\" data-id=\"276eb92d\" data-element_type=\"widget\" data-widget_type=\"image-box.default\">\n\t\t\t\t<div class=\"elementor-widget-container\">\n\t\t\t\t\t<div class=\"elementor-image-box-wrapper\"><div class=\"elementor-image-box-content\"><h4 class=\"elementor-image-box-title\">Logisztikai projektek kivitelez\u00e9se<\/h4><p class=\"elementor-image-box-description\">C\u00e9g\u00fcnk \u00e9s koll\u00e9g\u00e1ink \u00e1ltal elsaj\u00e1t\u00edtott tud\u00e1snak k\u00f6sz\u00f6nhet\u0151en, komplex logisztikai feladatok megold\u00e1s\u00e1ban is helyt \u00e1llunk. M\u0171k\u00f6d\u00e9s\u00fcnk alatt t\u00f6bb olyan sz\u00e1ll\u00edt\u00e1si feladatot is megoldottunk, ahol ak\u00e1r egy eg\u00e9sz gy\u00e1rat, vagy egyszerre 20-30 kont\u00e9nert kellett mozgatni. Az elm\u00falt \u00e9vek alatt t\u00f6bb sz\u00e1z kont\u00e9ner m\u0171anyag \u00e9s vas hullad\u00e9kot export\u00e1ltunk a vil\u00e1g sz\u00e1mos orsz\u00e1g\u00e1ba.<\/p><\/div><\/div>\t\t\t\t<\/div>\n\t\t\t\t<\/div>\n\t\t\t\t<div class=\"elementor-element elementor-element-716de4dd elementor-widget elementor-widget-button\" data-id=\"716de4dd\" data-element_type=\"widget\" data-widget_type=\"button.default\">\n\t\t\t\t<div class=\"elementor-widget-container\">\n\t\t\t\t\t\t\t\t\t<div class=\"elementor-button-wrapper\">\n\t\t\t\t\t<a class=\"elementor-button elementor-button-link elementor-size-md\" href=\"https:\/\/adamtransport.com\/hu\/ajanlatkeres\">\n\t\t\t\t\t\t<span class=\"elementor-button-content-wrapper\">\n\t\t\t\t\t\t\t\t\t<span class=\"elementor-button-text\">Aj\u00e1nlatk\u00e9r\u00e9s<\/span>\n\t\t\t\t\t<\/span>\n\t\t\t\t\t<\/a>\n\t\t\t\t<\/div>\n\t\t\t\t\t\t\t\t<\/div>\n\t\t\t\t<\/div>\n\t\t\t\t<\/div>\n\t\t\t\t\t<\/div>\n\t\t\t\t<\/div>\n\t\t\t\t<\/div>\n\t\t","protected":false},"excerpt":{"rendered":"<p>Kiemelt tev\u00e9kenys\u00e9geink k\u00f6z\u00e9 sorolhatjuk, a projekt illetve t\u00falm\u00e9retes \u00e1ruk sz\u00e1ll\u00edt\u00e1s\u00e1nak a szervez\u00e9s\u00e9t f\u00f6ld\u00f6n, v\u00edzen \u00e9s leveg\u0151ben egyar\u00e1nt. T\u00f6bb \u00e9ves szakmai tapasztalunk seg\u00edts\u00e9g\u00e9vel megtervezz\u00fck \u00e9s lebonyol\u00edtjuk ezeket a sz\u00e1ll\u00edt\u00e1sokat. T\u00falm\u00e9retes \u2013 t\u00fals\u00falyos rakom\u00e1nyok szervez\u00e9se Azokat a rakom\u00e1nyokat nevezhetj\u00fck t\u00falm\u00e9retesnek, ami az adott sz\u00e1ll\u00edt\u00e1si m\u00f3d (l\u00e9gi\/tengeri\/k\u00f6z\u00fati) legnagyobb fuvarszerelv\u00e9ny\u00e9be nem f\u00e9r bele, illetve a nagy s\u00falya alapj\u00e1n meger\u0151s\u00edtett [&hellip;]<\/p>\n","protected":false},"author":6,"featured_media":0,"parent":0,"menu_order":0,"comment_status":"closed","ping_status":"closed","template":"","meta":{"footnotes":""},"class_list":["post-2157","page","type-page","status-publish","hentry"],"yoast_head":"<!-- This site is optimized with the Yoast SEO plugin v25.3 - https:\/\/yoast.com\/wordpress\/plugins\/seo\/ -->\n<title>Projekt sz\u00e1ll\u00edtm\u00e1nyoz\u00e1s - ATS Kft.<\/title>\n<meta name=\"robots\" content=\"index, follow, max-snippet:-1, max-image-preview:large, max-video-preview:-1\" \/>\n<link rel=\"canonical\" href=\"https:\/\/adamtransport.com\/hu\/projekt-szallitmanyozas\" \/>\n<meta property=\"og:locale\" content=\"hu_HU\" \/>\n<meta property=\"og:type\" content=\"article\" \/>\n<meta property=\"og:title\" content=\"Projekt sz\u00e1ll\u00edtm\u00e1nyoz\u00e1s - ATS Kft.\" \/>\n<meta property=\"og:description\" content=\"Kiemelt tev\u00e9kenys\u00e9geink k\u00f6z\u00e9 sorolhatjuk, a projekt illetve t\u00falm\u00e9retes \u00e1ruk sz\u00e1ll\u00edt\u00e1s\u00e1nak a szervez\u00e9s\u00e9t f\u00f6ld\u00f6n, v\u00edzen \u00e9s leveg\u0151ben egyar\u00e1nt. T\u00f6bb \u00e9ves szakmai tapasztalunk seg\u00edts\u00e9g\u00e9vel megtervezz\u00fck \u00e9s lebonyol\u00edtjuk ezeket a sz\u00e1ll\u00edt\u00e1sokat. T\u00falm\u00e9retes \u2013 t\u00fals\u00falyos rakom\u00e1nyok szervez\u00e9se Azokat a rakom\u00e1nyokat nevezhetj\u00fck t\u00falm\u00e9retesnek, ami az adott sz\u00e1ll\u00edt\u00e1si m\u00f3d (l\u00e9gi\/tengeri\/k\u00f6z\u00fati) legnagyobb fuvarszerelv\u00e9ny\u00e9be nem f\u00e9r bele, illetve a nagy s\u00falya alapj\u00e1n meger\u0151s\u00edtett [&hellip;]\" \/>\n<meta property=\"og:url\" content=\"https:\/\/adamtransport.com\/hu\/projekt-szallitmanyozas\" \/>\n<meta property=\"og:site_name\" content=\"ATS Kft.\" \/>\n<meta property=\"article:modified_time\" content=\"2024-11-28T10:02:22+00:00\" \/>\n<meta property=\"og:image\" content=\"https:\/\/adamtransport.com\/hu\/wp-content\/uploads\/2023\/02\/reception.gif\" \/>\n\t<meta property=\"og:image:width\" content=\"640\" \/>\n\t<meta property=\"og:image:height\" content=\"640\" \/>\n\t<meta property=\"og:image:type\" content=\"image\/gif\" \/>\n<meta name=\"twitter:card\" content=\"summary_large_image\" \/>\n<meta name=\"twitter:label1\" content=\"Becs\u00fclt olvas\u00e1si id\u0151\" \/>\n\t<meta name=\"twitter:data1\" content=\"1 perc\" \/>\n<script type=\"application\/ld+json\" class=\"yoast-schema-graph\">{\"@context\":\"https:\/\/schema.org\",\"@graph\":[{\"@type\":\"WebPage\",\"@id\":\"https:\/\/adamtransport.com\/hu\/projekt-szallitmanyozas\",\"url\":\"https:\/\/adamtransport.com\/hu\/projekt-szallitmanyozas\",\"name\":\"Projekt sz\u00e1ll\u00edtm\u00e1nyoz\u00e1s - ATS Kft.\",\"isPartOf\":{\"@id\":\"https:\/\/adamtransport.com\/hu\/#website\"},\"primaryImageOfPage\":{\"@id\":\"https:\/\/adamtransport.com\/hu\/projekt-szallitmanyozas#primaryimage\"},\"image\":{\"@id\":\"https:\/\/adamtransport.com\/hu\/projekt-szallitmanyozas#primaryimage\"},\"thumbnailUrl\":\"https:\/\/adamtransport.com\/hu\/wp-content\/uploads\/2023\/02\/reception.gif\",\"datePublished\":\"2024-11-27T14:56:48+00:00\",\"dateModified\":\"2024-11-28T10:02:22+00:00\",\"breadcrumb\":{\"@id\":\"https:\/\/adamtransport.com\/hu\/projekt-szallitmanyozas#breadcrumb\"},\"inLanguage\":\"hu\",\"potentialAction\":[{\"@type\":\"ReadAction\",\"target\":[\"https:\/\/adamtransport.com\/hu\/projekt-szallitmanyozas\"]}]},{\"@type\":\"ImageObject\",\"inLanguage\":\"hu\",\"@id\":\"https:\/\/adamtransport.com\/hu\/projekt-szallitmanyozas#primaryimage\",\"url\":\"https:\/\/adamtransport.com\/hu\/wp-content\/uploads\/2023\/02\/reception.gif\",\"contentUrl\":\"https:\/\/adamtransport.com\/hu\/wp-content\/uploads\/2023\/02\/reception.gif\",\"width\":640,\"height\":640},{\"@type\":\"BreadcrumbList\",\"@id\":\"https:\/\/adamtransport.com\/hu\/projekt-szallitmanyozas#breadcrumb\",\"itemListElement\":[{\"@type\":\"ListItem\",\"position\":1,\"name\":\"Home\",\"item\":\"https:\/\/adamtransport.com\/hu\/\"},{\"@type\":\"ListItem\",\"position\":2,\"name\":\"Projekt sz\u00e1ll\u00edtm\u00e1nyoz\u00e1s\"}]},{\"@type\":\"WebSite\",\"@id\":\"https:\/\/adamtransport.com\/hu\/#website\",\"url\":\"https:\/\/adamtransport.com\/hu\/\",\"name\":\"ATS Kft.\",\"description\":\"Logisztika szem\u00e9lyre szabva!\",\"publisher\":{\"@id\":\"https:\/\/adamtransport.com\/hu\/#organization\"},\"potentialAction\":[{\"@type\":\"SearchAction\",\"target\":{\"@type\":\"EntryPoint\",\"urlTemplate\":\"https:\/\/adamtransport.com\/hu\/?s={search_term_string}\"},\"query-input\":{\"@type\":\"PropertyValueSpecification\",\"valueRequired\":true,\"valueName\":\"search_term_string\"}}],\"inLanguage\":\"hu\"},{\"@type\":\"Organization\",\"@id\":\"https:\/\/adamtransport.com\/hu\/#organization\",\"name\":\"ATS Kft.\",\"url\":\"https:\/\/adamtransport.com\/hu\/\",\"logo\":{\"@type\":\"ImageObject\",\"inLanguage\":\"hu\",\"@id\":\"https:\/\/adamtransport.com\/hu\/#\/schema\/logo\/image\/\",\"url\":\"https:\/\/adamtransport.com\/hu\/wp-content\/uploads\/2023\/12\/cropped-2024-ATS-vegleges-logo-haromszog-nelkul.png\",\"contentUrl\":\"https:\/\/adamtransport.com\/hu\/wp-content\/uploads\/2023\/12\/cropped-2024-ATS-vegleges-logo-haromszog-nelkul.png\",\"width\":3916,\"height\":1359,\"caption\":\"ATS Kft.\"},\"image\":{\"@id\":\"https:\/\/adamtransport.com\/hu\/#\/schema\/logo\/image\/\"}}]}<\/script>\n<!-- \/ Yoast SEO plugin. -->","yoast_head_json":{"title":"Projekt sz\u00e1ll\u00edtm\u00e1nyoz\u00e1s - ATS Kft.","robots":{"index":"index","follow":"follow","max-snippet":"max-snippet:-1","max-image-preview":"max-image-preview:large","max-video-preview":"max-video-preview:-1"},"canonical":"https:\/\/adamtransport.com\/hu\/projekt-szallitmanyozas","og_locale":"hu_HU","og_type":"article","og_title":"Projekt sz\u00e1ll\u00edtm\u00e1nyoz\u00e1s - ATS Kft.","og_description":"Kiemelt tev\u00e9kenys\u00e9geink k\u00f6z\u00e9 sorolhatjuk, a projekt illetve t\u00falm\u00e9retes \u00e1ruk sz\u00e1ll\u00edt\u00e1s\u00e1nak a szervez\u00e9s\u00e9t f\u00f6ld\u00f6n, v\u00edzen \u00e9s leveg\u0151ben egyar\u00e1nt. T\u00f6bb \u00e9ves szakmai tapasztalunk seg\u00edts\u00e9g\u00e9vel megtervezz\u00fck \u00e9s lebonyol\u00edtjuk ezeket a sz\u00e1ll\u00edt\u00e1sokat. T\u00falm\u00e9retes \u2013 t\u00fals\u00falyos rakom\u00e1nyok szervez\u00e9se Azokat a rakom\u00e1nyokat nevezhetj\u00fck t\u00falm\u00e9retesnek, ami az adott sz\u00e1ll\u00edt\u00e1si m\u00f3d (l\u00e9gi\/tengeri\/k\u00f6z\u00fati) legnagyobb fuvarszerelv\u00e9ny\u00e9be nem f\u00e9r bele, illetve a nagy s\u00falya alapj\u00e1n meger\u0151s\u00edtett [&hellip;]","og_url":"https:\/\/adamtransport.com\/hu\/projekt-szallitmanyozas","og_site_name":"ATS Kft.","article_modified_time":"2024-11-28T10:02:22+00:00","og_image":[{"width":640,"height":640,"url":"https:\/\/adamtransport.com\/hu\/wp-content\/uploads\/2023\/02\/reception.gif","type":"image\/gif"}],"twitter_card":"summary_large_image","twitter_misc":{"Becs\u00fclt olvas\u00e1si id\u0151":"1 perc"},"schema":{"@context":"https:\/\/schema.org","@graph":[{"@type":"WebPage","@id":"https:\/\/adamtransport.com\/hu\/projekt-szallitmanyozas","url":"https:\/\/adamtransport.com\/hu\/projekt-szallitmanyozas","name":"Projekt sz\u00e1ll\u00edtm\u00e1nyoz\u00e1s - ATS Kft.","isPartOf":{"@id":"https:\/\/adamtransport.com\/hu\/#website"},"primaryImageOfPage":{"@id":"https:\/\/adamtransport.com\/hu\/projekt-szallitmanyozas#primaryimage"},"image":{"@id":"https:\/\/adamtransport.com\/hu\/projekt-szallitmanyozas#primaryimage"},"thumbnailUrl":"https:\/\/adamtransport.com\/hu\/wp-content\/uploads\/2023\/02\/reception.gif","datePublished":"2024-11-27T14:56:48+00:00","dateModified":"2024-11-28T10:02:22+00:00","breadcrumb":{"@id":"https:\/\/adamtransport.com\/hu\/projekt-szallitmanyozas#breadcrumb"},"inLanguage":"hu","potentialAction":[{"@type":"ReadAction","target":["https:\/\/adamtransport.com\/hu\/projekt-szallitmanyozas"]}]},{"@type":"ImageObject","inLanguage":"hu","@id":"https:\/\/adamtransport.com\/hu\/projekt-szallitmanyozas#primaryimage","url":"https:\/\/adamtransport.com\/hu\/wp-content\/uploads\/2023\/02\/reception.gif","contentUrl":"https:\/\/adamtransport.com\/hu\/wp-content\/uploads\/2023\/02\/reception.gif","width":640,"height":640},{"@type":"BreadcrumbList","@id":"https:\/\/adamtransport.com\/hu\/projekt-szallitmanyozas#breadcrumb","itemListElement":[{"@type":"ListItem","position":1,"name":"Home","item":"https:\/\/adamtransport.com\/hu\/"},{"@type":"ListItem","position":2,"name":"Projekt sz\u00e1ll\u00edtm\u00e1nyoz\u00e1s"}]},{"@type":"WebSite","@id":"https:\/\/adamtransport.com\/hu\/#website","url":"https:\/\/adamtransport.com\/hu\/","name":"ATS Kft.","description":"Logisztika szem\u00e9lyre szabva!","publisher":{"@id":"https:\/\/adamtransport.com\/hu\/#organization"},"potentialAction":[{"@type":"SearchAction","target":{"@type":"EntryPoint","urlTemplate":"https:\/\/adamtransport.com\/hu\/?s={search_term_string}"},"query-input":{"@type":"PropertyValueSpecification","valueRequired":true,"valueName":"search_term_string"}}],"inLanguage":"hu"},{"@type":"Organization","@id":"https:\/\/adamtransport.com\/hu\/#organization","name":"ATS Kft.","url":"https:\/\/adamtransport.com\/hu\/","logo":{"@type":"ImageObject","inLanguage":"hu","@id":"https:\/\/adamtransport.com\/hu\/#\/schema\/logo\/image\/","url":"https:\/\/adamtransport.com\/hu\/wp-content\/uploads\/2023\/12\/cropped-2024-ATS-vegleges-logo-haromszog-nelkul.png","contentUrl":"https:\/\/adamtransport.com\/hu\/wp-content\/uploads\/2023\/12\/cropped-2024-ATS-vegleges-logo-haromszog-nelkul.png","width":3916,"height":1359,"caption":"ATS Kft."},"image":{"@id":"https:\/\/adamtransport.com\/hu\/#\/schema\/logo\/image\/"}}]}},"_links":{"self":[{"href":"https:\/\/adamtransport.com\/hu\/wp-json\/wp\/v2\/pages\/2157","targetHints":{"allow":["GET"]}}],"collection":[{"href":"https:\/\/adamtransport.com\/hu\/wp-json\/wp\/v2\/pages"}],"about":[{"href":"https:\/\/adamtransport.com\/hu\/wp-json\/wp\/v2\/types\/page"}],"author":[{"embeddable":true,"href":"https:\/\/adamtransport.com\/hu\/wp-json\/wp\/v2\/users\/6"}],"replies":[{"embeddable":true,"href":"https:\/\/adamtransport.com\/hu\/wp-json\/wp\/v2\/comments?post=2157"}],"version-history":[{"count":24,"href":"https:\/\/adamtransport.com\/hu\/wp-json\/wp\/v2\/pages\/2157\/revisions"}],"predecessor-version":[{"id":2310,"href":"https:\/\/adamtransport.com\/hu\/wp-json\/wp\/v2\/pages\/2157\/revisions\/2310"}],"wp:attachment":[{"href":"https:\/\/adamtransport.com\/hu\/wp-json\/wp\/v2\/media?parent=2157"}],"curies":[{"name":"wp","href":"https:\/\/api.w.org\/{rel}","templated":true}]}}