{"id":2146,"date":"2024-11-27T14:48:55","date_gmt":"2024-11-27T14:48:55","guid":{"rendered":"https:\/\/adamtransport.com\/hu\/?page_id=2146"},"modified":"2024-11-28T09:58:33","modified_gmt":"2024-11-28T09:58:33","slug":"vasuti-szallitmanyozas-kinabol","status":"publish","type":"page","link":"https:\/\/adamtransport.com\/hu\/vasuti-szallitmanyozas-kinabol","title":{"rendered":"Vas\u00fati sz\u00e1ll\u00edtm\u00e1nyoz\u00e1s K\u00edn\u00e1b\u00f3l"},"content":{"rendered":"\t\t<div data-elementor-type=\"wp-page\" data-elementor-id=\"2146\" class=\"elementor elementor-2146\" data-elementor-post-type=\"page\">\n\t\t\t\t<div class=\"elementor-element elementor-element-23087cab e-flex e-con-boxed e-con e-parent\" data-id=\"23087cab\" data-element_type=\"container\" data-settings=\"{&quot;background_background&quot;:&quot;classic&quot;,&quot;jet_parallax_layout_list&quot;:[]}\">\n\t\t\t\t\t<div class=\"e-con-inner\">\n\t\t<div class=\"elementor-element elementor-element-6e8de088 e-con-full e-flex elementor-invisible e-con e-child\" data-id=\"6e8de088\" data-element_type=\"container\" data-settings=\"{&quot;jet_parallax_layout_list&quot;:[],&quot;background_background&quot;:&quot;classic&quot;,&quot;animation&quot;:&quot;fadeInLeft&quot;}\">\n\t\t\t\t<div class=\"elementor-element elementor-element-7ad24f66 elementor-widget elementor-widget-image\" data-id=\"7ad24f66\" data-element_type=\"widget\" data-widget_type=\"image.default\">\n\t\t\t\t<div class=\"elementor-widget-container\">\n\t\t\t\t\t\t\t\t\t\t\t\t\t\t\t<img fetchpriority=\"high\" decoding=\"async\" width=\"640\" height=\"640\" src=\"https:\/\/adamtransport.com\/hu\/wp-content\/uploads\/2023\/02\/airplane.gif\" class=\"attachment-large size-large wp-image-1457\" alt=\"\" \/>\t\t\t\t\t\t\t\t\t\t\t\t\t\t\t<\/div>\n\t\t\t\t<\/div>\n\t\t\t\t<div class=\"elementor-element elementor-element-3df9c1d9 elementor-widget elementor-widget-text-editor\" data-id=\"3df9c1d9\" data-element_type=\"widget\" data-widget_type=\"text-editor.default\">\n\t\t\t\t<div class=\"elementor-widget-container\">\n\t\t\t\t\t\t\t\t\t<p>A vas\u00fati sz\u00e1ll\u00edtm\u00e1nyoz\u00e1s K\u00edn\u00e1b\u00f3l folyamatosan fejl\u0151d\u0151 ter\u00fclet, mivel a nagy t\u00e1vols\u00e1g miatt kedvez\u0151 \u00e1r-\u00e9rt\u00e9k ar\u00e1ny\u00fa, megb\u00edzhat\u00f3 szolg\u00e1ltat\u00e1si forma.<\/p><p>Jellemz\u0151en a neh\u00e9z\u00e1ruk, a t\u00f6meg\u00e1ruk t\u00e1voli pontba t\u00f6rt\u00e9n\u0151 tov\u00e1bb\u00edt\u00e1sa eset\u00e9n mer\u00fcl fel, illetve egyre nagyobb szerepet j\u00e1tszik a kombin\u00e1lt \u00e1rusz\u00e1ll\u00edt\u00e1sn\u00e1l.<\/p><p>C\u00e9g\u00fcnk rendszeresen szervez vas\u00fati gy\u0171jt\u0151 \u00e9s teljes kont\u00e9neres sz\u00e1ll\u00edt\u00e1sokat K\u00edn\u00e1b\u00f3l. Jelenleg h\u00e1rom indul\u00f3 v\u00e1rosb\u00f3l van szerviz\u00fcnk, melyek vonz\u00e1sk\u00f6rzeteiben tal\u00e1lhat\u00f3k azok a fontosabb kik\u00f6t\u0151k \u00e9s repterek, ahonnan az eur\u00f3pai import \u00e1ruk nagy r\u00e9sze \u00e9rkezik, \u00edgy szinte minden k\u00ednai \u201egy\u00e1rv\u00e1rost\u201d ki tudunk szolg\u00e1lni.<\/p><p>Az eg\u00e9sz sz\u00e1ll\u00edt\u00e1si folyamatot megszervezz\u00fck, az \u00e1llom\u00e1si rakod\u00e1st\u00f3l kezdve az \u00e1tvev\u0151nek t\u00f6rt\u00e9n\u0151 \u00e1tad\u00e1sig \u00fcgyfeleink rendelkez\u00e9s\u00e9re \u00e1llunk. Szolg\u00e1ltat\u00e1sunkhoz hozz\u00e1tartozik az \u00e1ruk felv\u00e9tele, kisz\u00e1ll\u00edt\u00e1sa, dokument\u00e1ci\u00f3ja \u00e9s a v\u00e1mkezel\u00e9sek is.<\/p>\t\t\t\t\t\t\t\t<\/div>\n\t\t\t\t<\/div>\n\t\t\t\t<\/div>\n\t\t<div class=\"elementor-element elementor-element-1e82e36e e-con-full e-flex elementor-invisible e-con e-child\" data-id=\"1e82e36e\" data-element_type=\"container\" data-settings=\"{&quot;background_background&quot;:&quot;classic&quot;,&quot;jet_parallax_layout_list&quot;:[],&quot;animation&quot;:&quot;fadeInRight&quot;}\">\n\t\t\t\t<div class=\"elementor-element elementor-element-286d2b2c elementor-widget elementor-widget-image-box\" data-id=\"286d2b2c\" data-element_type=\"widget\" data-widget_type=\"image-box.default\">\n\t\t\t\t<div class=\"elementor-widget-container\">\n\t\t\t\t\t<div class=\"elementor-image-box-wrapper\"><div class=\"elementor-image-box-content\"><p class=\"elementor-image-box-description\">A vas\u00fati sz\u00e1ll\u00edt\u00e1s k\u00f6z\u00e9putat k\u00e9pez a l\u00e9gi \u00e9s a tengeri sz\u00e1ll\u00edtm\u00e1nyoz\u00e1s k\u00f6z\u00f6tt. A fajlagos fuvark\u00f6lts\u00e9ge a l\u00e9gi \u00e9s a tengeri sz\u00e1ll\u00edt\u00e1si d\u00edjak k\u00f6z\u00f6tt szokott alakulni, ahogy a sz\u00e1ll\u00edt\u00e1si id\u0151tartam is (kb. 20-24 nap).\n\nF\u0151k\u00e9nt azoknak az \u00fcgyfeleknek aj\u00e1nljuk ezt a sz\u00e1ll\u00edt\u00e1si form\u00e1t, akiknek a tengeri sz\u00e1ll\u00edt\u00e1s t\u00fal lass\u00fa, ellenben a k\u00f6lts\u00e9gvet\u00e9s\u00fckbe belef\u00e9r a magasabb sz\u00e1ll\u00edt\u00e1si k\u00f6lts\u00e9g.\nKisz\u00e1m\u00edthat\u00f3, menetrendszer\u0171 indul\u00e1sok jellemzik, jelenleg hetente 4 alkalommal. Pillanatnyilag is gyakran vannak sz\u00e1ll\u00edt\u00e1saink, c\u00e9lunk, hogy versenyk\u00e9pes \u00e1rak mellett, gyors kiszolg\u00e1l\u00e1st ny\u00fajtsunk \u00fcgyfeleink sz\u00e1m\u00e1ra.\n\nKeressen minket bizalommal \u00e9s mi megtal\u00e1ljuk \u00d6nnek a legk\u00f6lts\u00e9ghat\u00e9konyabb sz\u00e1ll\u00edt\u00e1si megold\u00e1st!\n<\/p><\/div><\/div>\t\t\t\t<\/div>\n\t\t\t\t<\/div>\n\t\t\t\t<\/div>\n\t\t\t\t\t<\/div>\n\t\t\t\t<\/div>\n\t\t\t\t<\/div>\n\t\t","protected":false},"excerpt":{"rendered":"<p>A vas\u00fati sz\u00e1ll\u00edtm\u00e1nyoz\u00e1s K\u00edn\u00e1b\u00f3l folyamatosan fejl\u0151d\u0151 ter\u00fclet, mivel a nagy t\u00e1vols\u00e1g miatt kedvez\u0151 \u00e1r-\u00e9rt\u00e9k ar\u00e1ny\u00fa, megb\u00edzhat\u00f3 szolg\u00e1ltat\u00e1si forma. Jellemz\u0151en a neh\u00e9z\u00e1ruk, a t\u00f6meg\u00e1ruk t\u00e1voli pontba t\u00f6rt\u00e9n\u0151 tov\u00e1bb\u00edt\u00e1sa eset\u00e9n mer\u00fcl fel, illetve egyre nagyobb szerepet j\u00e1tszik a kombin\u00e1lt \u00e1rusz\u00e1ll\u00edt\u00e1sn\u00e1l. C\u00e9g\u00fcnk rendszeresen szervez vas\u00fati gy\u0171jt\u0151 \u00e9s teljes kont\u00e9neres sz\u00e1ll\u00edt\u00e1sokat K\u00edn\u00e1b\u00f3l. Jelenleg h\u00e1rom indul\u00f3 v\u00e1rosb\u00f3l van szerviz\u00fcnk, melyek [&hellip;]<\/p>\n","protected":false},"author":6,"featured_media":0,"parent":0,"menu_order":0,"comment_status":"closed","ping_status":"closed","template":"","meta":{"footnotes":""},"class_list":["post-2146","page","type-page","status-publish","hentry"],"yoast_head":"<!-- This site is optimized with the Yoast SEO plugin v25.3 - https:\/\/yoast.com\/wordpress\/plugins\/seo\/ -->\n<title>Vas\u00fati sz\u00e1ll\u00edtm\u00e1nyoz\u00e1s K\u00edn\u00e1b\u00f3l - ATS Kft.<\/title>\n<meta name=\"robots\" content=\"index, follow, max-snippet:-1, max-image-preview:large, max-video-preview:-1\" \/>\n<link rel=\"canonical\" href=\"https:\/\/adamtransport.com\/hu\/vasuti-szallitmanyozas-kinabol\" \/>\n<meta property=\"og:locale\" content=\"hu_HU\" \/>\n<meta property=\"og:type\" content=\"article\" \/>\n<meta property=\"og:title\" content=\"Vas\u00fati sz\u00e1ll\u00edtm\u00e1nyoz\u00e1s K\u00edn\u00e1b\u00f3l - ATS Kft.\" \/>\n<meta property=\"og:description\" content=\"A vas\u00fati sz\u00e1ll\u00edtm\u00e1nyoz\u00e1s K\u00edn\u00e1b\u00f3l folyamatosan fejl\u0151d\u0151 ter\u00fclet, mivel a nagy t\u00e1vols\u00e1g miatt kedvez\u0151 \u00e1r-\u00e9rt\u00e9k ar\u00e1ny\u00fa, megb\u00edzhat\u00f3 szolg\u00e1ltat\u00e1si forma. Jellemz\u0151en a neh\u00e9z\u00e1ruk, a t\u00f6meg\u00e1ruk t\u00e1voli pontba t\u00f6rt\u00e9n\u0151 tov\u00e1bb\u00edt\u00e1sa eset\u00e9n mer\u00fcl fel, illetve egyre nagyobb szerepet j\u00e1tszik a kombin\u00e1lt \u00e1rusz\u00e1ll\u00edt\u00e1sn\u00e1l. C\u00e9g\u00fcnk rendszeresen szervez vas\u00fati gy\u0171jt\u0151 \u00e9s teljes kont\u00e9neres sz\u00e1ll\u00edt\u00e1sokat K\u00edn\u00e1b\u00f3l. Jelenleg h\u00e1rom indul\u00f3 v\u00e1rosb\u00f3l van szerviz\u00fcnk, melyek [&hellip;]\" \/>\n<meta property=\"og:url\" content=\"https:\/\/adamtransport.com\/hu\/vasuti-szallitmanyozas-kinabol\" \/>\n<meta property=\"og:site_name\" content=\"ATS Kft.\" \/>\n<meta property=\"article:modified_time\" content=\"2024-11-28T09:58:33+00:00\" \/>\n<meta property=\"og:image\" content=\"https:\/\/adamtransport.com\/hu\/wp-content\/uploads\/2023\/02\/airplane.gif\" \/>\n\t<meta property=\"og:image:width\" content=\"640\" \/>\n\t<meta property=\"og:image:height\" content=\"640\" \/>\n\t<meta property=\"og:image:type\" content=\"image\/gif\" \/>\n<meta name=\"twitter:card\" content=\"summary_large_image\" \/>\n<meta name=\"twitter:label1\" content=\"Becs\u00fclt olvas\u00e1si id\u0151\" \/>\n\t<meta name=\"twitter:data1\" content=\"2 perc\" \/>\n<script type=\"application\/ld+json\" class=\"yoast-schema-graph\">{\"@context\":\"https:\/\/schema.org\",\"@graph\":[{\"@type\":\"WebPage\",\"@id\":\"https:\/\/adamtransport.com\/hu\/vasuti-szallitmanyozas-kinabol\",\"url\":\"https:\/\/adamtransport.com\/hu\/vasuti-szallitmanyozas-kinabol\",\"name\":\"Vas\u00fati sz\u00e1ll\u00edtm\u00e1nyoz\u00e1s K\u00edn\u00e1b\u00f3l - ATS Kft.\",\"isPartOf\":{\"@id\":\"https:\/\/adamtransport.com\/hu\/#website\"},\"primaryImageOfPage\":{\"@id\":\"https:\/\/adamtransport.com\/hu\/vasuti-szallitmanyozas-kinabol#primaryimage\"},\"image\":{\"@id\":\"https:\/\/adamtransport.com\/hu\/vasuti-szallitmanyozas-kinabol#primaryimage\"},\"thumbnailUrl\":\"https:\/\/adamtransport.com\/hu\/wp-content\/uploads\/2023\/02\/airplane.gif\",\"datePublished\":\"2024-11-27T14:48:55+00:00\",\"dateModified\":\"2024-11-28T09:58:33+00:00\",\"breadcrumb\":{\"@id\":\"https:\/\/adamtransport.com\/hu\/vasuti-szallitmanyozas-kinabol#breadcrumb\"},\"inLanguage\":\"hu\",\"potentialAction\":[{\"@type\":\"ReadAction\",\"target\":[\"https:\/\/adamtransport.com\/hu\/vasuti-szallitmanyozas-kinabol\"]}]},{\"@type\":\"ImageObject\",\"inLanguage\":\"hu\",\"@id\":\"https:\/\/adamtransport.com\/hu\/vasuti-szallitmanyozas-kinabol#primaryimage\",\"url\":\"https:\/\/adamtransport.com\/hu\/wp-content\/uploads\/2023\/02\/airplane.gif\",\"contentUrl\":\"https:\/\/adamtransport.com\/hu\/wp-content\/uploads\/2023\/02\/airplane.gif\",\"width\":640,\"height\":640},{\"@type\":\"BreadcrumbList\",\"@id\":\"https:\/\/adamtransport.com\/hu\/vasuti-szallitmanyozas-kinabol#breadcrumb\",\"itemListElement\":[{\"@type\":\"ListItem\",\"position\":1,\"name\":\"Home\",\"item\":\"https:\/\/adamtransport.com\/hu\/\"},{\"@type\":\"ListItem\",\"position\":2,\"name\":\"Vas\u00fati sz\u00e1ll\u00edtm\u00e1nyoz\u00e1s K\u00edn\u00e1b\u00f3l\"}]},{\"@type\":\"WebSite\",\"@id\":\"https:\/\/adamtransport.com\/hu\/#website\",\"url\":\"https:\/\/adamtransport.com\/hu\/\",\"name\":\"ATS Kft.\",\"description\":\"Logisztika szem\u00e9lyre szabva!\",\"publisher\":{\"@id\":\"https:\/\/adamtransport.com\/hu\/#organization\"},\"potentialAction\":[{\"@type\":\"SearchAction\",\"target\":{\"@type\":\"EntryPoint\",\"urlTemplate\":\"https:\/\/adamtransport.com\/hu\/?s={search_term_string}\"},\"query-input\":{\"@type\":\"PropertyValueSpecification\",\"valueRequired\":true,\"valueName\":\"search_term_string\"}}],\"inLanguage\":\"hu\"},{\"@type\":\"Organization\",\"@id\":\"https:\/\/adamtransport.com\/hu\/#organization\",\"name\":\"ATS Kft.\",\"url\":\"https:\/\/adamtransport.com\/hu\/\",\"logo\":{\"@type\":\"ImageObject\",\"inLanguage\":\"hu\",\"@id\":\"https:\/\/adamtransport.com\/hu\/#\/schema\/logo\/image\/\",\"url\":\"https:\/\/adamtransport.com\/hu\/wp-content\/uploads\/2023\/12\/cropped-2024-ATS-vegleges-logo-haromszog-nelkul.png\",\"contentUrl\":\"https:\/\/adamtransport.com\/hu\/wp-content\/uploads\/2023\/12\/cropped-2024-ATS-vegleges-logo-haromszog-nelkul.png\",\"width\":3916,\"height\":1359,\"caption\":\"ATS Kft.\"},\"image\":{\"@id\":\"https:\/\/adamtransport.com\/hu\/#\/schema\/logo\/image\/\"}}]}<\/script>\n<!-- \/ Yoast SEO plugin. -->","yoast_head_json":{"title":"Vas\u00fati sz\u00e1ll\u00edtm\u00e1nyoz\u00e1s K\u00edn\u00e1b\u00f3l - ATS Kft.","robots":{"index":"index","follow":"follow","max-snippet":"max-snippet:-1","max-image-preview":"max-image-preview:large","max-video-preview":"max-video-preview:-1"},"canonical":"https:\/\/adamtransport.com\/hu\/vasuti-szallitmanyozas-kinabol","og_locale":"hu_HU","og_type":"article","og_title":"Vas\u00fati sz\u00e1ll\u00edtm\u00e1nyoz\u00e1s K\u00edn\u00e1b\u00f3l - ATS Kft.","og_description":"A vas\u00fati sz\u00e1ll\u00edtm\u00e1nyoz\u00e1s K\u00edn\u00e1b\u00f3l folyamatosan fejl\u0151d\u0151 ter\u00fclet, mivel a nagy t\u00e1vols\u00e1g miatt kedvez\u0151 \u00e1r-\u00e9rt\u00e9k ar\u00e1ny\u00fa, megb\u00edzhat\u00f3 szolg\u00e1ltat\u00e1si forma. Jellemz\u0151en a neh\u00e9z\u00e1ruk, a t\u00f6meg\u00e1ruk t\u00e1voli pontba t\u00f6rt\u00e9n\u0151 tov\u00e1bb\u00edt\u00e1sa eset\u00e9n mer\u00fcl fel, illetve egyre nagyobb szerepet j\u00e1tszik a kombin\u00e1lt \u00e1rusz\u00e1ll\u00edt\u00e1sn\u00e1l. C\u00e9g\u00fcnk rendszeresen szervez vas\u00fati gy\u0171jt\u0151 \u00e9s teljes kont\u00e9neres sz\u00e1ll\u00edt\u00e1sokat K\u00edn\u00e1b\u00f3l. Jelenleg h\u00e1rom indul\u00f3 v\u00e1rosb\u00f3l van szerviz\u00fcnk, melyek [&hellip;]","og_url":"https:\/\/adamtransport.com\/hu\/vasuti-szallitmanyozas-kinabol","og_site_name":"ATS Kft.","article_modified_time":"2024-11-28T09:58:33+00:00","og_image":[{"width":640,"height":640,"url":"https:\/\/adamtransport.com\/hu\/wp-content\/uploads\/2023\/02\/airplane.gif","type":"image\/gif"}],"twitter_card":"summary_large_image","twitter_misc":{"Becs\u00fclt olvas\u00e1si id\u0151":"2 perc"},"schema":{"@context":"https:\/\/schema.org","@graph":[{"@type":"WebPage","@id":"https:\/\/adamtransport.com\/hu\/vasuti-szallitmanyozas-kinabol","url":"https:\/\/adamtransport.com\/hu\/vasuti-szallitmanyozas-kinabol","name":"Vas\u00fati sz\u00e1ll\u00edtm\u00e1nyoz\u00e1s K\u00edn\u00e1b\u00f3l - ATS Kft.","isPartOf":{"@id":"https:\/\/adamtransport.com\/hu\/#website"},"primaryImageOfPage":{"@id":"https:\/\/adamtransport.com\/hu\/vasuti-szallitmanyozas-kinabol#primaryimage"},"image":{"@id":"https:\/\/adamtransport.com\/hu\/vasuti-szallitmanyozas-kinabol#primaryimage"},"thumbnailUrl":"https:\/\/adamtransport.com\/hu\/wp-content\/uploads\/2023\/02\/airplane.gif","datePublished":"2024-11-27T14:48:55+00:00","dateModified":"2024-11-28T09:58:33+00:00","breadcrumb":{"@id":"https:\/\/adamtransport.com\/hu\/vasuti-szallitmanyozas-kinabol#breadcrumb"},"inLanguage":"hu","potentialAction":[{"@type":"ReadAction","target":["https:\/\/adamtransport.com\/hu\/vasuti-szallitmanyozas-kinabol"]}]},{"@type":"ImageObject","inLanguage":"hu","@id":"https:\/\/adamtransport.com\/hu\/vasuti-szallitmanyozas-kinabol#primaryimage","url":"https:\/\/adamtransport.com\/hu\/wp-content\/uploads\/2023\/02\/airplane.gif","contentUrl":"https:\/\/adamtransport.com\/hu\/wp-content\/uploads\/2023\/02\/airplane.gif","width":640,"height":640},{"@type":"BreadcrumbList","@id":"https:\/\/adamtransport.com\/hu\/vasuti-szallitmanyozas-kinabol#breadcrumb","itemListElement":[{"@type":"ListItem","position":1,"name":"Home","item":"https:\/\/adamtransport.com\/hu\/"},{"@type":"ListItem","position":2,"name":"Vas\u00fati sz\u00e1ll\u00edtm\u00e1nyoz\u00e1s K\u00edn\u00e1b\u00f3l"}]},{"@type":"WebSite","@id":"https:\/\/adamtransport.com\/hu\/#website","url":"https:\/\/adamtransport.com\/hu\/","name":"ATS Kft.","description":"Logisztika szem\u00e9lyre szabva!","publisher":{"@id":"https:\/\/adamtransport.com\/hu\/#organization"},"potentialAction":[{"@type":"SearchAction","target":{"@type":"EntryPoint","urlTemplate":"https:\/\/adamtransport.com\/hu\/?s={search_term_string}"},"query-input":{"@type":"PropertyValueSpecification","valueRequired":true,"valueName":"search_term_string"}}],"inLanguage":"hu"},{"@type":"Organization","@id":"https:\/\/adamtransport.com\/hu\/#organization","name":"ATS Kft.","url":"https:\/\/adamtransport.com\/hu\/","logo":{"@type":"ImageObject","inLanguage":"hu","@id":"https:\/\/adamtransport.com\/hu\/#\/schema\/logo\/image\/","url":"https:\/\/adamtransport.com\/hu\/wp-content\/uploads\/2023\/12\/cropped-2024-ATS-vegleges-logo-haromszog-nelkul.png","contentUrl":"https:\/\/adamtransport.com\/hu\/wp-content\/uploads\/2023\/12\/cropped-2024-ATS-vegleges-logo-haromszog-nelkul.png","width":3916,"height":1359,"caption":"ATS Kft."},"image":{"@id":"https:\/\/adamtransport.com\/hu\/#\/schema\/logo\/image\/"}}]}},"_links":{"self":[{"href":"https:\/\/adamtransport.com\/hu\/wp-json\/wp\/v2\/pages\/2146","targetHints":{"allow":["GET"]}}],"collection":[{"href":"https:\/\/adamtransport.com\/hu\/wp-json\/wp\/v2\/pages"}],"about":[{"href":"https:\/\/adamtransport.com\/hu\/wp-json\/wp\/v2\/types\/page"}],"author":[{"embeddable":true,"href":"https:\/\/adamtransport.com\/hu\/wp-json\/wp\/v2\/users\/6"}],"replies":[{"embeddable":true,"href":"https:\/\/adamtransport.com\/hu\/wp-json\/wp\/v2\/comments?post=2146"}],"version-history":[{"count":16,"href":"https:\/\/adamtransport.com\/hu\/wp-json\/wp\/v2\/pages\/2146\/revisions"}],"predecessor-version":[{"id":2298,"href":"https:\/\/adamtransport.com\/hu\/wp-json\/wp\/v2\/pages\/2146\/revisions\/2298"}],"wp:attachment":[{"href":"https:\/\/adamtransport.com\/hu\/wp-json\/wp\/v2\/media?parent=2146"}],"curies":[{"name":"wp","href":"https:\/\/api.w.org\/{rel}","templated":true}]}}