{"id":2136,"date":"2024-11-27T14:43:57","date_gmt":"2024-11-27T14:43:57","guid":{"rendered":"https:\/\/adamtransport.com\/hu\/?page_id=2136"},"modified":"2024-11-28T09:56:03","modified_gmt":"2024-11-28T09:56:03","slug":"kozuti-szallitmanyozas","status":"publish","type":"page","link":"https:\/\/adamtransport.com\/hu\/kozuti-szallitmanyozas","title":{"rendered":"K\u00f6z\u00fati sz\u00e1ll\u00edtm\u00e1nyoz\u00e1s"},"content":{"rendered":"\t\t<div data-elementor-type=\"wp-page\" data-elementor-id=\"2136\" class=\"elementor elementor-2136\" data-elementor-post-type=\"page\">\n\t\t\t\t<div class=\"elementor-element elementor-element-37d51485 e-flex e-con-boxed e-con e-parent\" data-id=\"37d51485\" data-element_type=\"container\" data-settings=\"{&quot;background_background&quot;:&quot;classic&quot;,&quot;jet_parallax_layout_list&quot;:[]}\">\n\t\t\t\t\t<div class=\"e-con-inner\">\n\t\t<div class=\"elementor-element elementor-element-2f95e5c9 e-con-full e-flex elementor-invisible e-con e-child\" data-id=\"2f95e5c9\" data-element_type=\"container\" data-settings=\"{&quot;jet_parallax_layout_list&quot;:[],&quot;background_background&quot;:&quot;classic&quot;,&quot;animation&quot;:&quot;fadeInRight&quot;}\">\n\t\t\t\t<div class=\"elementor-element elementor-element-17cf35a3 elementor-widget elementor-widget-image\" data-id=\"17cf35a3\" data-element_type=\"widget\" data-widget_type=\"image.default\">\n\t\t\t\t<div class=\"elementor-widget-container\">\n\t\t\t\t\t\t\t\t\t\t\t\t\t\t\t<img fetchpriority=\"high\" decoding=\"async\" width=\"640\" height=\"640\" src=\"https:\/\/adamtransport.com\/hu\/wp-content\/uploads\/2023\/02\/truck2.gif\" class=\"attachment-large size-large wp-image-1628\" alt=\"\" \/>\t\t\t\t\t\t\t\t\t\t\t\t\t\t\t<\/div>\n\t\t\t\t<\/div>\n\t\t\t\t<div class=\"elementor-element elementor-element-5e2162af elementor-widget elementor-widget-text-editor\" data-id=\"5e2162af\" data-element_type=\"widget\" data-widget_type=\"text-editor.default\">\n\t\t\t\t<div class=\"elementor-widget-container\">\n\t\t\t\t\t\t\t\t\t<p>Nemzetk\u00f6zi \u00e9s belf\u00f6ldi fuvarszervez\u00e9sekben egyar\u00e1nt seg\u00edt\u00fcnk \u00fcgyfeleinknek, legyen sz\u00f3 import illetve export sz\u00e1ll\u00edt\u00e1sokr\u00f3l. Megb\u00edz\u00f3nk ig\u00e9nyei szerint, komplett (FTL) \u00e9s gy\u0171jt\u0151 (LTL) rakom\u00e1nyok fuvarszervez\u00e9s\u00e9vel is foglalkozunk.<\/p><p>Az \u00e1ru felv\u00e9tel\u00e9nek, illetve lerak\u00e1s\u00e1nak megt\u00f6rt\u00e9nt\u00e9r\u0151l folyamatosan t\u00e1j\u00e9koztatjuk megb\u00edz\u00f3inkat, illetve a sz\u00e1ll\u00edt\u00e1s sor\u00e1n is napra k\u00e9sz inform\u00e1ci\u00f3val rendelkez\u00fcnk az \u00e1ru aktu\u00e1lis holl\u00e9t\u00e9r\u0151l. K\u00f6z\u00fati sz\u00e1ll\u00edtm\u00e1nyait r\u00f6vid tranzitid\u0151vel, biztons\u00e1gban juttatjuk el rendeltet\u00e9si hely\u00fckre.<\/p>\t\t\t\t\t\t\t\t<\/div>\n\t\t\t\t<\/div>\n\t\t\t\t<\/div>\n\t\t<div class=\"elementor-element elementor-element-654c1962 e-con-full e-flex elementor-invisible e-con e-child\" data-id=\"654c1962\" data-element_type=\"container\" data-settings=\"{&quot;background_background&quot;:&quot;classic&quot;,&quot;jet_parallax_layout_list&quot;:[],&quot;animation&quot;:&quot;fadeInRight&quot;}\">\n\t\t\t\t<div class=\"elementor-element elementor-element-47ac092 elementor-widget elementor-widget-text-editor\" data-id=\"47ac092\" data-element_type=\"widget\" data-widget_type=\"text-editor.default\">\n\t\t\t\t<div class=\"elementor-widget-container\">\n\t\t\t\t\t\t\t\t\t<p><strong>K\u00f6z\u00fati sz\u00e1ll\u00edtm\u00e1nyoz\u00e1s \u2013 a rugalmas \u00e9s k\u00f6lts\u00e9ghat\u00e9kony megold\u00e1s<\/strong><\/p><p>A k\u00f6z\u00fati sz\u00e1ll\u00edtm\u00e1nyoz\u00e1s a logisztika egyik legn\u00e9pszer\u0171bb form\u00e1ja, amely gyors, megb\u00edzhat\u00f3 \u00e9s rugalmas sz\u00e1ll\u00edt\u00e1si lehet\u0151s\u00e9get biztos\u00edt. Legyen sz\u00f3 helyi \u00e1ruter\u00edt\u00e9sr\u0151l vagy nemzetk\u00f6zi sz\u00e1ll\u00edt\u00e1sr\u00f3l, a k\u00f6z\u00fati fuvaroz\u00e1s lehet\u0151v\u00e9 teszi a k\u00fcl\u00f6nb\u00f6z\u0151 t\u00edpus\u00fa \u00e1ruk, ak\u00e1r nagyobb volumen\u0171 sz\u00e1ll\u00edtm\u00e1nyok hat\u00e9kony mozgat\u00e1s\u00e1t.<\/p><p>Mi\u00e9rt v\u00e1lassza a k\u00f6z\u00fati sz\u00e1ll\u00edtm\u00e1nyoz\u00e1st?<\/p><ul><li><p><strong>Rugalmass\u00e1g:<\/strong> K\u00f6zvetlen ajt\u00f3t\u00f3l ajt\u00f3ig sz\u00e1ll\u00edt\u00e1s, minim\u00e1lis \u00e1trakod\u00e1si ig\u00e9nnyel.<\/p><\/li><li><p><strong>K\u00f6lts\u00e9ghat\u00e9konys\u00e1g:<\/strong> R\u00f6videbb t\u00e1vols\u00e1gokon a legink\u00e1bb gazdas\u00e1gos megold\u00e1s.<\/p><\/li><li><p><strong>Gyorsas\u00e1g:<\/strong> Az \u00fath\u00e1l\u00f3zat kiterjedts\u00e9ge miatt gyorsan el\u00e9rhet\u0151 c\u00e9l\u00e1llom\u00e1sok.<\/p><\/li><\/ul><p>A k\u00f6z\u00fati sz\u00e1ll\u00edtm\u00e1nyoz\u00e1s ide\u00e1lis v\u00e1laszt\u00e1s mind a kisebb c\u00e9gek, mind a nagyv\u00e1llalatok sz\u00e1m\u00e1ra, akik megb\u00edzhat\u00f3 megold\u00e1st keresnek sz\u00e1ll\u00edt\u00e1si ig\u00e9nyeikre.\u00a0<\/p><p>Tov\u00e1bbi inform\u00e1ci\u00f3\u00e9rt keressen minket bizalommal!<\/p>\t\t\t\t\t\t\t\t<\/div>\n\t\t\t\t<\/div>\n\t\t\t\t<\/div>\n\t\t\t\t\t<\/div>\n\t\t\t\t<\/div>\n\t\t\t\t<\/div>\n\t\t","protected":false},"excerpt":{"rendered":"<p>Nemzetk\u00f6zi \u00e9s belf\u00f6ldi fuvarszervez\u00e9sekben egyar\u00e1nt seg\u00edt\u00fcnk \u00fcgyfeleinknek, legyen sz\u00f3 import illetve export sz\u00e1ll\u00edt\u00e1sokr\u00f3l. Megb\u00edz\u00f3nk ig\u00e9nyei szerint, komplett (FTL) \u00e9s gy\u0171jt\u0151 (LTL) rakom\u00e1nyok fuvarszervez\u00e9s\u00e9vel is foglalkozunk. Az \u00e1ru felv\u00e9tel\u00e9nek, illetve lerak\u00e1s\u00e1nak megt\u00f6rt\u00e9nt\u00e9r\u0151l folyamatosan t\u00e1j\u00e9koztatjuk megb\u00edz\u00f3inkat, illetve a sz\u00e1ll\u00edt\u00e1s sor\u00e1n is napra k\u00e9sz inform\u00e1ci\u00f3val rendelkez\u00fcnk az \u00e1ru aktu\u00e1lis holl\u00e9t\u00e9r\u0151l. K\u00f6z\u00fati sz\u00e1ll\u00edtm\u00e1nyait r\u00f6vid tranzitid\u0151vel, biztons\u00e1gban juttatjuk el rendeltet\u00e9si [&hellip;]<\/p>\n","protected":false},"author":6,"featured_media":0,"parent":0,"menu_order":0,"comment_status":"closed","ping_status":"closed","template":"","meta":{"footnotes":""},"class_list":["post-2136","page","type-page","status-publish","hentry"],"yoast_head":"<!-- This site is optimized with the Yoast SEO plugin v25.3 - https:\/\/yoast.com\/wordpress\/plugins\/seo\/ -->\n<title>K\u00f6z\u00fati sz\u00e1ll\u00edtm\u00e1nyoz\u00e1s - ATS Kft.<\/title>\n<meta name=\"robots\" content=\"index, follow, max-snippet:-1, max-image-preview:large, max-video-preview:-1\" \/>\n<link rel=\"canonical\" href=\"https:\/\/adamtransport.com\/hu\/kozuti-szallitmanyozas\" \/>\n<meta property=\"og:locale\" content=\"hu_HU\" \/>\n<meta property=\"og:type\" content=\"article\" \/>\n<meta property=\"og:title\" content=\"K\u00f6z\u00fati sz\u00e1ll\u00edtm\u00e1nyoz\u00e1s - ATS Kft.\" \/>\n<meta property=\"og:description\" content=\"Nemzetk\u00f6zi \u00e9s belf\u00f6ldi fuvarszervez\u00e9sekben egyar\u00e1nt seg\u00edt\u00fcnk \u00fcgyfeleinknek, legyen sz\u00f3 import illetve export sz\u00e1ll\u00edt\u00e1sokr\u00f3l. Megb\u00edz\u00f3nk ig\u00e9nyei szerint, komplett (FTL) \u00e9s gy\u0171jt\u0151 (LTL) rakom\u00e1nyok fuvarszervez\u00e9s\u00e9vel is foglalkozunk. Az \u00e1ru felv\u00e9tel\u00e9nek, illetve lerak\u00e1s\u00e1nak megt\u00f6rt\u00e9nt\u00e9r\u0151l folyamatosan t\u00e1j\u00e9koztatjuk megb\u00edz\u00f3inkat, illetve a sz\u00e1ll\u00edt\u00e1s sor\u00e1n is napra k\u00e9sz inform\u00e1ci\u00f3val rendelkez\u00fcnk az \u00e1ru aktu\u00e1lis holl\u00e9t\u00e9r\u0151l. K\u00f6z\u00fati sz\u00e1ll\u00edtm\u00e1nyait r\u00f6vid tranzitid\u0151vel, biztons\u00e1gban juttatjuk el rendeltet\u00e9si [&hellip;]\" \/>\n<meta property=\"og:url\" content=\"https:\/\/adamtransport.com\/hu\/kozuti-szallitmanyozas\" \/>\n<meta property=\"og:site_name\" content=\"ATS Kft.\" \/>\n<meta property=\"article:modified_time\" content=\"2024-11-28T09:56:03+00:00\" \/>\n<meta property=\"og:image\" content=\"https:\/\/adamtransport.com\/hu\/wp-content\/uploads\/2023\/02\/truck2.gif\" \/>\n\t<meta property=\"og:image:width\" content=\"640\" \/>\n\t<meta property=\"og:image:height\" content=\"640\" \/>\n\t<meta property=\"og:image:type\" content=\"image\/gif\" \/>\n<meta name=\"twitter:card\" content=\"summary_large_image\" \/>\n<meta name=\"twitter:label1\" content=\"Becs\u00fclt olvas\u00e1si id\u0151\" \/>\n\t<meta name=\"twitter:data1\" content=\"2 perc\" \/>\n<script type=\"application\/ld+json\" class=\"yoast-schema-graph\">{\"@context\":\"https:\/\/schema.org\",\"@graph\":[{\"@type\":\"WebPage\",\"@id\":\"https:\/\/adamtransport.com\/hu\/kozuti-szallitmanyozas\",\"url\":\"https:\/\/adamtransport.com\/hu\/kozuti-szallitmanyozas\",\"name\":\"K\u00f6z\u00fati sz\u00e1ll\u00edtm\u00e1nyoz\u00e1s - ATS Kft.\",\"isPartOf\":{\"@id\":\"https:\/\/adamtransport.com\/hu\/#website\"},\"primaryImageOfPage\":{\"@id\":\"https:\/\/adamtransport.com\/hu\/kozuti-szallitmanyozas#primaryimage\"},\"image\":{\"@id\":\"https:\/\/adamtransport.com\/hu\/kozuti-szallitmanyozas#primaryimage\"},\"thumbnailUrl\":\"https:\/\/adamtransport.com\/hu\/wp-content\/uploads\/2023\/02\/truck2.gif\",\"datePublished\":\"2024-11-27T14:43:57+00:00\",\"dateModified\":\"2024-11-28T09:56:03+00:00\",\"breadcrumb\":{\"@id\":\"https:\/\/adamtransport.com\/hu\/kozuti-szallitmanyozas#breadcrumb\"},\"inLanguage\":\"hu\",\"potentialAction\":[{\"@type\":\"ReadAction\",\"target\":[\"https:\/\/adamtransport.com\/hu\/kozuti-szallitmanyozas\"]}]},{\"@type\":\"ImageObject\",\"inLanguage\":\"hu\",\"@id\":\"https:\/\/adamtransport.com\/hu\/kozuti-szallitmanyozas#primaryimage\",\"url\":\"https:\/\/adamtransport.com\/hu\/wp-content\/uploads\/2023\/02\/truck2.gif\",\"contentUrl\":\"https:\/\/adamtransport.com\/hu\/wp-content\/uploads\/2023\/02\/truck2.gif\",\"width\":640,\"height\":640},{\"@type\":\"BreadcrumbList\",\"@id\":\"https:\/\/adamtransport.com\/hu\/kozuti-szallitmanyozas#breadcrumb\",\"itemListElement\":[{\"@type\":\"ListItem\",\"position\":1,\"name\":\"Home\",\"item\":\"https:\/\/adamtransport.com\/hu\/\"},{\"@type\":\"ListItem\",\"position\":2,\"name\":\"K\u00f6z\u00fati sz\u00e1ll\u00edtm\u00e1nyoz\u00e1s\"}]},{\"@type\":\"WebSite\",\"@id\":\"https:\/\/adamtransport.com\/hu\/#website\",\"url\":\"https:\/\/adamtransport.com\/hu\/\",\"name\":\"ATS Kft.\",\"description\":\"Logisztika szem\u00e9lyre szabva!\",\"publisher\":{\"@id\":\"https:\/\/adamtransport.com\/hu\/#organization\"},\"potentialAction\":[{\"@type\":\"SearchAction\",\"target\":{\"@type\":\"EntryPoint\",\"urlTemplate\":\"https:\/\/adamtransport.com\/hu\/?s={search_term_string}\"},\"query-input\":{\"@type\":\"PropertyValueSpecification\",\"valueRequired\":true,\"valueName\":\"search_term_string\"}}],\"inLanguage\":\"hu\"},{\"@type\":\"Organization\",\"@id\":\"https:\/\/adamtransport.com\/hu\/#organization\",\"name\":\"ATS Kft.\",\"url\":\"https:\/\/adamtransport.com\/hu\/\",\"logo\":{\"@type\":\"ImageObject\",\"inLanguage\":\"hu\",\"@id\":\"https:\/\/adamtransport.com\/hu\/#\/schema\/logo\/image\/\",\"url\":\"https:\/\/adamtransport.com\/hu\/wp-content\/uploads\/2023\/12\/cropped-2024-ATS-vegleges-logo-haromszog-nelkul.png\",\"contentUrl\":\"https:\/\/adamtransport.com\/hu\/wp-content\/uploads\/2023\/12\/cropped-2024-ATS-vegleges-logo-haromszog-nelkul.png\",\"width\":3916,\"height\":1359,\"caption\":\"ATS Kft.\"},\"image\":{\"@id\":\"https:\/\/adamtransport.com\/hu\/#\/schema\/logo\/image\/\"}}]}<\/script>\n<!-- \/ Yoast SEO plugin. -->","yoast_head_json":{"title":"K\u00f6z\u00fati sz\u00e1ll\u00edtm\u00e1nyoz\u00e1s - ATS Kft.","robots":{"index":"index","follow":"follow","max-snippet":"max-snippet:-1","max-image-preview":"max-image-preview:large","max-video-preview":"max-video-preview:-1"},"canonical":"https:\/\/adamtransport.com\/hu\/kozuti-szallitmanyozas","og_locale":"hu_HU","og_type":"article","og_title":"K\u00f6z\u00fati sz\u00e1ll\u00edtm\u00e1nyoz\u00e1s - ATS Kft.","og_description":"Nemzetk\u00f6zi \u00e9s belf\u00f6ldi fuvarszervez\u00e9sekben egyar\u00e1nt seg\u00edt\u00fcnk \u00fcgyfeleinknek, legyen sz\u00f3 import illetve export sz\u00e1ll\u00edt\u00e1sokr\u00f3l. Megb\u00edz\u00f3nk ig\u00e9nyei szerint, komplett (FTL) \u00e9s gy\u0171jt\u0151 (LTL) rakom\u00e1nyok fuvarszervez\u00e9s\u00e9vel is foglalkozunk. Az \u00e1ru felv\u00e9tel\u00e9nek, illetve lerak\u00e1s\u00e1nak megt\u00f6rt\u00e9nt\u00e9r\u0151l folyamatosan t\u00e1j\u00e9koztatjuk megb\u00edz\u00f3inkat, illetve a sz\u00e1ll\u00edt\u00e1s sor\u00e1n is napra k\u00e9sz inform\u00e1ci\u00f3val rendelkez\u00fcnk az \u00e1ru aktu\u00e1lis holl\u00e9t\u00e9r\u0151l. K\u00f6z\u00fati sz\u00e1ll\u00edtm\u00e1nyait r\u00f6vid tranzitid\u0151vel, biztons\u00e1gban juttatjuk el rendeltet\u00e9si [&hellip;]","og_url":"https:\/\/adamtransport.com\/hu\/kozuti-szallitmanyozas","og_site_name":"ATS Kft.","article_modified_time":"2024-11-28T09:56:03+00:00","og_image":[{"width":640,"height":640,"url":"https:\/\/adamtransport.com\/hu\/wp-content\/uploads\/2023\/02\/truck2.gif","type":"image\/gif"}],"twitter_card":"summary_large_image","twitter_misc":{"Becs\u00fclt olvas\u00e1si id\u0151":"2 perc"},"schema":{"@context":"https:\/\/schema.org","@graph":[{"@type":"WebPage","@id":"https:\/\/adamtransport.com\/hu\/kozuti-szallitmanyozas","url":"https:\/\/adamtransport.com\/hu\/kozuti-szallitmanyozas","name":"K\u00f6z\u00fati sz\u00e1ll\u00edtm\u00e1nyoz\u00e1s - ATS Kft.","isPartOf":{"@id":"https:\/\/adamtransport.com\/hu\/#website"},"primaryImageOfPage":{"@id":"https:\/\/adamtransport.com\/hu\/kozuti-szallitmanyozas#primaryimage"},"image":{"@id":"https:\/\/adamtransport.com\/hu\/kozuti-szallitmanyozas#primaryimage"},"thumbnailUrl":"https:\/\/adamtransport.com\/hu\/wp-content\/uploads\/2023\/02\/truck2.gif","datePublished":"2024-11-27T14:43:57+00:00","dateModified":"2024-11-28T09:56:03+00:00","breadcrumb":{"@id":"https:\/\/adamtransport.com\/hu\/kozuti-szallitmanyozas#breadcrumb"},"inLanguage":"hu","potentialAction":[{"@type":"ReadAction","target":["https:\/\/adamtransport.com\/hu\/kozuti-szallitmanyozas"]}]},{"@type":"ImageObject","inLanguage":"hu","@id":"https:\/\/adamtransport.com\/hu\/kozuti-szallitmanyozas#primaryimage","url":"https:\/\/adamtransport.com\/hu\/wp-content\/uploads\/2023\/02\/truck2.gif","contentUrl":"https:\/\/adamtransport.com\/hu\/wp-content\/uploads\/2023\/02\/truck2.gif","width":640,"height":640},{"@type":"BreadcrumbList","@id":"https:\/\/adamtransport.com\/hu\/kozuti-szallitmanyozas#breadcrumb","itemListElement":[{"@type":"ListItem","position":1,"name":"Home","item":"https:\/\/adamtransport.com\/hu\/"},{"@type":"ListItem","position":2,"name":"K\u00f6z\u00fati sz\u00e1ll\u00edtm\u00e1nyoz\u00e1s"}]},{"@type":"WebSite","@id":"https:\/\/adamtransport.com\/hu\/#website","url":"https:\/\/adamtransport.com\/hu\/","name":"ATS Kft.","description":"Logisztika szem\u00e9lyre szabva!","publisher":{"@id":"https:\/\/adamtransport.com\/hu\/#organization"},"potentialAction":[{"@type":"SearchAction","target":{"@type":"EntryPoint","urlTemplate":"https:\/\/adamtransport.com\/hu\/?s={search_term_string}"},"query-input":{"@type":"PropertyValueSpecification","valueRequired":true,"valueName":"search_term_string"}}],"inLanguage":"hu"},{"@type":"Organization","@id":"https:\/\/adamtransport.com\/hu\/#organization","name":"ATS Kft.","url":"https:\/\/adamtransport.com\/hu\/","logo":{"@type":"ImageObject","inLanguage":"hu","@id":"https:\/\/adamtransport.com\/hu\/#\/schema\/logo\/image\/","url":"https:\/\/adamtransport.com\/hu\/wp-content\/uploads\/2023\/12\/cropped-2024-ATS-vegleges-logo-haromszog-nelkul.png","contentUrl":"https:\/\/adamtransport.com\/hu\/wp-content\/uploads\/2023\/12\/cropped-2024-ATS-vegleges-logo-haromszog-nelkul.png","width":3916,"height":1359,"caption":"ATS Kft."},"image":{"@id":"https:\/\/adamtransport.com\/hu\/#\/schema\/logo\/image\/"}}]}},"_links":{"self":[{"href":"https:\/\/adamtransport.com\/hu\/wp-json\/wp\/v2\/pages\/2136","targetHints":{"allow":["GET"]}}],"collection":[{"href":"https:\/\/adamtransport.com\/hu\/wp-json\/wp\/v2\/pages"}],"about":[{"href":"https:\/\/adamtransport.com\/hu\/wp-json\/wp\/v2\/types\/page"}],"author":[{"embeddable":true,"href":"https:\/\/adamtransport.com\/hu\/wp-json\/wp\/v2\/users\/6"}],"replies":[{"embeddable":true,"href":"https:\/\/adamtransport.com\/hu\/wp-json\/wp\/v2\/comments?post=2136"}],"version-history":[{"count":25,"href":"https:\/\/adamtransport.com\/hu\/wp-json\/wp\/v2\/pages\/2136\/revisions"}],"predecessor-version":[{"id":2289,"href":"https:\/\/adamtransport.com\/hu\/wp-json\/wp\/v2\/pages\/2136\/revisions\/2289"}],"wp:attachment":[{"href":"https:\/\/adamtransport.com\/hu\/wp-json\/wp\/v2\/media?parent=2136"}],"curies":[{"name":"wp","href":"https:\/\/api.w.org\/{rel}","templated":true}]}}