{"id":2117,"date":"2024-11-27T14:29:51","date_gmt":"2024-11-27T14:29:51","guid":{"rendered":"https:\/\/adamtransport.com\/hu\/?page_id=2117"},"modified":"2024-11-28T09:49:59","modified_gmt":"2024-11-28T09:49:59","slug":"tengeri-szallitmanyozas","status":"publish","type":"page","link":"https:\/\/adamtransport.com\/hu\/tengeri-szallitmanyozas","title":{"rendered":"Tengeri sz\u00e1ll\u00edtm\u00e1nyoz\u00e1s"},"content":{"rendered":"\t\t<div data-elementor-type=\"wp-page\" data-elementor-id=\"2117\" class=\"elementor elementor-2117\" data-elementor-post-type=\"page\">\n\t\t\t\t<div class=\"elementor-element elementor-element-2aa2d9d8 e-flex e-con-boxed e-con e-parent\" data-id=\"2aa2d9d8\" data-element_type=\"container\" data-settings=\"{&quot;background_background&quot;:&quot;classic&quot;,&quot;jet_parallax_layout_list&quot;:[]}\">\n\t\t\t\t\t<div class=\"e-con-inner\">\n\t\t<div class=\"elementor-element elementor-element-5d722bbe e-con-full e-flex elementor-invisible e-con e-child\" data-id=\"5d722bbe\" data-element_type=\"container\" data-settings=\"{&quot;jet_parallax_layout_list&quot;:[],&quot;background_background&quot;:&quot;classic&quot;,&quot;animation&quot;:&quot;fadeInLeft&quot;}\">\n\t\t\t\t<div class=\"elementor-element elementor-element-469786f7 elementor-widget elementor-widget-image\" data-id=\"469786f7\" data-element_type=\"widget\" data-widget_type=\"image.default\">\n\t\t\t\t<div class=\"elementor-widget-container\">\n\t\t\t\t\t\t\t\t\t\t\t\t\t\t\t<img fetchpriority=\"high\" decoding=\"async\" width=\"640\" height=\"640\" src=\"https:\/\/adamtransport.com\/hu\/wp-content\/uploads\/2023\/02\/cruise.gif\" class=\"attachment-large size-large wp-image-1486\" alt=\"\" \/>\t\t\t\t\t\t\t\t\t\t\t\t\t\t\t<\/div>\n\t\t\t\t<\/div>\n\t\t\t\t<div class=\"elementor-element elementor-element-cbdf1b7 elementor-widget elementor-widget-text-editor\" data-id=\"cbdf1b7\" data-element_type=\"widget\" data-widget_type=\"text-editor.default\">\n\t\t\t\t<div class=\"elementor-widget-container\">\n\t\t\t\t\t\t\t\t\t<p>A tengeri sz\u00e1ll\u00edtm\u00e1nyoz\u00e1s a tengerent\u00fali c\u00e9l\u00e1llom\u00e1sokon tal\u00e1lhat\u00f3 kereskedelmi partnerek k\u00f6z\u00f6tti \u00e1rumozgat\u00e1s legink\u00e1bb haszn\u00e1latos sz\u00e1ll\u00edt\u00e1si m\u00f3dja. Nagy mennyis\u00e9gi kapacit\u00e1s \u00e9s kedvez\u0151 sz\u00e1ll\u00edt\u00e1si k\u00f6lts\u00e9gek jellemzik a hely f\u00fcggv\u00e9ny\u00e9ben, 1- 2 h\u00f3napos sz\u00e1ll\u00edt\u00e1si id\u0151 mellett.<\/p><p>Abban az esetben aj\u00e1nljuk \u00fcgyfeleinknek, ha sz\u00e1ll\u00edtm\u00e1nyuk k\u00e9zbes\u00edt\u00e9se hosszabb tranzitid\u0151vel is megoldhat\u00f3.<\/p><p>Mivel \u00f3ri\u00e1si \u00e1rut\u00f6meg mozgat\u00e1s\u00e1ra k\u00e9pes, ez\u00e9rt a nagy t\u00e1vols\u00e1gok tekintet\u00e9ben alacsonyabb a fajlagos energiafelhaszn\u00e1l\u00e1s. \u00cdgy b\u00e1tran kijelenthet\u0151, hogy \u00e1r-\u00e9rt\u00e9k ar\u00e1nyban ez a legoptim\u00e1lisabb sz\u00e1ll\u00edt\u00e1si forma.<\/p><p>A k\u00fcl\u00f6nb\u00f6z\u0151 haj\u00f3s t\u00e1rsas\u00e1gok m\u00e1s-m\u00e1s szolg\u00e1ltat\u00e1st ny\u00fajtanak, melyek lehetnek direkt \u00e9s \u00e1trak\u00f3s szervizek. Az \u00e1trak\u00f3s eset\u00e9n az indul\u00f3 \u00e9s az \u00e9rkez\u0151 kik\u00f6t\u0151 k\u00f6z\u00f6tt az \u00e1ru egy k\u00f6zbens\u0151 kik\u00f6t\u0151ben \u00e1trakod\u00e1sra ker\u00fcl, ebben az esetben hosszabb tranzitid\u0151vel kell sz\u00e1molni, ellenben ez olcs\u00f3bb fuvard\u00edjat gener\u00e1l.<\/p><p>Napjaink egyik fontos kih\u00edv\u00e1sa k\u00f6rnyezet\u00fcnk k\u00edm\u00e9l\u00e9se \u00e9s meg\u00f3v\u00e1sa. Ezt figyelembe v\u00e9ve is a tengeri fuvaroz\u00e1st tartjuk a legide\u00e1lisabbnak, ugyanis mind zaj \u00e9s mind k\u00e1rosanyag-kibocs\u00e1t\u00e1sa csek\u00e9ly m\u00e9rt\u00e9k\u0171nek mondhat\u00f3 a t\u00f6bbi sz\u00e1ll\u00edtm\u00e1nyoz\u00e1si \u00e1gazathoz k\u00e9pest.\u00a0<\/p>\t\t\t\t\t\t\t\t<\/div>\n\t\t\t\t<\/div>\n\t\t\t\t<\/div>\n\t\t<div class=\"elementor-element elementor-element-77bc210 e-con-full e-flex elementor-invisible e-con e-child\" data-id=\"77bc210\" data-element_type=\"container\" data-settings=\"{&quot;background_background&quot;:&quot;classic&quot;,&quot;jet_parallax_layout_list&quot;:[],&quot;animation&quot;:&quot;fadeInRight&quot;}\">\n\t\t\t\t<div class=\"elementor-element elementor-element-10f00d05 elementor-widget elementor-widget-image-box\" data-id=\"10f00d05\" data-element_type=\"widget\" data-widget_type=\"image-box.default\">\n\t\t\t\t<div class=\"elementor-widget-container\">\n\t\t\t\t\t<div class=\"elementor-image-box-wrapper\"><div class=\"elementor-image-box-content\"><h4 class=\"elementor-image-box-title\">Teljes kont\u00e9ner (FCL \u2013 Full Container Load)<\/h4><p class=\"elementor-image-box-description\">Export \u00e9s import ir\u00e1nyba egyar\u00e1nt, minden klauz\u00e1val (pl.: EXW, FCA, FOB, DAP, stb) dolgozunk tengeri FCL sz\u00e1ll\u00edt\u00e1s tekintet\u00e9ben. B\u00e1rmely kont\u00e9ner t\u00edpust kezelj\u00fck, legyen sz\u00f3 20, 40 vagy 45 l\u00e1bas kont\u00e9nerr\u0151l. Ezen bel\u00fcl foglalkozunk h\u0171t\u0151kont\u00e9nerekkel, nyitott tetej\u0171 kont\u00e9nerekkel \u00e9s \u00f6sszecsukhat\u00f3 t\u00edpus\u00faakkal is. Sz\u00e1ll\u00edtm\u00e1nyoz\u00f3k\u00e9nt az a c\u00e9lunk, hogy \u00fcgyfeleinknek mindig t\u00f6bb lehet\u0151s\u00e9get k\u00edn\u00e1ljunk az adott rel\u00e1ci\u00f3ra, figyelembe v\u00e9ve az \u00e1ru fontoss\u00e1g\u00e1t, \u00e9rt\u00e9k\u00e9t \u00e9s biztons\u00e1g\u00e1t. K\u00f6zels\u00e9g tekintet\u00e9ben Koper, Rijeka, Pireaus, Trieste kik\u00f6t\u0151t prefer\u00e1ljuk tengeri sz\u00e1ll\u00edt\u00e1sn\u00e1l, de ig\u00e9ny szerint megoldhat\u00f3 m\u00e1s kik\u00f6t\u0151i rakod\u00e1s is (Pl.: Hamburg, Rotterdam, stb.). Sz\u00fcks\u00e9gszer\u0171en a kik\u00f6t\u0151i v\u00e1mkezel\u00e9st is meg tudjuk oldani.<\/p><\/div><\/div>\t\t\t\t<\/div>\n\t\t\t\t<\/div>\n\t\t\t\t<div class=\"elementor-element elementor-element-e4a1871 elementor-widget elementor-widget-image-box\" data-id=\"e4a1871\" data-element_type=\"widget\" data-widget_type=\"image-box.default\">\n\t\t\t\t<div class=\"elementor-widget-container\">\n\t\t\t\t\t<div class=\"elementor-image-box-wrapper\"><div class=\"elementor-image-box-content\"><h4 class=\"elementor-image-box-title\">Gy\u0171jt\u0151 sz\u00e1ll\u00edtm\u00e1ny (LCL \u2013 Less than Container Load)<\/h4><p class=\"elementor-image-box-description\">A kont\u00e9ner-kihaszn\u00e1lts\u00e1g f\u00fcggv\u00e9ny\u00e9ben megb\u00edz\u00f3ink v\u00e1laszthatnak gy\u0171jt\u0151 tengeri sz\u00e1ll\u00edt\u00e1st is, abban az esetben, amikor nincs akkora \u00e1rumennyis\u00e9g, hogy egy teljes kont\u00e9nert megt\u00f6lts\u00f6n. Ilyenkor nem gazdas\u00e1gos az FCL sz\u00e1ll\u00edt\u00e1s mellett d\u00f6nteni. A gy\u0171jt\u0151 rakom\u00e1ny fajlagos sz\u00e1ll\u00edt\u00e1si d\u00edja egy kicsivel magasabb a teljes kont\u00e9ner k\u00f6bm\u00e9ter\u00e9re visszavet\u00edtett \u00e1r\u00e1t\u00f3l. A sz\u00e1ll\u00edtm\u00e1ny t\u00e9nyleges \u00e1ruadatait figyelembe v\u00e9ve tonna vagy k\u00f6bm\u00e9ter alapj\u00e1n sz\u00e1molhat\u00f3 a fuvard\u00edj, vagyis a gyakorlatban amelyik a nagyobb \u00e9rt\u00e9k, az alapj\u00e1n alakul a sz\u00e1ll\u00edt\u00e1s \u00e1ra. \u00c1ltal\u00e1nos szab\u00e1ly, hogy tengeri gy\u0171jt\u0151\u00e1ru sz\u00e1ll\u00edt\u00e1sa eset\u00e9n 1 m\u00b3 a minimum s\u00faly\/m\u00e9ret. Amennyiben enn\u00e9l kisebb a k\u00fcldem\u00e9ny, a minimum d\u00edj ker\u00fcl felsz\u00e1m\u00edt\u00e1sra. C\u00e9g\u00fcnk egyik dinamikusan fejl\u0151d\u0151 szolg\u00e1ltat\u00e1s\u00e1nak a tengeri gy\u0171jt\u0151 \u00e1ruk sz\u00e1ll\u00edt\u00e1s\u00e1t tartja.<\/p><\/div><\/div>\t\t\t\t<\/div>\n\t\t\t\t<\/div>\n\t\t\t\t<\/div>\n\t\t\t\t\t<\/div>\n\t\t\t\t<\/div>\n\t\t\t\t<\/div>\n\t\t","protected":false},"excerpt":{"rendered":"<p>A tengeri sz\u00e1ll\u00edtm\u00e1nyoz\u00e1s a tengerent\u00fali c\u00e9l\u00e1llom\u00e1sokon tal\u00e1lhat\u00f3 kereskedelmi partnerek k\u00f6z\u00f6tti \u00e1rumozgat\u00e1s legink\u00e1bb haszn\u00e1latos sz\u00e1ll\u00edt\u00e1si m\u00f3dja. Nagy mennyis\u00e9gi kapacit\u00e1s \u00e9s kedvez\u0151 sz\u00e1ll\u00edt\u00e1si k\u00f6lts\u00e9gek jellemzik a hely f\u00fcggv\u00e9ny\u00e9ben, 1- 2 h\u00f3napos sz\u00e1ll\u00edt\u00e1si id\u0151 mellett. Abban az esetben aj\u00e1nljuk \u00fcgyfeleinknek, ha sz\u00e1ll\u00edtm\u00e1nyuk k\u00e9zbes\u00edt\u00e9se hosszabb tranzitid\u0151vel is megoldhat\u00f3. Mivel \u00f3ri\u00e1si \u00e1rut\u00f6meg mozgat\u00e1s\u00e1ra k\u00e9pes, ez\u00e9rt a nagy t\u00e1vols\u00e1gok tekintet\u00e9ben alacsonyabb [&hellip;]<\/p>\n","protected":false},"author":6,"featured_media":0,"parent":0,"menu_order":0,"comment_status":"closed","ping_status":"closed","template":"","meta":{"footnotes":""},"class_list":["post-2117","page","type-page","status-publish","hentry"],"yoast_head":"<!-- This site is optimized with the Yoast SEO plugin v25.3 - https:\/\/yoast.com\/wordpress\/plugins\/seo\/ -->\n<title>Tengeri sz\u00e1ll\u00edtm\u00e1nyoz\u00e1s - ATS Kft.<\/title>\n<meta name=\"robots\" content=\"index, follow, max-snippet:-1, max-image-preview:large, max-video-preview:-1\" \/>\n<link rel=\"canonical\" href=\"https:\/\/adamtransport.com\/hu\/tengeri-szallitmanyozas\" \/>\n<meta property=\"og:locale\" content=\"hu_HU\" \/>\n<meta property=\"og:type\" content=\"article\" \/>\n<meta property=\"og:title\" content=\"Tengeri sz\u00e1ll\u00edtm\u00e1nyoz\u00e1s - ATS Kft.\" \/>\n<meta property=\"og:description\" content=\"A tengeri sz\u00e1ll\u00edtm\u00e1nyoz\u00e1s a tengerent\u00fali c\u00e9l\u00e1llom\u00e1sokon tal\u00e1lhat\u00f3 kereskedelmi partnerek k\u00f6z\u00f6tti \u00e1rumozgat\u00e1s legink\u00e1bb haszn\u00e1latos sz\u00e1ll\u00edt\u00e1si m\u00f3dja. Nagy mennyis\u00e9gi kapacit\u00e1s \u00e9s kedvez\u0151 sz\u00e1ll\u00edt\u00e1si k\u00f6lts\u00e9gek jellemzik a hely f\u00fcggv\u00e9ny\u00e9ben, 1- 2 h\u00f3napos sz\u00e1ll\u00edt\u00e1si id\u0151 mellett. Abban az esetben aj\u00e1nljuk \u00fcgyfeleinknek, ha sz\u00e1ll\u00edtm\u00e1nyuk k\u00e9zbes\u00edt\u00e9se hosszabb tranzitid\u0151vel is megoldhat\u00f3. Mivel \u00f3ri\u00e1si \u00e1rut\u00f6meg mozgat\u00e1s\u00e1ra k\u00e9pes, ez\u00e9rt a nagy t\u00e1vols\u00e1gok tekintet\u00e9ben alacsonyabb [&hellip;]\" \/>\n<meta property=\"og:url\" content=\"https:\/\/adamtransport.com\/hu\/tengeri-szallitmanyozas\" \/>\n<meta property=\"og:site_name\" content=\"ATS Kft.\" \/>\n<meta property=\"article:modified_time\" content=\"2024-11-28T09:49:59+00:00\" \/>\n<meta property=\"og:image\" content=\"https:\/\/adamtransport.com\/hu\/wp-content\/uploads\/2023\/02\/cruise.gif\" \/>\n\t<meta property=\"og:image:width\" content=\"640\" \/>\n\t<meta property=\"og:image:height\" content=\"640\" \/>\n\t<meta property=\"og:image:type\" content=\"image\/gif\" \/>\n<meta name=\"twitter:card\" content=\"summary_large_image\" \/>\n<meta name=\"twitter:label1\" content=\"Becs\u00fclt olvas\u00e1si id\u0151\" \/>\n\t<meta name=\"twitter:data1\" content=\"3 perc\" \/>\n<script type=\"application\/ld+json\" class=\"yoast-schema-graph\">{\"@context\":\"https:\/\/schema.org\",\"@graph\":[{\"@type\":\"WebPage\",\"@id\":\"https:\/\/adamtransport.com\/hu\/tengeri-szallitmanyozas\",\"url\":\"https:\/\/adamtransport.com\/hu\/tengeri-szallitmanyozas\",\"name\":\"Tengeri sz\u00e1ll\u00edtm\u00e1nyoz\u00e1s - ATS Kft.\",\"isPartOf\":{\"@id\":\"https:\/\/adamtransport.com\/hu\/#website\"},\"primaryImageOfPage\":{\"@id\":\"https:\/\/adamtransport.com\/hu\/tengeri-szallitmanyozas#primaryimage\"},\"image\":{\"@id\":\"https:\/\/adamtransport.com\/hu\/tengeri-szallitmanyozas#primaryimage\"},\"thumbnailUrl\":\"https:\/\/adamtransport.com\/hu\/wp-content\/uploads\/2023\/02\/cruise.gif\",\"datePublished\":\"2024-11-27T14:29:51+00:00\",\"dateModified\":\"2024-11-28T09:49:59+00:00\",\"breadcrumb\":{\"@id\":\"https:\/\/adamtransport.com\/hu\/tengeri-szallitmanyozas#breadcrumb\"},\"inLanguage\":\"hu\",\"potentialAction\":[{\"@type\":\"ReadAction\",\"target\":[\"https:\/\/adamtransport.com\/hu\/tengeri-szallitmanyozas\"]}]},{\"@type\":\"ImageObject\",\"inLanguage\":\"hu\",\"@id\":\"https:\/\/adamtransport.com\/hu\/tengeri-szallitmanyozas#primaryimage\",\"url\":\"https:\/\/adamtransport.com\/hu\/wp-content\/uploads\/2023\/02\/cruise.gif\",\"contentUrl\":\"https:\/\/adamtransport.com\/hu\/wp-content\/uploads\/2023\/02\/cruise.gif\",\"width\":640,\"height\":640},{\"@type\":\"BreadcrumbList\",\"@id\":\"https:\/\/adamtransport.com\/hu\/tengeri-szallitmanyozas#breadcrumb\",\"itemListElement\":[{\"@type\":\"ListItem\",\"position\":1,\"name\":\"Home\",\"item\":\"https:\/\/adamtransport.com\/hu\/\"},{\"@type\":\"ListItem\",\"position\":2,\"name\":\"Tengeri sz\u00e1ll\u00edtm\u00e1nyoz\u00e1s\"}]},{\"@type\":\"WebSite\",\"@id\":\"https:\/\/adamtransport.com\/hu\/#website\",\"url\":\"https:\/\/adamtransport.com\/hu\/\",\"name\":\"ATS Kft.\",\"description\":\"Logisztika szem\u00e9lyre szabva!\",\"publisher\":{\"@id\":\"https:\/\/adamtransport.com\/hu\/#organization\"},\"potentialAction\":[{\"@type\":\"SearchAction\",\"target\":{\"@type\":\"EntryPoint\",\"urlTemplate\":\"https:\/\/adamtransport.com\/hu\/?s={search_term_string}\"},\"query-input\":{\"@type\":\"PropertyValueSpecification\",\"valueRequired\":true,\"valueName\":\"search_term_string\"}}],\"inLanguage\":\"hu\"},{\"@type\":\"Organization\",\"@id\":\"https:\/\/adamtransport.com\/hu\/#organization\",\"name\":\"ATS Kft.\",\"url\":\"https:\/\/adamtransport.com\/hu\/\",\"logo\":{\"@type\":\"ImageObject\",\"inLanguage\":\"hu\",\"@id\":\"https:\/\/adamtransport.com\/hu\/#\/schema\/logo\/image\/\",\"url\":\"https:\/\/adamtransport.com\/hu\/wp-content\/uploads\/2023\/12\/cropped-2024-ATS-vegleges-logo-haromszog-nelkul.png\",\"contentUrl\":\"https:\/\/adamtransport.com\/hu\/wp-content\/uploads\/2023\/12\/cropped-2024-ATS-vegleges-logo-haromszog-nelkul.png\",\"width\":3916,\"height\":1359,\"caption\":\"ATS Kft.\"},\"image\":{\"@id\":\"https:\/\/adamtransport.com\/hu\/#\/schema\/logo\/image\/\"}}]}<\/script>\n<!-- \/ Yoast SEO plugin. -->","yoast_head_json":{"title":"Tengeri sz\u00e1ll\u00edtm\u00e1nyoz\u00e1s - ATS Kft.","robots":{"index":"index","follow":"follow","max-snippet":"max-snippet:-1","max-image-preview":"max-image-preview:large","max-video-preview":"max-video-preview:-1"},"canonical":"https:\/\/adamtransport.com\/hu\/tengeri-szallitmanyozas","og_locale":"hu_HU","og_type":"article","og_title":"Tengeri sz\u00e1ll\u00edtm\u00e1nyoz\u00e1s - ATS Kft.","og_description":"A tengeri sz\u00e1ll\u00edtm\u00e1nyoz\u00e1s a tengerent\u00fali c\u00e9l\u00e1llom\u00e1sokon tal\u00e1lhat\u00f3 kereskedelmi partnerek k\u00f6z\u00f6tti \u00e1rumozgat\u00e1s legink\u00e1bb haszn\u00e1latos sz\u00e1ll\u00edt\u00e1si m\u00f3dja. Nagy mennyis\u00e9gi kapacit\u00e1s \u00e9s kedvez\u0151 sz\u00e1ll\u00edt\u00e1si k\u00f6lts\u00e9gek jellemzik a hely f\u00fcggv\u00e9ny\u00e9ben, 1- 2 h\u00f3napos sz\u00e1ll\u00edt\u00e1si id\u0151 mellett. Abban az esetben aj\u00e1nljuk \u00fcgyfeleinknek, ha sz\u00e1ll\u00edtm\u00e1nyuk k\u00e9zbes\u00edt\u00e9se hosszabb tranzitid\u0151vel is megoldhat\u00f3. Mivel \u00f3ri\u00e1si \u00e1rut\u00f6meg mozgat\u00e1s\u00e1ra k\u00e9pes, ez\u00e9rt a nagy t\u00e1vols\u00e1gok tekintet\u00e9ben alacsonyabb [&hellip;]","og_url":"https:\/\/adamtransport.com\/hu\/tengeri-szallitmanyozas","og_site_name":"ATS Kft.","article_modified_time":"2024-11-28T09:49:59+00:00","og_image":[{"width":640,"height":640,"url":"https:\/\/adamtransport.com\/hu\/wp-content\/uploads\/2023\/02\/cruise.gif","type":"image\/gif"}],"twitter_card":"summary_large_image","twitter_misc":{"Becs\u00fclt olvas\u00e1si id\u0151":"3 perc"},"schema":{"@context":"https:\/\/schema.org","@graph":[{"@type":"WebPage","@id":"https:\/\/adamtransport.com\/hu\/tengeri-szallitmanyozas","url":"https:\/\/adamtransport.com\/hu\/tengeri-szallitmanyozas","name":"Tengeri sz\u00e1ll\u00edtm\u00e1nyoz\u00e1s - ATS Kft.","isPartOf":{"@id":"https:\/\/adamtransport.com\/hu\/#website"},"primaryImageOfPage":{"@id":"https:\/\/adamtransport.com\/hu\/tengeri-szallitmanyozas#primaryimage"},"image":{"@id":"https:\/\/adamtransport.com\/hu\/tengeri-szallitmanyozas#primaryimage"},"thumbnailUrl":"https:\/\/adamtransport.com\/hu\/wp-content\/uploads\/2023\/02\/cruise.gif","datePublished":"2024-11-27T14:29:51+00:00","dateModified":"2024-11-28T09:49:59+00:00","breadcrumb":{"@id":"https:\/\/adamtransport.com\/hu\/tengeri-szallitmanyozas#breadcrumb"},"inLanguage":"hu","potentialAction":[{"@type":"ReadAction","target":["https:\/\/adamtransport.com\/hu\/tengeri-szallitmanyozas"]}]},{"@type":"ImageObject","inLanguage":"hu","@id":"https:\/\/adamtransport.com\/hu\/tengeri-szallitmanyozas#primaryimage","url":"https:\/\/adamtransport.com\/hu\/wp-content\/uploads\/2023\/02\/cruise.gif","contentUrl":"https:\/\/adamtransport.com\/hu\/wp-content\/uploads\/2023\/02\/cruise.gif","width":640,"height":640},{"@type":"BreadcrumbList","@id":"https:\/\/adamtransport.com\/hu\/tengeri-szallitmanyozas#breadcrumb","itemListElement":[{"@type":"ListItem","position":1,"name":"Home","item":"https:\/\/adamtransport.com\/hu\/"},{"@type":"ListItem","position":2,"name":"Tengeri sz\u00e1ll\u00edtm\u00e1nyoz\u00e1s"}]},{"@type":"WebSite","@id":"https:\/\/adamtransport.com\/hu\/#website","url":"https:\/\/adamtransport.com\/hu\/","name":"ATS Kft.","description":"Logisztika szem\u00e9lyre szabva!","publisher":{"@id":"https:\/\/adamtransport.com\/hu\/#organization"},"potentialAction":[{"@type":"SearchAction","target":{"@type":"EntryPoint","urlTemplate":"https:\/\/adamtransport.com\/hu\/?s={search_term_string}"},"query-input":{"@type":"PropertyValueSpecification","valueRequired":true,"valueName":"search_term_string"}}],"inLanguage":"hu"},{"@type":"Organization","@id":"https:\/\/adamtransport.com\/hu\/#organization","name":"ATS Kft.","url":"https:\/\/adamtransport.com\/hu\/","logo":{"@type":"ImageObject","inLanguage":"hu","@id":"https:\/\/adamtransport.com\/hu\/#\/schema\/logo\/image\/","url":"https:\/\/adamtransport.com\/hu\/wp-content\/uploads\/2023\/12\/cropped-2024-ATS-vegleges-logo-haromszog-nelkul.png","contentUrl":"https:\/\/adamtransport.com\/hu\/wp-content\/uploads\/2023\/12\/cropped-2024-ATS-vegleges-logo-haromszog-nelkul.png","width":3916,"height":1359,"caption":"ATS Kft."},"image":{"@id":"https:\/\/adamtransport.com\/hu\/#\/schema\/logo\/image\/"}}]}},"_links":{"self":[{"href":"https:\/\/adamtransport.com\/hu\/wp-json\/wp\/v2\/pages\/2117","targetHints":{"allow":["GET"]}}],"collection":[{"href":"https:\/\/adamtransport.com\/hu\/wp-json\/wp\/v2\/pages"}],"about":[{"href":"https:\/\/adamtransport.com\/hu\/wp-json\/wp\/v2\/types\/page"}],"author":[{"embeddable":true,"href":"https:\/\/adamtransport.com\/hu\/wp-json\/wp\/v2\/users\/6"}],"replies":[{"embeddable":true,"href":"https:\/\/adamtransport.com\/hu\/wp-json\/wp\/v2\/comments?post=2117"}],"version-history":[{"count":28,"href":"https:\/\/adamtransport.com\/hu\/wp-json\/wp\/v2\/pages\/2117\/revisions"}],"predecessor-version":[{"id":2274,"href":"https:\/\/adamtransport.com\/hu\/wp-json\/wp\/v2\/pages\/2117\/revisions\/2274"}],"wp:attachment":[{"href":"https:\/\/adamtransport.com\/hu\/wp-json\/wp\/v2\/media?parent=2117"}],"curies":[{"name":"wp","href":"https:\/\/api.w.org\/{rel}","templated":true}]}}