{"id":2105,"date":"2024-11-27T14:17:52","date_gmt":"2024-11-27T14:17:52","guid":{"rendered":"https:\/\/adamtransport.com\/hu\/?page_id=2105"},"modified":"2024-11-28T09:43:11","modified_gmt":"2024-11-28T09:43:11","slug":"legi-szallitmanyozas","status":"publish","type":"page","link":"https:\/\/adamtransport.com\/hu\/legi-szallitmanyozas","title":{"rendered":"L\u00e9gi sz\u00e1ll\u00edtm\u00e1nyoz\u00e1s"},"content":{"rendered":"\t\t<div data-elementor-type=\"wp-page\" data-elementor-id=\"2105\" class=\"elementor elementor-2105\" data-elementor-post-type=\"page\">\n\t\t\t\t<div class=\"elementor-element elementor-element-3bb2b89 e-flex e-con-boxed e-con e-parent\" data-id=\"3bb2b89\" data-element_type=\"container\" data-settings=\"{&quot;background_background&quot;:&quot;classic&quot;,&quot;jet_parallax_layout_list&quot;:[]}\">\n\t\t\t\t\t<div class=\"e-con-inner\">\n\t\t<div class=\"elementor-element elementor-element-7464a35d e-con-full e-flex elementor-invisible e-con e-child\" data-id=\"7464a35d\" data-element_type=\"container\" data-settings=\"{&quot;jet_parallax_layout_list&quot;:[],&quot;background_background&quot;:&quot;classic&quot;,&quot;animation&quot;:&quot;fadeInLeft&quot;}\">\n\t\t\t\t<div class=\"elementor-element elementor-element-101c2eaa elementor-widget elementor-widget-heading\" data-id=\"101c2eaa\" data-element_type=\"widget\" data-widget_type=\"heading.default\">\n\t\t\t\t<div class=\"elementor-widget-container\">\n\t\t\t\t\t<h2 class=\"elementor-heading-title elementor-size-default\">L\u00e9gi sz\u00e1ll\u00edtm\u00e1nyoz\u00e1s<\/h2>\t\t\t\t<\/div>\n\t\t\t\t<\/div>\n\t\t\t\t<div class=\"elementor-element elementor-element-378d78e7 elementor-widget elementor-widget-image\" data-id=\"378d78e7\" data-element_type=\"widget\" data-widget_type=\"image.default\">\n\t\t\t\t<div class=\"elementor-widget-container\">\n\t\t\t\t\t\t\t\t\t\t\t\t\t\t\t<img fetchpriority=\"high\" decoding=\"async\" width=\"640\" height=\"640\" src=\"https:\/\/adamtransport.com\/hu\/wp-content\/uploads\/2023\/02\/airplane.gif\" class=\"attachment-large size-large wp-image-1457\" alt=\"\" \/>\t\t\t\t\t\t\t\t\t\t\t\t\t\t\t<\/div>\n\t\t\t\t<\/div>\n\t\t\t\t<div class=\"elementor-element elementor-element-4afbdb34 elementor-widget elementor-widget-text-editor\" data-id=\"4afbdb34\" data-element_type=\"widget\" data-widget_type=\"text-editor.default\">\n\t\t\t\t<div class=\"elementor-widget-container\">\n\t\t\t\t\t\t\t\t\t<p><span style=\"font-size: 12pt;\">Az ATS Kft. megb\u00edzhat\u00f3 export \u2013 import l\u00e9gi sz\u00e1ll\u00edt\u00e1si megold\u00e1sokat ny\u00fajt az \u00f6sszes l\u00e9gi \u00faton sz\u00e1ll\u00edtand\u00f3 \u00e1ruhoz, az \u00fcgyf\u00e9l szem\u00e9lyes ig\u00e9nyeire szabva. C\u00e9lunk, hogy a legmagasabb min\u0151s\u00e9get ny\u00fajtva seg\u00edts\u00fcnk \u00d6nnek eljuttatni \u00e1ruj\u00e1t a vil\u00e1g b\u00e1rmely pontj\u00e1ra.<\/span><\/p><p><span style=\"font-size: 12pt;\">L\u00e9gi sz\u00e1ll\u00edtm\u00e1nyoz\u00e1st abban az esetben legoptim\u00e1lisabb v\u00e1lasztani, ha a term\u00e9k tov\u00e1bb\u00edt\u00e1sa id\u0151\u00e9rz\u00e9keny, teh\u00e1t min\u00e9l hamarabb el szeretn\u00e9nk juttatni a sz\u00e1ll\u00edtm\u00e1nyt c\u00edmzett\u00fcnkh\u00f6z.<\/span><\/p><p><span style=\"font-size: 12pt;\">Amellett, hogy gyors \u00e9s biztons\u00e1gos, az \u00fcgyfelek jobban tudnak gazd\u00e1lkodni a rakt\u00e1rk\u00e9szlet\u00fckkel. H\u00e1tr\u00e1nya a t\u00f6bbi sz\u00e1ll\u00edtm\u00e1nyoz\u00e1si m\u00f3dhoz k\u00e9pest, hogy viszonylag magasabb k\u00f6lts\u00e9gekkel kell kalkul\u00e1lni.<\/span><\/p>\t\t\t\t\t\t\t\t<\/div>\n\t\t\t\t<\/div>\n\t\t\t\t<\/div>\n\t\t<div class=\"elementor-element elementor-element-1ef7d327 e-con-full e-flex elementor-invisible e-con e-child\" data-id=\"1ef7d327\" data-element_type=\"container\" data-settings=\"{&quot;background_background&quot;:&quot;classic&quot;,&quot;jet_parallax_layout_list&quot;:[],&quot;animation&quot;:&quot;fadeInRight&quot;}\">\n\t\t\t\t<div class=\"elementor-element elementor-element-5acceb95 elementor-widget elementor-widget-image-box\" data-id=\"5acceb95\" data-element_type=\"widget\" data-widget_type=\"image-box.default\">\n\t\t\t\t<div class=\"elementor-widget-container\">\n\t\t\t\t\t<div class=\"elementor-image-box-wrapper\"><div class=\"elementor-image-box-content\"><p class=\"elementor-image-box-description\">B\u00e1r a l\u00e9gi fuvaroz\u00e1sb\u00f3l az \u00e1ruf\u00e9les\u00e9gek egy-egy kateg\u00f3ri\u00e1ja kiz\u00e1rt (p\u00e9ld\u00e1ul gy\u00fal\u00e9kony anyagok, robban\u00f3anyagok, l\u0151fegyver), egyre t\u00f6bb \u00e9s t\u00f6bb olyan \u00e1rucikk ker\u00fcl az k\u00edn\u00e1latba, melyek sz\u00e1ll\u00edt\u00e1sa csak l\u00e9gi \u00faton t\u00f6rt\u00e9nhet. Ide eml\u00edthetj\u00fck p\u00e9ldak\u00e9nt a romland\u00f3 \u00e9teleket, nagy \u00e9rt\u00e9k\u0171 port\u00e9k\u00e1kat vagy ak\u00e1r az \u00e9l\u0151 \u00e1llatokat is.\n\nA Magyarorsz\u00e1gon k\u00e9pviseltetett, \u00e9s \u00e1rufuvaroz\u00e1sra jogosult l\u00e9git\u00e1rsas\u00e1gokkal \u00fcgyn\u00f6ki min\u0151s\u00e9gben dolgozunk egy\u00fctt, \u00edgy biztos\u00edtva az \u00d6n\u00f6k sz\u00e1m\u00e1ra a legjobb \u00e1rat a vil\u00e1g minden v\u00e1ros\u00e1ba, illetve v\u00e1ros\u00e1b\u00f3l.\n\n\u00dcgyfeleink ig\u00e9ny szerint v\u00e1laszthatnak expressz \u00e9s norm\u00e1l szolg\u00e1ltat\u00e1s k\u00f6z\u00fcl egyar\u00e1nt.\n\n.<\/p><\/div><\/div>\t\t\t\t<\/div>\n\t\t\t\t<\/div>\n\t\t\t\t<div class=\"elementor-element elementor-element-3b3064f3 elementor-widget elementor-widget-image-box\" data-id=\"3b3064f3\" data-element_type=\"widget\" data-widget_type=\"image-box.default\">\n\t\t\t\t<div class=\"elementor-widget-container\">\n\t\t\t\t\t<div class=\"elementor-image-box-wrapper\"><div class=\"elementor-image-box-content\"><h4 class=\"elementor-image-box-title\">L\u00e9gi import \u00fcgyint\u00e9z\u00e9s Magyarorsz\u00e1gra<\/h4><p class=\"elementor-image-box-description\">Incoterms (parit\u00e1s) alapj\u00e1n a sz\u00e1ll\u00edt\u00e1s szervez\u00e9se indul\u00f3 gy\u00e1rt\u00f3 c\u00edm\u00e9t\u0151l Budapestig, majd a \u201erept\u00e9ren telep\u00edtett\u201d munkat\u00e1rsunk teljes k\u00f6r\u0171 \u00fcgyint\u00e9z\u00e9se \u00e9s fel\u00fcgyelete mellett v\u00e1mkezel\u00e9s \u00e9s kisz\u00e1ll\u00edt\u00e1s. K\u00e9r\u00e9s szerint sz\u00e1ll\u00edtm\u00e1nybiztos\u00edt\u00e1s megk\u00f6t\u00e9s\u00e9t is v\u00e1llaljuk kedvez\u0151 \u00e1ron.<\/p><\/div><\/div>\t\t\t\t<\/div>\n\t\t\t\t<\/div>\n\t\t\t\t<div class=\"elementor-element elementor-element-2a77515a elementor-widget elementor-widget-image-box\" data-id=\"2a77515a\" data-element_type=\"widget\" data-widget_type=\"image-box.default\">\n\t\t\t\t<div class=\"elementor-widget-container\">\n\t\t\t\t\t<div class=\"elementor-image-box-wrapper\"><div class=\"elementor-image-box-content\"><h4 class=\"elementor-image-box-title\">L\u00e9gi export a Vil\u00e1g orsz\u00e1gaiba<\/h4><p class=\"elementor-image-box-description\">\u00c1ruj\u00e1t besz\u00e1ll\u00edtjuk, k\u00e9r\u00e9s\u00e9re csomagoljuk, palett\u00e1zzuk \u00e9s v\u00e1mkezelj\u00fck. A legkedvez\u0151bb \u00e1ron lesz\u00e1ll\u00edtjuk a c\u00edmzettnek ak\u00e1r ajt\u00f3ig is helyi \u00fcgyn\u00f6keinknek k\u00f6sz\u00f6nhet\u0151en.<\/p><\/div><\/div>\t\t\t\t<\/div>\n\t\t\t\t<\/div>\n\t\t\t\t<div class=\"elementor-element elementor-element-2c05b08c elementor-mobile-align-center elementor-widget elementor-widget-button\" data-id=\"2c05b08c\" data-element_type=\"widget\" data-widget_type=\"button.default\">\n\t\t\t\t<div class=\"elementor-widget-container\">\n\t\t\t\t\t\t\t\t\t<div class=\"elementor-button-wrapper\">\n\t\t\t\t\t<a class=\"elementor-button elementor-button-link elementor-size-lg\" href=\"https:\/\/adamtransport.com\/hu\/ajanlatkeres\">\n\t\t\t\t\t\t<span class=\"elementor-button-content-wrapper\">\n\t\t\t\t\t\t\t\t\t<span class=\"elementor-button-text\">Aj\u00e1nlatk\u00e9r\u00e9s<\/span>\n\t\t\t\t\t<\/span>\n\t\t\t\t\t<\/a>\n\t\t\t\t<\/div>\n\t\t\t\t\t\t\t\t<\/div>\n\t\t\t\t<\/div>\n\t\t\t\t<\/div>\n\t\t\t\t\t<\/div>\n\t\t\t\t<\/div>\n\t\t\t\t<\/div>\n\t\t","protected":false},"excerpt":{"rendered":"<p>L\u00e9gi sz\u00e1ll\u00edtm\u00e1nyoz\u00e1s Az ATS Kft. megb\u00edzhat\u00f3 export \u2013 import l\u00e9gi sz\u00e1ll\u00edt\u00e1si megold\u00e1sokat ny\u00fajt az \u00f6sszes l\u00e9gi \u00faton sz\u00e1ll\u00edtand\u00f3 \u00e1ruhoz, az \u00fcgyf\u00e9l szem\u00e9lyes ig\u00e9nyeire szabva. C\u00e9lunk, hogy a legmagasabb min\u0151s\u00e9get ny\u00fajtva seg\u00edts\u00fcnk \u00d6nnek eljuttatni \u00e1ruj\u00e1t a vil\u00e1g b\u00e1rmely pontj\u00e1ra. L\u00e9gi sz\u00e1ll\u00edtm\u00e1nyoz\u00e1st abban az esetben legoptim\u00e1lisabb v\u00e1lasztani, ha a term\u00e9k tov\u00e1bb\u00edt\u00e1sa id\u0151\u00e9rz\u00e9keny, teh\u00e1t min\u00e9l hamarabb el szeretn\u00e9nk [&hellip;]<\/p>\n","protected":false},"author":6,"featured_media":0,"parent":0,"menu_order":0,"comment_status":"closed","ping_status":"closed","template":"","meta":{"footnotes":""},"class_list":["post-2105","page","type-page","status-publish","hentry"],"yoast_head":"<!-- This site is optimized with the Yoast SEO plugin v25.3 - https:\/\/yoast.com\/wordpress\/plugins\/seo\/ -->\n<title>L\u00e9gi sz\u00e1ll\u00edtm\u00e1nyoz\u00e1s - ATS Kft.<\/title>\n<meta name=\"robots\" content=\"index, follow, max-snippet:-1, max-image-preview:large, max-video-preview:-1\" \/>\n<link rel=\"canonical\" href=\"https:\/\/adamtransport.com\/hu\/legi-szallitmanyozas\" \/>\n<meta property=\"og:locale\" content=\"hu_HU\" \/>\n<meta property=\"og:type\" content=\"article\" \/>\n<meta property=\"og:title\" content=\"L\u00e9gi sz\u00e1ll\u00edtm\u00e1nyoz\u00e1s - ATS Kft.\" \/>\n<meta property=\"og:description\" content=\"L\u00e9gi sz\u00e1ll\u00edtm\u00e1nyoz\u00e1s Az ATS Kft. megb\u00edzhat\u00f3 export \u2013 import l\u00e9gi sz\u00e1ll\u00edt\u00e1si megold\u00e1sokat ny\u00fajt az \u00f6sszes l\u00e9gi \u00faton sz\u00e1ll\u00edtand\u00f3 \u00e1ruhoz, az \u00fcgyf\u00e9l szem\u00e9lyes ig\u00e9nyeire szabva. C\u00e9lunk, hogy a legmagasabb min\u0151s\u00e9get ny\u00fajtva seg\u00edts\u00fcnk \u00d6nnek eljuttatni \u00e1ruj\u00e1t a vil\u00e1g b\u00e1rmely pontj\u00e1ra. L\u00e9gi sz\u00e1ll\u00edtm\u00e1nyoz\u00e1st abban az esetben legoptim\u00e1lisabb v\u00e1lasztani, ha a term\u00e9k tov\u00e1bb\u00edt\u00e1sa id\u0151\u00e9rz\u00e9keny, teh\u00e1t min\u00e9l hamarabb el szeretn\u00e9nk [&hellip;]\" \/>\n<meta property=\"og:url\" content=\"https:\/\/adamtransport.com\/hu\/legi-szallitmanyozas\" \/>\n<meta property=\"og:site_name\" content=\"ATS Kft.\" \/>\n<meta property=\"article:modified_time\" content=\"2024-11-28T09:43:11+00:00\" \/>\n<meta property=\"og:image\" content=\"https:\/\/adamtransport.com\/hu\/wp-content\/uploads\/2023\/02\/airplane.gif\" \/>\n\t<meta property=\"og:image:width\" content=\"640\" \/>\n\t<meta property=\"og:image:height\" content=\"640\" \/>\n\t<meta property=\"og:image:type\" content=\"image\/gif\" \/>\n<meta name=\"twitter:card\" content=\"summary_large_image\" \/>\n<meta name=\"twitter:label1\" content=\"Becs\u00fclt olvas\u00e1si id\u0151\" \/>\n\t<meta name=\"twitter:data1\" content=\"2 perc\" \/>\n<script type=\"application\/ld+json\" class=\"yoast-schema-graph\">{\"@context\":\"https:\/\/schema.org\",\"@graph\":[{\"@type\":\"WebPage\",\"@id\":\"https:\/\/adamtransport.com\/hu\/legi-szallitmanyozas\",\"url\":\"https:\/\/adamtransport.com\/hu\/legi-szallitmanyozas\",\"name\":\"L\u00e9gi sz\u00e1ll\u00edtm\u00e1nyoz\u00e1s - ATS Kft.\",\"isPartOf\":{\"@id\":\"https:\/\/adamtransport.com\/hu\/#website\"},\"primaryImageOfPage\":{\"@id\":\"https:\/\/adamtransport.com\/hu\/legi-szallitmanyozas#primaryimage\"},\"image\":{\"@id\":\"https:\/\/adamtransport.com\/hu\/legi-szallitmanyozas#primaryimage\"},\"thumbnailUrl\":\"https:\/\/adamtransport.com\/hu\/wp-content\/uploads\/2023\/02\/airplane.gif\",\"datePublished\":\"2024-11-27T14:17:52+00:00\",\"dateModified\":\"2024-11-28T09:43:11+00:00\",\"breadcrumb\":{\"@id\":\"https:\/\/adamtransport.com\/hu\/legi-szallitmanyozas#breadcrumb\"},\"inLanguage\":\"hu\",\"potentialAction\":[{\"@type\":\"ReadAction\",\"target\":[\"https:\/\/adamtransport.com\/hu\/legi-szallitmanyozas\"]}]},{\"@type\":\"ImageObject\",\"inLanguage\":\"hu\",\"@id\":\"https:\/\/adamtransport.com\/hu\/legi-szallitmanyozas#primaryimage\",\"url\":\"https:\/\/adamtransport.com\/hu\/wp-content\/uploads\/2023\/02\/airplane.gif\",\"contentUrl\":\"https:\/\/adamtransport.com\/hu\/wp-content\/uploads\/2023\/02\/airplane.gif\",\"width\":640,\"height\":640},{\"@type\":\"BreadcrumbList\",\"@id\":\"https:\/\/adamtransport.com\/hu\/legi-szallitmanyozas#breadcrumb\",\"itemListElement\":[{\"@type\":\"ListItem\",\"position\":1,\"name\":\"Home\",\"item\":\"https:\/\/adamtransport.com\/hu\/\"},{\"@type\":\"ListItem\",\"position\":2,\"name\":\"L\u00e9gi sz\u00e1ll\u00edtm\u00e1nyoz\u00e1s\"}]},{\"@type\":\"WebSite\",\"@id\":\"https:\/\/adamtransport.com\/hu\/#website\",\"url\":\"https:\/\/adamtransport.com\/hu\/\",\"name\":\"ATS Kft.\",\"description\":\"Logisztika szem\u00e9lyre szabva!\",\"publisher\":{\"@id\":\"https:\/\/adamtransport.com\/hu\/#organization\"},\"potentialAction\":[{\"@type\":\"SearchAction\",\"target\":{\"@type\":\"EntryPoint\",\"urlTemplate\":\"https:\/\/adamtransport.com\/hu\/?s={search_term_string}\"},\"query-input\":{\"@type\":\"PropertyValueSpecification\",\"valueRequired\":true,\"valueName\":\"search_term_string\"}}],\"inLanguage\":\"hu\"},{\"@type\":\"Organization\",\"@id\":\"https:\/\/adamtransport.com\/hu\/#organization\",\"name\":\"ATS Kft.\",\"url\":\"https:\/\/adamtransport.com\/hu\/\",\"logo\":{\"@type\":\"ImageObject\",\"inLanguage\":\"hu\",\"@id\":\"https:\/\/adamtransport.com\/hu\/#\/schema\/logo\/image\/\",\"url\":\"https:\/\/adamtransport.com\/hu\/wp-content\/uploads\/2023\/12\/cropped-2024-ATS-vegleges-logo-haromszog-nelkul.png\",\"contentUrl\":\"https:\/\/adamtransport.com\/hu\/wp-content\/uploads\/2023\/12\/cropped-2024-ATS-vegleges-logo-haromszog-nelkul.png\",\"width\":3916,\"height\":1359,\"caption\":\"ATS Kft.\"},\"image\":{\"@id\":\"https:\/\/adamtransport.com\/hu\/#\/schema\/logo\/image\/\"}}]}<\/script>\n<!-- \/ Yoast SEO plugin. -->","yoast_head_json":{"title":"L\u00e9gi sz\u00e1ll\u00edtm\u00e1nyoz\u00e1s - ATS Kft.","robots":{"index":"index","follow":"follow","max-snippet":"max-snippet:-1","max-image-preview":"max-image-preview:large","max-video-preview":"max-video-preview:-1"},"canonical":"https:\/\/adamtransport.com\/hu\/legi-szallitmanyozas","og_locale":"hu_HU","og_type":"article","og_title":"L\u00e9gi sz\u00e1ll\u00edtm\u00e1nyoz\u00e1s - ATS Kft.","og_description":"L\u00e9gi sz\u00e1ll\u00edtm\u00e1nyoz\u00e1s Az ATS Kft. megb\u00edzhat\u00f3 export \u2013 import l\u00e9gi sz\u00e1ll\u00edt\u00e1si megold\u00e1sokat ny\u00fajt az \u00f6sszes l\u00e9gi \u00faton sz\u00e1ll\u00edtand\u00f3 \u00e1ruhoz, az \u00fcgyf\u00e9l szem\u00e9lyes ig\u00e9nyeire szabva. C\u00e9lunk, hogy a legmagasabb min\u0151s\u00e9get ny\u00fajtva seg\u00edts\u00fcnk \u00d6nnek eljuttatni \u00e1ruj\u00e1t a vil\u00e1g b\u00e1rmely pontj\u00e1ra. L\u00e9gi sz\u00e1ll\u00edtm\u00e1nyoz\u00e1st abban az esetben legoptim\u00e1lisabb v\u00e1lasztani, ha a term\u00e9k tov\u00e1bb\u00edt\u00e1sa id\u0151\u00e9rz\u00e9keny, teh\u00e1t min\u00e9l hamarabb el szeretn\u00e9nk [&hellip;]","og_url":"https:\/\/adamtransport.com\/hu\/legi-szallitmanyozas","og_site_name":"ATS Kft.","article_modified_time":"2024-11-28T09:43:11+00:00","og_image":[{"width":640,"height":640,"url":"https:\/\/adamtransport.com\/hu\/wp-content\/uploads\/2023\/02\/airplane.gif","type":"image\/gif"}],"twitter_card":"summary_large_image","twitter_misc":{"Becs\u00fclt olvas\u00e1si id\u0151":"2 perc"},"schema":{"@context":"https:\/\/schema.org","@graph":[{"@type":"WebPage","@id":"https:\/\/adamtransport.com\/hu\/legi-szallitmanyozas","url":"https:\/\/adamtransport.com\/hu\/legi-szallitmanyozas","name":"L\u00e9gi sz\u00e1ll\u00edtm\u00e1nyoz\u00e1s - ATS Kft.","isPartOf":{"@id":"https:\/\/adamtransport.com\/hu\/#website"},"primaryImageOfPage":{"@id":"https:\/\/adamtransport.com\/hu\/legi-szallitmanyozas#primaryimage"},"image":{"@id":"https:\/\/adamtransport.com\/hu\/legi-szallitmanyozas#primaryimage"},"thumbnailUrl":"https:\/\/adamtransport.com\/hu\/wp-content\/uploads\/2023\/02\/airplane.gif","datePublished":"2024-11-27T14:17:52+00:00","dateModified":"2024-11-28T09:43:11+00:00","breadcrumb":{"@id":"https:\/\/adamtransport.com\/hu\/legi-szallitmanyozas#breadcrumb"},"inLanguage":"hu","potentialAction":[{"@type":"ReadAction","target":["https:\/\/adamtransport.com\/hu\/legi-szallitmanyozas"]}]},{"@type":"ImageObject","inLanguage":"hu","@id":"https:\/\/adamtransport.com\/hu\/legi-szallitmanyozas#primaryimage","url":"https:\/\/adamtransport.com\/hu\/wp-content\/uploads\/2023\/02\/airplane.gif","contentUrl":"https:\/\/adamtransport.com\/hu\/wp-content\/uploads\/2023\/02\/airplane.gif","width":640,"height":640},{"@type":"BreadcrumbList","@id":"https:\/\/adamtransport.com\/hu\/legi-szallitmanyozas#breadcrumb","itemListElement":[{"@type":"ListItem","position":1,"name":"Home","item":"https:\/\/adamtransport.com\/hu\/"},{"@type":"ListItem","position":2,"name":"L\u00e9gi sz\u00e1ll\u00edtm\u00e1nyoz\u00e1s"}]},{"@type":"WebSite","@id":"https:\/\/adamtransport.com\/hu\/#website","url":"https:\/\/adamtransport.com\/hu\/","name":"ATS Kft.","description":"Logisztika szem\u00e9lyre szabva!","publisher":{"@id":"https:\/\/adamtransport.com\/hu\/#organization"},"potentialAction":[{"@type":"SearchAction","target":{"@type":"EntryPoint","urlTemplate":"https:\/\/adamtransport.com\/hu\/?s={search_term_string}"},"query-input":{"@type":"PropertyValueSpecification","valueRequired":true,"valueName":"search_term_string"}}],"inLanguage":"hu"},{"@type":"Organization","@id":"https:\/\/adamtransport.com\/hu\/#organization","name":"ATS Kft.","url":"https:\/\/adamtransport.com\/hu\/","logo":{"@type":"ImageObject","inLanguage":"hu","@id":"https:\/\/adamtransport.com\/hu\/#\/schema\/logo\/image\/","url":"https:\/\/adamtransport.com\/hu\/wp-content\/uploads\/2023\/12\/cropped-2024-ATS-vegleges-logo-haromszog-nelkul.png","contentUrl":"https:\/\/adamtransport.com\/hu\/wp-content\/uploads\/2023\/12\/cropped-2024-ATS-vegleges-logo-haromszog-nelkul.png","width":3916,"height":1359,"caption":"ATS Kft."},"image":{"@id":"https:\/\/adamtransport.com\/hu\/#\/schema\/logo\/image\/"}}]}},"_links":{"self":[{"href":"https:\/\/adamtransport.com\/hu\/wp-json\/wp\/v2\/pages\/2105","targetHints":{"allow":["GET"]}}],"collection":[{"href":"https:\/\/adamtransport.com\/hu\/wp-json\/wp\/v2\/pages"}],"about":[{"href":"https:\/\/adamtransport.com\/hu\/wp-json\/wp\/v2\/types\/page"}],"author":[{"embeddable":true,"href":"https:\/\/adamtransport.com\/hu\/wp-json\/wp\/v2\/users\/6"}],"replies":[{"embeddable":true,"href":"https:\/\/adamtransport.com\/hu\/wp-json\/wp\/v2\/comments?post=2105"}],"version-history":[{"count":15,"href":"https:\/\/adamtransport.com\/hu\/wp-json\/wp\/v2\/pages\/2105\/revisions"}],"predecessor-version":[{"id":2262,"href":"https:\/\/adamtransport.com\/hu\/wp-json\/wp\/v2\/pages\/2105\/revisions\/2262"}],"wp:attachment":[{"href":"https:\/\/adamtransport.com\/hu\/wp-json\/wp\/v2\/media?parent=2105"}],"curies":[{"name":"wp","href":"https:\/\/api.w.org\/{rel}","templated":true}]}}