{"id":1012,"date":"2022-08-26T13:26:29","date_gmt":"2022-08-26T13:26:29","guid":{"rendered":"https:\/\/adamtransport.com\/hu\/?page_id=1012"},"modified":"2023-03-20T10:24:00","modified_gmt":"2023-03-20T10:24:00","slug":"dokumentumtar","status":"publish","type":"page","link":"https:\/\/adamtransport.com\/hu\/dokumentumtar","title":{"rendered":"Dokumentumt\u00e1r"},"content":{"rendered":"\t\t<div data-elementor-type=\"wp-page\" data-elementor-id=\"1012\" class=\"elementor elementor-1012\" data-elementor-post-type=\"page\">\n\t\t\t\t<div class=\"elementor-element elementor-element-1bcdb18d e-flex e-con-boxed e-con e-parent\" data-id=\"1bcdb18d\" data-element_type=\"container\" data-settings=\"{&quot;background_background&quot;:&quot;classic&quot;,&quot;jet_parallax_layout_list&quot;:[]}\">\n\t\t\t\t\t<div class=\"e-con-inner\">\n\t\t<div class=\"elementor-element elementor-element-505ec207 e-con-full e-flex e-con e-parent\" data-id=\"505ec207\" data-element_type=\"container\" data-settings=\"{&quot;jet_parallax_layout_list&quot;:[],&quot;background_background&quot;:&quot;classic&quot;}\">\n\t\t\t\t<div class=\"elementor-element elementor-element-40e6e4e8 elementor-widget elementor-widget-heading\" data-id=\"40e6e4e8\" data-element_type=\"widget\" data-widget_type=\"heading.default\">\n\t\t\t\t<div class=\"elementor-widget-container\">\n\t\t\t\t\t<h2 class=\"elementor-heading-title elementor-size-default\">Dokumentumt\u00e1r<\/h2>\t\t\t\t<\/div>\n\t\t\t\t<\/div>\n\t\t\t\t<div class=\"elementor-element elementor-element-5b5aca35 elementor-widget elementor-widget-image\" data-id=\"5b5aca35\" data-element_type=\"widget\" data-widget_type=\"image.default\">\n\t\t\t\t<div class=\"elementor-widget-container\">\n\t\t\t\t\t\t\t\t\t\t\t\t\t\t\t<img fetchpriority=\"high\" decoding=\"async\" width=\"640\" height=\"640\" src=\"https:\/\/adamtransport.com\/hu\/wp-content\/uploads\/2023\/02\/reception.gif\" class=\"attachment-large size-large wp-image-1531\" alt=\"\" \/>\t\t\t\t\t\t\t\t\t\t\t\t\t\t\t<\/div>\n\t\t\t\t<\/div>\n\t\t\t\t<div class=\"elementor-element elementor-element-44d610e elementor-widget elementor-widget-text-editor\" data-id=\"44d610e\" data-element_type=\"widget\" data-widget_type=\"text-editor.default\">\n\t\t\t\t<div class=\"elementor-widget-container\">\n\t\t\t\t\t\t\t\t\t<table style=\"border-collapse: collapse; width: 100%;\"><tbody><tr><td style=\"width: 50%;\">Munk\u00e1nkat a Magyar \u00c1ltal\u00e1nos Sz\u00e1ll\u00edtm\u00e1nyoz\u00e1si Felt\u00e9telek ( 2014. m\u00e1jus 29-\u00e9n elfogadott sz\u00f6veg, 2017. m\u00e1jus 30-i m\u00f3dos\u00edt\u00e1sa ) alapj\u00e1n v\u00e1llaljuk \u00e9s v\u00e9gezz\u00fck<\/td><td style=\"width: 50%;\"><a href=\"https:\/\/adamtransport.com\/hu\/wp-content\/uploads\/2022\/08\/Magyar-Altalanos-Szallitmanyozasi-Feltetelek.pdf\" target=\"_blank\" rel=\"noopener\">Vonatkoz\u00f3 felt\u00e9telek r\u00e9szletesen.<\/a><\/td><\/tr><tr><td style=\"width: 50%;\">Adatv\u00e9delmi nyilatkozat<\/td><td style=\"width: 50%;\"><a href=\"https:\/\/adamtransport.com\/hu\/wp-content\/uploads\/2022\/11\/ATS-adatvedelmi-es-suti-tajekoztato.pdf\">Link<\/a><\/td><\/tr><tr><td style=\"width: 50%;\">Impresszum<\/td><td style=\"width: 50%;\"><a href=\"https:\/\/adamtransport.com\/hu\/wp-content\/uploads\/2023\/03\/IMPRESSZUM-ATS.pdf\">Link<\/a><\/td><\/tr><tr><td style=\"width: 50%;\">Hogyan v\u00e1lasszunk sz\u00e1ll\u00edtm\u00e1nyoz\u00e1si t\u00edpust a tengerent\u00falr\u00f3l?<\/td><td style=\"width: 50%;\"><a href=\"https:\/\/adamtransport.com\/hu\/hogyan-valasszunk-szallitmanyozasi-tipust-a-tengerentulrol\">Link<\/a><\/td><\/tr><\/tbody><\/table>\t\t\t\t\t\t\t\t<\/div>\n\t\t\t\t<\/div>\n\t\t\t\t<\/div>\n\t\t\t\t\t<\/div>\n\t\t\t\t<\/div>\n\t\t\t\t<\/div>\n\t\t","protected":false},"excerpt":{"rendered":"<p>Dokumentumt\u00e1r Munk\u00e1nkat a Magyar \u00c1ltal\u00e1nos Sz\u00e1ll\u00edtm\u00e1nyoz\u00e1si Felt\u00e9telek ( 2014. m\u00e1jus 29-\u00e9n elfogadott sz\u00f6veg, 2017. m\u00e1jus 30-i m\u00f3dos\u00edt\u00e1sa ) alapj\u00e1n v\u00e1llaljuk \u00e9s v\u00e9gezz\u00fck Vonatkoz\u00f3 felt\u00e9telek r\u00e9szletesen. Adatv\u00e9delmi nyilatkozat Link Impresszum Link Hogyan v\u00e1lasszunk sz\u00e1ll\u00edtm\u00e1nyoz\u00e1si t\u00edpust a tengerent\u00falr\u00f3l? Link<\/p>\n","protected":false},"author":6,"featured_media":0,"parent":0,"menu_order":0,"comment_status":"closed","ping_status":"closed","template":"","meta":{"footnotes":""},"class_list":["post-1012","page","type-page","status-publish","hentry"],"yoast_head":"<!-- This site is optimized with the Yoast SEO plugin v25.3 - https:\/\/yoast.com\/wordpress\/plugins\/seo\/ -->\n<title>Dokumentumt\u00e1r - ATS Kft.<\/title>\n<meta name=\"robots\" content=\"index, follow, max-snippet:-1, max-image-preview:large, max-video-preview:-1\" \/>\n<link rel=\"canonical\" href=\"https:\/\/adamtransport.com\/hu\/dokumentumtar\" \/>\n<meta property=\"og:locale\" content=\"hu_HU\" \/>\n<meta property=\"og:type\" content=\"article\" \/>\n<meta property=\"og:title\" content=\"Dokumentumt\u00e1r - ATS Kft.\" \/>\n<meta property=\"og:description\" content=\"Dokumentumt\u00e1r Munk\u00e1nkat a Magyar \u00c1ltal\u00e1nos Sz\u00e1ll\u00edtm\u00e1nyoz\u00e1si Felt\u00e9telek ( 2014. m\u00e1jus 29-\u00e9n elfogadott sz\u00f6veg, 2017. m\u00e1jus 30-i m\u00f3dos\u00edt\u00e1sa ) alapj\u00e1n v\u00e1llaljuk \u00e9s v\u00e9gezz\u00fck Vonatkoz\u00f3 felt\u00e9telek r\u00e9szletesen. Adatv\u00e9delmi nyilatkozat Link Impresszum Link Hogyan v\u00e1lasszunk sz\u00e1ll\u00edtm\u00e1nyoz\u00e1si t\u00edpust a tengerent\u00falr\u00f3l? Link\" \/>\n<meta property=\"og:url\" content=\"https:\/\/adamtransport.com\/hu\/dokumentumtar\" \/>\n<meta property=\"og:site_name\" content=\"ATS Kft.\" \/>\n<meta property=\"article:modified_time\" content=\"2023-03-20T10:24:00+00:00\" \/>\n<meta property=\"og:image\" content=\"https:\/\/adamtransport.com\/hu\/wp-content\/uploads\/2023\/02\/reception.gif\" \/>\n<meta name=\"twitter:card\" content=\"summary_large_image\" \/>\n<meta name=\"twitter:label1\" content=\"Becs\u00fclt olvas\u00e1si id\u0151\" \/>\n\t<meta name=\"twitter:data1\" content=\"1 perc\" \/>\n<script type=\"application\/ld+json\" class=\"yoast-schema-graph\">{\"@context\":\"https:\/\/schema.org\",\"@graph\":[{\"@type\":\"WebPage\",\"@id\":\"https:\/\/adamtransport.com\/hu\/dokumentumtar\",\"url\":\"https:\/\/adamtransport.com\/hu\/dokumentumtar\",\"name\":\"Dokumentumt\u00e1r - ATS Kft.\",\"isPartOf\":{\"@id\":\"https:\/\/adamtransport.com\/hu\/#website\"},\"primaryImageOfPage\":{\"@id\":\"https:\/\/adamtransport.com\/hu\/dokumentumtar#primaryimage\"},\"image\":{\"@id\":\"https:\/\/adamtransport.com\/hu\/dokumentumtar#primaryimage\"},\"thumbnailUrl\":\"https:\/\/adamtransport.com\/hu\/wp-content\/uploads\/2023\/02\/reception.gif\",\"datePublished\":\"2022-08-26T13:26:29+00:00\",\"dateModified\":\"2023-03-20T10:24:00+00:00\",\"breadcrumb\":{\"@id\":\"https:\/\/adamtransport.com\/hu\/dokumentumtar#breadcrumb\"},\"inLanguage\":\"hu\",\"potentialAction\":[{\"@type\":\"ReadAction\",\"target\":[\"https:\/\/adamtransport.com\/hu\/dokumentumtar\"]}]},{\"@type\":\"ImageObject\",\"inLanguage\":\"hu\",\"@id\":\"https:\/\/adamtransport.com\/hu\/dokumentumtar#primaryimage\",\"url\":\"https:\/\/adamtransport.com\/hu\/wp-content\/uploads\/2023\/02\/reception.gif\",\"contentUrl\":\"https:\/\/adamtransport.com\/hu\/wp-content\/uploads\/2023\/02\/reception.gif\",\"width\":640,\"height\":640},{\"@type\":\"BreadcrumbList\",\"@id\":\"https:\/\/adamtransport.com\/hu\/dokumentumtar#breadcrumb\",\"itemListElement\":[{\"@type\":\"ListItem\",\"position\":1,\"name\":\"Home\",\"item\":\"https:\/\/adamtransport.com\/hu\/\"},{\"@type\":\"ListItem\",\"position\":2,\"name\":\"Dokumentumt\u00e1r\"}]},{\"@type\":\"WebSite\",\"@id\":\"https:\/\/adamtransport.com\/hu\/#website\",\"url\":\"https:\/\/adamtransport.com\/hu\/\",\"name\":\"ATS Kft.\",\"description\":\"Logisztika szem\u00e9lyre szabva!\",\"publisher\":{\"@id\":\"https:\/\/adamtransport.com\/hu\/#organization\"},\"potentialAction\":[{\"@type\":\"SearchAction\",\"target\":{\"@type\":\"EntryPoint\",\"urlTemplate\":\"https:\/\/adamtransport.com\/hu\/?s={search_term_string}\"},\"query-input\":{\"@type\":\"PropertyValueSpecification\",\"valueRequired\":true,\"valueName\":\"search_term_string\"}}],\"inLanguage\":\"hu\"},{\"@type\":\"Organization\",\"@id\":\"https:\/\/adamtransport.com\/hu\/#organization\",\"name\":\"ATS Kft.\",\"url\":\"https:\/\/adamtransport.com\/hu\/\",\"logo\":{\"@type\":\"ImageObject\",\"inLanguage\":\"hu\",\"@id\":\"https:\/\/adamtransport.com\/hu\/#\/schema\/logo\/image\/\",\"url\":\"https:\/\/adamtransport.com\/hu\/wp-content\/uploads\/2023\/12\/cropped-2024-ATS-vegleges-logo-haromszog-nelkul.png\",\"contentUrl\":\"https:\/\/adamtransport.com\/hu\/wp-content\/uploads\/2023\/12\/cropped-2024-ATS-vegleges-logo-haromszog-nelkul.png\",\"width\":3916,\"height\":1359,\"caption\":\"ATS Kft.\"},\"image\":{\"@id\":\"https:\/\/adamtransport.com\/hu\/#\/schema\/logo\/image\/\"}}]}<\/script>\n<!-- \/ Yoast SEO plugin. -->","yoast_head_json":{"title":"Dokumentumt\u00e1r - ATS Kft.","robots":{"index":"index","follow":"follow","max-snippet":"max-snippet:-1","max-image-preview":"max-image-preview:large","max-video-preview":"max-video-preview:-1"},"canonical":"https:\/\/adamtransport.com\/hu\/dokumentumtar","og_locale":"hu_HU","og_type":"article","og_title":"Dokumentumt\u00e1r - ATS Kft.","og_description":"Dokumentumt\u00e1r Munk\u00e1nkat a Magyar \u00c1ltal\u00e1nos Sz\u00e1ll\u00edtm\u00e1nyoz\u00e1si Felt\u00e9telek ( 2014. m\u00e1jus 29-\u00e9n elfogadott sz\u00f6veg, 2017. m\u00e1jus 30-i m\u00f3dos\u00edt\u00e1sa ) alapj\u00e1n v\u00e1llaljuk \u00e9s v\u00e9gezz\u00fck Vonatkoz\u00f3 felt\u00e9telek r\u00e9szletesen. Adatv\u00e9delmi nyilatkozat Link Impresszum Link Hogyan v\u00e1lasszunk sz\u00e1ll\u00edtm\u00e1nyoz\u00e1si t\u00edpust a tengerent\u00falr\u00f3l? Link","og_url":"https:\/\/adamtransport.com\/hu\/dokumentumtar","og_site_name":"ATS Kft.","article_modified_time":"2023-03-20T10:24:00+00:00","og_image":[{"url":"https:\/\/adamtransport.com\/hu\/wp-content\/uploads\/2023\/02\/reception.gif","type":"","width":"","height":""}],"twitter_card":"summary_large_image","twitter_misc":{"Becs\u00fclt olvas\u00e1si id\u0151":"1 perc"},"schema":{"@context":"https:\/\/schema.org","@graph":[{"@type":"WebPage","@id":"https:\/\/adamtransport.com\/hu\/dokumentumtar","url":"https:\/\/adamtransport.com\/hu\/dokumentumtar","name":"Dokumentumt\u00e1r - ATS Kft.","isPartOf":{"@id":"https:\/\/adamtransport.com\/hu\/#website"},"primaryImageOfPage":{"@id":"https:\/\/adamtransport.com\/hu\/dokumentumtar#primaryimage"},"image":{"@id":"https:\/\/adamtransport.com\/hu\/dokumentumtar#primaryimage"},"thumbnailUrl":"https:\/\/adamtransport.com\/hu\/wp-content\/uploads\/2023\/02\/reception.gif","datePublished":"2022-08-26T13:26:29+00:00","dateModified":"2023-03-20T10:24:00+00:00","breadcrumb":{"@id":"https:\/\/adamtransport.com\/hu\/dokumentumtar#breadcrumb"},"inLanguage":"hu","potentialAction":[{"@type":"ReadAction","target":["https:\/\/adamtransport.com\/hu\/dokumentumtar"]}]},{"@type":"ImageObject","inLanguage":"hu","@id":"https:\/\/adamtransport.com\/hu\/dokumentumtar#primaryimage","url":"https:\/\/adamtransport.com\/hu\/wp-content\/uploads\/2023\/02\/reception.gif","contentUrl":"https:\/\/adamtransport.com\/hu\/wp-content\/uploads\/2023\/02\/reception.gif","width":640,"height":640},{"@type":"BreadcrumbList","@id":"https:\/\/adamtransport.com\/hu\/dokumentumtar#breadcrumb","itemListElement":[{"@type":"ListItem","position":1,"name":"Home","item":"https:\/\/adamtransport.com\/hu\/"},{"@type":"ListItem","position":2,"name":"Dokumentumt\u00e1r"}]},{"@type":"WebSite","@id":"https:\/\/adamtransport.com\/hu\/#website","url":"https:\/\/adamtransport.com\/hu\/","name":"ATS Kft.","description":"Logisztika szem\u00e9lyre szabva!","publisher":{"@id":"https:\/\/adamtransport.com\/hu\/#organization"},"potentialAction":[{"@type":"SearchAction","target":{"@type":"EntryPoint","urlTemplate":"https:\/\/adamtransport.com\/hu\/?s={search_term_string}"},"query-input":{"@type":"PropertyValueSpecification","valueRequired":true,"valueName":"search_term_string"}}],"inLanguage":"hu"},{"@type":"Organization","@id":"https:\/\/adamtransport.com\/hu\/#organization","name":"ATS Kft.","url":"https:\/\/adamtransport.com\/hu\/","logo":{"@type":"ImageObject","inLanguage":"hu","@id":"https:\/\/adamtransport.com\/hu\/#\/schema\/logo\/image\/","url":"https:\/\/adamtransport.com\/hu\/wp-content\/uploads\/2023\/12\/cropped-2024-ATS-vegleges-logo-haromszog-nelkul.png","contentUrl":"https:\/\/adamtransport.com\/hu\/wp-content\/uploads\/2023\/12\/cropped-2024-ATS-vegleges-logo-haromszog-nelkul.png","width":3916,"height":1359,"caption":"ATS Kft."},"image":{"@id":"https:\/\/adamtransport.com\/hu\/#\/schema\/logo\/image\/"}}]}},"_links":{"self":[{"href":"https:\/\/adamtransport.com\/hu\/wp-json\/wp\/v2\/pages\/1012","targetHints":{"allow":["GET"]}}],"collection":[{"href":"https:\/\/adamtransport.com\/hu\/wp-json\/wp\/v2\/pages"}],"about":[{"href":"https:\/\/adamtransport.com\/hu\/wp-json\/wp\/v2\/types\/page"}],"author":[{"embeddable":true,"href":"https:\/\/adamtransport.com\/hu\/wp-json\/wp\/v2\/users\/6"}],"replies":[{"embeddable":true,"href":"https:\/\/adamtransport.com\/hu\/wp-json\/wp\/v2\/comments?post=1012"}],"version-history":[{"count":23,"href":"https:\/\/adamtransport.com\/hu\/wp-json\/wp\/v2\/pages\/1012\/revisions"}],"predecessor-version":[{"id":2024,"href":"https:\/\/adamtransport.com\/hu\/wp-json\/wp\/v2\/pages\/1012\/revisions\/2024"}],"wp:attachment":[{"href":"https:\/\/adamtransport.com\/hu\/wp-json\/wp\/v2\/media?parent=1012"}],"curies":[{"name":"wp","href":"https:\/\/api.w.org\/{rel}","templated":true}]}}